{"id":13699,"date":"2025-10-10T23:10:48","date_gmt":"2025-10-10T16:10:48","guid":{"rendered":"https:\/\/haypee.com\/?page_id=13699"},"modified":"2025-10-10T23:36:53","modified_gmt":"2025-10-10T16:36:53","slug":"ansvarsfriskrivning","status":"publish","type":"page","link":"https:\/\/haypee.com\/sv\/ansvarsfriskrivning\/","title":{"rendered":"Ansvarsfriskrivning"},"content":{"rendered":"<p>[et_pb_section admin_label=&#8221;section&#8221;]<br \/>\n\t\t\t[et_pb_row admin_label=&#8221;row&#8221;]<br \/>\n\t\t\t\t[et_pb_column type=&#8221;4_4&#8243;][et_pb_text admin_label=&#8221;Text&#8221;]<\/p>\n<div><a href=\"https:\/\/haypee.com\/\" target=\"_blank\" rel=\"nofollow noreferrer noopener\">Haypee.com<\/a>\u00a0\u00e4r en informationswebbplats som riktar sig till bes\u00f6kare i l\u00e4nder d\u00e4r snus \u00e4r lagligt att marknadsf\u00f6ra och anv\u00e4nda. Webbplatsen bedriver\u00a0<strong>ingen f\u00f6rs\u00e4ljning<\/strong>, direkt eller indirekt, av snus eller nikotinprodukter.<\/div>\n<div><a href=\"https:\/\/haypee.com\/\" target=\"_blank\" rel=\"nofollow noreferrer noopener\">Haypee.com<\/a>\u00a0\u00e4r\u00a0<strong>inte kopplad till n\u00e5gon verksamhet i Thailand<\/strong>\u00a0och har inget samr\u00f6re med Haypee (S.P.) eller annan lokal akt\u00f6r. Produkterna som visas h\u00e4r s\u00e4ljs inte genom denna webbplats, och inga best\u00e4llningar behandlas.<\/div>\n<div>Informationen p\u00e5 sidan \u00e4r inte avsedd som marknadsf\u00f6ring i jurisdiktioner d\u00e4r detta \u00e4r f\u00f6rbjudet. Bes\u00f6kare i Thailand eller andra l\u00e4nder d\u00e4r snus omfattas av restriktioner ombeds att l\u00e4mna sidan.<\/div>\n<p>[\/et_pb_text][\/et_pb_column]<br \/>\n\t\t\t[\/et_pb_row]<br \/>\n\t\t[\/et_pb_section]<\/p>\n","protected":false},"excerpt":{"rendered":"<p>Haypee.com\u00a0\u00e4r en informationswebbplats som riktar sig till bes\u00f6kare i l\u00e4nder d\u00e4r snus \u00e4r lagligt att marknadsf\u00f6ra och anv\u00e4nda. Webbplatsen bedriver\u00a0ingen f\u00f6rs\u00e4ljning, direkt eller indirekt, av snus eller nikotinprodukter. Haypee.com\u00a0\u00e4r\u00a0inte kopplad till n\u00e5gon verksamhet i Thailand\u00a0och har inget samr\u00f6re med Haypee (S.P.) eller annan lokal akt\u00f6r. Produkterna som visas h\u00e4r s\u00e4ljs inte genom denna webbplats, och [&hellip;]<\/p>\n","protected":false},"author":258,"featured_media":0,"parent":0,"menu_order":0,"comment_status":"closed","ping_status":"closed","template":"","meta":{"_et_pb_use_builder":"on","_et_pb_old_content":"<div><a href=\"http:\/\/haypee.com\/\" target=\"_blank\" rel=\"nofollow noreferrer noopener\">Haypee.com<\/a>\u00a0\u00e4r en informationswebbplats som riktar sig till bes\u00f6kare i l\u00e4nder d\u00e4r snus \u00e4r lagligt att marknadsf\u00f6ra och anv\u00e4nda. Webbplatsen bedriver\u00a0<strong>ingen f\u00f6rs\u00e4ljning<\/strong>, direkt eller indirekt, av snus eller nikotinprodukter.<\/div>\r\n<div><a href=\"http:\/\/haypee.com\/\" target=\"_blank\" rel=\"nofollow noreferrer noopener\">Haypee.com<\/a>\u00a0\u00e4r\u00a0<strong>inte kopplad till n\u00e5gon verksamhet i Thailand<\/strong>\u00a0och har inget samr\u00f6re med Haypee (S.P.) eller annan lokal akt\u00f6r. Produkterna som visas h\u00e4r s\u00e4ljs inte genom denna webbplats, och inga best\u00e4llningar behandlas.<\/div>\r\n<div>Informationen p\u00e5 sidan \u00e4r inte avsedd som marknadsf\u00f6ring i jurisdiktioner d\u00e4r detta \u00e4r f\u00f6rbjudet. Bes\u00f6kare i Thailand eller andra l\u00e4nder d\u00e4r snus omfattas av restriktioner ombeds att l\u00e4mna sidan.<\/div>","_et_gb_content_width":"","_themeisle_gutenberg_block_has_review":false,"footnotes":""},"class_list":["post-13699","page","type-page","status-publish","hentry"],"_links":{"self":[{"href":"https:\/\/haypee.com\/sv\/wp-json\/wp\/v2\/pages\/13699","targetHints":{"allow":["GET"]}}],"collection":[{"href":"https:\/\/haypee.com\/sv\/wp-json\/wp\/v2\/pages"}],"about":[{"href":"https:\/\/haypee.com\/sv\/wp-json\/wp\/v2\/types\/page"}],"author":[{"embeddable":true,"href":"https:\/\/haypee.com\/sv\/wp-json\/wp\/v2\/users\/258"}],"replies":[{"embeddable":true,"href":"https:\/\/haypee.com\/sv\/wp-json\/wp\/v2\/comments?post=13699"}],"version-history":[{"count":0,"href":"https:\/\/haypee.com\/sv\/wp-json\/wp\/v2\/pages\/13699\/revisions"}],"wp:attachment":[{"href":"https:\/\/haypee.com\/sv\/wp-json\/wp\/v2\/media?parent=13699"}],"curies":[{"name":"wp","href":"https:\/\/api.w.org\/{rel}","templated":true}]}}