{"id":577,"date":"2023-11-27T03:38:23","date_gmt":"2023-11-26T20:38:23","guid":{"rendered":"https:\/\/haypee.com\/what-is-swedish-snus\/"},"modified":"2024-02-26T06:31:58","modified_gmt":"2024-02-26T06:31:58","slug":"vad-ar-svenskt-snus","status":"publish","type":"page","link":"https:\/\/haypee.com\/sv\/vad-ar-svenskt-snus\/","title":{"rendered":"Vad \u00e4r svenskt snus?"},"content":{"rendered":"<p>[et_pb_section fb_built=&#8221;1&#8243; custom_padding_last_edited=&#8221;on|phone&#8221; _builder_version=&#8221;4.23.1&#8243; _module_preset=&#8221;default&#8221; custom_padding=&#8221;80px||||false|false&#8221; custom_padding_tablet=&#8221;60px||||false|false&#8221; custom_padding_phone=&#8221;40px||||false|false&#8221; global_colors_info=&#8221;{}&#8221;][et_pb_row _builder_version=&#8221;4.24.2&#8243; _module_preset=&#8221;default&#8221; hover_enabled=&#8221;0&#8243; global_colors_info=&#8221;{}&#8221; custom_padding=&#8221;0px||||false|false&#8221; width_last_edited=&#8221;on|tablet&#8221; width_tablet=&#8221;90%&#8221; sticky_enabled=&#8221;0&#8243; width_phone=&#8221;90%&#8221;][et_pb_column type=&#8221;4_4&#8243; _builder_version=&#8221;4.23.1&#8243; _module_preset=&#8221;default&#8221; global_colors_info=&#8221;{}&#8221;][et_pb_text content_tablet=&#8221;<\/p>\n<h1>Detta \u00e4r Svenskt Snus<\/h1>\n<p>&#8221; content_phone=&#8221;<\/p>\n<h1>Detta \u00e4r<br \/>\nSvenskt Snus<\/h1>\n<p>&#8221; content_last_edited=&#8221;on|tablet&#8221; _builder_version=&#8221;4.24.0&#8243; _module_preset=&#8221;default&#8221; header_text_align=&#8221;left&#8221; header_text_color=&#8221;#3C486B&#8221; header_font_size=&#8221;60px&#8221; header_font_size_tablet=&#8221;48px&#8221; header_font_size_phone=&#8221;32px&#8221; header_font_size_last_edited=&#8221;on|phone&#8221; global_colors_info=&#8221;{}&#8221;]<\/p>\n<h1>Detta \u00e4r Svenskt Snus<\/h1>\n<p>[\/et_pb_text][\/et_pb_column][\/et_pb_row][et_pb_row column_structure=&#8221;1_2,1_2&#8243; _builder_version=&#8221;4.24.2&#8243; _module_preset=&#8221;default&#8221; custom_padding=&#8221;0px||||false|false&#8221; hover_enabled=&#8221;0&#8243; global_colors_info=&#8221;{}&#8221; width_last_edited=&#8221;on|tablet&#8221; width_tablet=&#8221;90%&#8221; sticky_enabled=&#8221;0&#8243; width_phone=&#8221;90%&#8221;][et_pb_column type=&#8221;1_2&#8243; _builder_version=&#8221;4.23.1&#8243; _module_preset=&#8221;default&#8221; global_colors_info=&#8221;{}&#8221;][et_pb_text _builder_version=&#8221;4.23.1&#8243; _module_preset=&#8221;default&#8221; global_colors_info=&#8221;{}&#8221;]<\/p>\n<p><strong>Svenskt snus \u00e4r en traditionell skandinavisk tobaksprodukt som har anv\u00e4nts som ett alternativ till tobaksr\u00f6kning sedan 1700-talet.\u00a0<\/strong><\/p>\n<p><b>Modernt snus \u00e4r, f\u00f6renklat uttryckt,\u00a0<\/b><b>torkad tobak som\u00a0<\/b><b>past\u00f6riserats och gjorts basiskt f\u00f6r att underl\u00e4tta frig\u00f6randet av nikotin. <\/b><\/p>\n<p><b>Ofta har snuset ocks\u00e5\u00a0<\/b><b>smaksatts\u00a0<\/b><b>med naturliga aromer innan det\u00a0<\/b><b>f\u00f6rpackas<span>\u00a0<\/span><\/b><b>i sm\u00e5 portionsp\u00e5sar. <\/b><\/p>\n<p><b>Genom att placera snuset under l\u00e4ppen frig\u00f6rs sedan nikotinet som f\u00e5ngas upp av munnens slemhinnor och d\u00e4refter f\u00f6rs ut i blodomloppet.<\/b><\/p>\n<p>[\/et_pb_text][\/et_pb_column][et_pb_column type=&#8221;1_2&#8243; _builder_version=&#8221;4.23.1&#8243; _module_preset=&#8221;default&#8221; global_colors_info=&#8221;{}&#8221;][et_pb_text _builder_version=&#8221;4.23.1&#8243; _module_preset=&#8221;default&#8221; global_colors_info=&#8221;{}&#8221;]<\/p>\n<p>Vanligtvis anv\u00e4nds snus genom att man placerar det under \u00f6verl\u00e4ppen. Det fungerar dock precis lika bra att l\u00e4gga sitt snus intill underl\u00e4ppen, om man s\u00e5 f\u00f6redrar, och m\u00e5nga snusare v\u00e4ljer d\u00e4rf\u00f6r att variera sig.<\/p>\n<p>N\u00e4r man k\u00e4nner sig n\u00f6jd med sitt snus plockar man helt enkelt ut snuset ur munnen och f\u00f6rpassar den f\u00f6rbrukade prillan till papperskorgen. Beroende p\u00e5 hur van man \u00e4r att snusa och individuell nikotintolerans varierar det hur l\u00e4nge man vill beh\u00e5lla sitt snus i munnen.<\/p>\n<p>Det finns inget r\u00e4tt eller fel. Vissa tar ut den efter ett par minuter, andra kan beh\u00e5lla den i munnen i n\u00e5gon timma.<\/p>\n<p>[\/et_pb_text][\/et_pb_column][\/et_pb_row][et_pb_row _builder_version=&#8221;4.23.1&#8243; _module_preset=&#8221;default&#8221; global_colors_info=&#8221;{}&#8221; width_tablet=&#8221;90%&#8221; width_last_edited=&#8221;on|tablet&#8221; width_phone=&#8221;90%&#8221;][et_pb_column type=&#8221;4_4&#8243; _builder_version=&#8221;4.23.1&#8243; _module_preset=&#8221;default&#8221; global_colors_info=&#8221;{}&#8221;][et_pb_image src=&#8221;https:\/\/haypee.com\/wp-content\/uploads\/2023\/11\/Article_Snus_User_1000.jpg&#8221; title_text=&#8221;Article_Snus_User_1000&#8243; show_bottom_space=&#8221;off&#8221; align=&#8221;center&#8221; force_fullwidth=&#8221;on&#8221; _builder_version=&#8221;4.23.1&#8243; _module_preset=&#8221;default&#8221; box_shadow_style=&#8221;preset1&#8243; box_shadow_color=&#8221;#e2e2e2&#8243; global_colors_info=&#8221;{}&#8221;][\/et_pb_image][et_pb_text _builder_version=&#8221;4.23.1&#8243; _module_preset=&#8221;default&#8221; text_font_size=&#8221;15px&#8221; text_line_height=&#8221;1.5em&#8221; custom_padding=&#8221;10px||||false|false&#8221; global_colors_info=&#8221;{}&#8221;]Snuset placeras under l\u00e4ppen, varp\u00e5 nikotinet sedan frig\u00f6rs.[\/et_pb_text][\/et_pb_column][\/et_pb_row][\/et_pb_section][et_pb_section fb_built=&#8221;1&#8243; custom_padding_last_edited=&#8221;on|phone&#8221; _builder_version=&#8221;4.23.1&#8243; _module_preset=&#8221;default&#8221; background_color=&#8221;#F0F0F0&#8243; custom_padding=&#8221;80px||||false|false&#8221; custom_padding_tablet=&#8221;60px||||false|false&#8221; custom_padding_phone=&#8221;40px||||false|false&#8221; global_colors_info=&#8221;{}&#8221;][et_pb_row column_structure=&#8221;1_2,1_2&#8243; _builder_version=&#8221;4.23.1&#8243; _module_preset=&#8221;default&#8221; custom_padding=&#8221;0px||||false|false&#8221; global_colors_info=&#8221;{}&#8221; width_tablet=&#8221;90%&#8221; width_last_edited=&#8221;on|tablet&#8221; width_phone=&#8221;90%&#8221;][et_pb_column type=&#8221;1_2&#8243; _builder_version=&#8221;4.23.1&#8243; _module_preset=&#8221;default&#8221; global_colors_info=&#8221;{}&#8221;][et_pb_text _builder_version=&#8221;4.23.1&#8243; _module_preset=&#8221;default&#8221; global_colors_info=&#8221;{}&#8221;]<\/p>\n<p>Nikotinet i snus absorberas relativt snabbt under ca. 10 minuter, varefter nikotinupptaget gradvis avtar.<\/p>\n<p>Det frig\u00f6rs bland annat med hj\u00e4lp av munnens saliv och ungef\u00e4r 10-20% av nikotinet absorberas genom munnens slemhinnor, varp\u00e5 det tar sig direkt ut i blodomloppet.\u00a0<\/p>\n<p>[\/et_pb_text][\/et_pb_column][et_pb_column type=&#8221;1_2&#8243; _builder_version=&#8221;4.23.1&#8243; _module_preset=&#8221;default&#8221; global_colors_info=&#8221;{}&#8221;][et_pb_text _builder_version=&#8221;4.23.1&#8243; _module_preset=&#8221;default&#8221; global_colors_info=&#8221;{}&#8221;]Till skillnad ifr\u00e5n tobaksr\u00f6kning, d\u00e4r nikotinet direkt absorberas genom lungorna via den skadliga r\u00f6ken och upph\u00f6r s\u00e5 snart man sl\u00e4ckt cigaretten, s\u00e5 forts\u00e4tter nikotinet vid snusning att absorberas p\u00e5 en of\u00f6r\u00e4ndrad niv\u00e5 \u00e4ven efter att man tagit ut sitt snus. I motsats till cigarettr\u00f6kare beh\u00f6ver snusare d\u00e4rf\u00f6r inte heller kompensera sitt nikotinintag vid en s\u00e4nkning av snusets nikotinhalt.\u00a0<a href=\"https:\/\/haypee.com\/sv\/snus-och-halsa\/\">L\u00e4s mer om tobaksr\u00f6kning och h\u00e4lsa h\u00e4r<\/a>.[\/et_pb_text][\/et_pb_column][\/et_pb_row][et_pb_row _builder_version=&#8221;4.23.1&#8243; _module_preset=&#8221;default&#8221; global_colors_info=&#8221;{}&#8221; width_tablet=&#8221;90%&#8221; width_last_edited=&#8221;on|tablet&#8221; width_phone=&#8221;90%&#8221;][et_pb_column type=&#8221;4_4&#8243; _builder_version=&#8221;4.23.1&#8243; _module_preset=&#8221;default&#8221; global_colors_info=&#8221;{}&#8221;][et_pb_image src=&#8221;https:\/\/haypee.com\/wp-content\/uploads\/2023\/11\/Article_Stop_Smoking_1000.jpg&#8221; title_text=&#8221;Article_Stop_Smoking_1000&#8243; show_bottom_space=&#8221;off&#8221; align=&#8221;center&#8221; force_fullwidth=&#8221;on&#8221; _builder_version=&#8221;4.23.1&#8243; _module_preset=&#8221;default&#8221; box_shadow_style=&#8221;preset1&#8243; box_shadow_color=&#8221;#e2e2e2&#8243; global_colors_info=&#8221;{}&#8221;][\/et_pb_image][et_pb_text _builder_version=&#8221;4.23.1&#8243; _module_preset=&#8221;default&#8221; text_font_size=&#8221;15px&#8221; text_line_height=&#8221;1.5em&#8221; custom_padding=&#8221;10px||||false|false&#8221; global_colors_info=&#8221;{}&#8221;]Vid tobaksr\u00f6kning absorberas nikotinet i lungorna via den skadliga r\u00f6ken.[\/et_pb_text][\/et_pb_column][\/et_pb_row][\/et_pb_section][et_pb_section fb_built=&#8221;1&#8243; custom_padding_last_edited=&#8221;on|phone&#8221; _builder_version=&#8221;4.23.1&#8243; _module_preset=&#8221;default&#8221; background_color=&#8221;#FFFFFF&#8221; custom_padding=&#8221;80px||||false|false&#8221; custom_padding_tablet=&#8221;60px||||false|false&#8221; custom_padding_phone=&#8221;40px||||false|false&#8221; global_colors_info=&#8221;{}&#8221;][et_pb_row _builder_version=&#8221;4.23.1&#8243; _module_preset=&#8221;default&#8221; global_colors_info=&#8221;{}&#8221; width_tablet=&#8221;90%&#8221; width_last_edited=&#8221;on|tablet&#8221; width_phone=&#8221;90%&#8221;][et_pb_column type=&#8221;4_4&#8243; _builder_version=&#8221;4.23.1&#8243; _module_preset=&#8221;default&#8221; global_colors_info=&#8221;{}&#8221;][et_pb_image src=&#8221;https:\/\/haypee.com\/wp-content\/uploads\/2023\/11\/Article_What_Is_Snus_1000x400_ENG.jpg&#8221; title_text=&#8221;Article_What_Is_Snus_1000x400_ENG&#8221; show_bottom_space=&#8221;off&#8221; align=&#8221;center&#8221; _builder_version=&#8221;4.23.1&#8243; _module_preset=&#8221;default&#8221; global_colors_info=&#8221;{}&#8221;][\/et_pb_image][\/et_pb_column][\/et_pb_row][et_pb_row column_structure=&#8221;1_2,1_2&#8243; _builder_version=&#8221;4.23.1&#8243; _module_preset=&#8221;default&#8221; custom_padding=&#8221;0px||||false|false&#8221; global_colors_info=&#8221;{}&#8221; width_tablet=&#8221;90%&#8221; width_last_edited=&#8221;on|tablet&#8221; width_phone=&#8221;90%&#8221;][et_pb_column type=&#8221;1_2&#8243; _builder_version=&#8221;4.23.1&#8243; _module_preset=&#8221;default&#8221; global_colors_info=&#8221;{}&#8221;][et_pb_text _builder_version=&#8221;4.23.1&#8243; _module_preset=&#8221;default&#8221; global_colors_info=&#8221;{}&#8221;]<\/p>\n<p>Svenskt snus best\u00e5r i grunden av torkad tobak som f\u00f6rst mals ner, past\u00f6riseras (v\u00e4rmebehandlas) tillsammans med salter och vatten, g\u00f6rs basiskt med hj\u00e4lp av soda, och d\u00e4refter smaks\u00e4tts med naturliga r\u00e5varor eller aromer. Det som verkligen g\u00f6r svenskt snus s\u00e5 unikt \u00e4r att past\u00f6riseringsprocessen medf\u00f6r att halterna av den fr\u00e4msta gruppen av cancerframkallande \u00e4mnen i tobak, s\u00e5 kallade Tobaksspecifika Nitrosaminer (TSNA), minskar dramatiskt.<\/p>\n<p>[\/et_pb_text][\/et_pb_column][et_pb_column type=&#8221;1_2&#8243; _builder_version=&#8221;4.23.1&#8243; _module_preset=&#8221;default&#8221; global_colors_info=&#8221;{}&#8221;][et_pb_text _builder_version=&#8221;4.23.1&#8243; _module_preset=&#8221;default&#8221; global_colors_info=&#8221;{}&#8221;]Detta g\u00f6r att svenskt snus verkligen s\u00e4rskiljer ifr\u00e5n n\u00e4stan alla andra orala tobaksprodukter. Idag finns det fler snusare \u00e4n r\u00f6kare i Skandinavien. Vetenskapliga studier visar \u00e4ven att snus har m\u00e5nga positiva f\u00f6rdelar f\u00f6r folkh\u00e4lsan, eftersom det inte finns n\u00e5gon medicinsk evidens mellan snusanv\u00e4ndning och n\u00e5gon form av cancer eller hj\u00e4rt- och k\u00e4rlsjukdomar.<\/p>\n<p><a href=\"https:\/\/haypee.com\/sv\/snus-och-halsa\/\">L\u00e4s mer om snus och h\u00e4lsa h\u00e4r<\/a>.[\/et_pb_text][\/et_pb_column][\/et_pb_row][et_pb_row _builder_version=&#8221;4.24.2&#8243; _module_preset=&#8221;default&#8221; hover_enabled=&#8221;0&#8243; global_colors_info=&#8221;{}&#8221; width_last_edited=&#8221;on|tablet&#8221; width_tablet=&#8221;90%&#8221; sticky_enabled=&#8221;0&#8243; width_phone=&#8221;90%&#8221;][et_pb_column type=&#8221;4_4&#8243; _builder_version=&#8221;4.23.1&#8243; _module_preset=&#8221;default&#8221; global_colors_info=&#8221;{}&#8221;][et_pb_image src=&#8221;https:\/\/haypee.com\/wp-content\/uploads\/2023\/11\/Article_Tobacco_Farm_1000.jpg&#8221; title_text=&#8221;Article_Tobacco_Farm_1000&#8243; show_bottom_space=&#8221;off&#8221; align=&#8221;center&#8221; force_fullwidth=&#8221;on&#8221; _builder_version=&#8221;4.23.1&#8243; _module_preset=&#8221;default&#8221; box_shadow_style=&#8221;preset1&#8243; box_shadow_color=&#8221;#e2e2e2&#8243; global_colors_info=&#8221;{}&#8221;][\/et_pb_image][et_pb_text _builder_version=&#8221;4.23.1&#8243; _module_preset=&#8221;default&#8221; text_font_size=&#8221;15px&#8221; text_line_height=&#8221;1.5em&#8221; custom_padding=&#8221;10px||||false|false&#8221; global_colors_info=&#8221;{}&#8221;]Tobaksodling med sk\u00f6rdade tobaksblad upph\u00e4ngda f\u00f6r torkning.[\/et_pb_text][\/et_pb_column][\/et_pb_row][\/et_pb_section][et_pb_section fb_built=&#8221;1&#8243; custom_padding_last_edited=&#8221;on|phone&#8221; _builder_version=&#8221;4.23.1&#8243; _module_preset=&#8221;default&#8221; background_color=&#8221;#F0F0F0&#8243; custom_padding=&#8221;80px||||false|false&#8221; custom_padding_tablet=&#8221;60px||||false|false&#8221; custom_padding_phone=&#8221;40px||||false|false&#8221; global_colors_info=&#8221;{}&#8221;][et_pb_row column_structure=&#8221;1_2,1_2&#8243; _builder_version=&#8221;4.23.1&#8243; _module_preset=&#8221;default&#8221; custom_padding=&#8221;0px||||false|false&#8221; global_colors_info=&#8221;{}&#8221; width_tablet=&#8221;90%&#8221; width_last_edited=&#8221;on|tablet&#8221; width_phone=&#8221;90%&#8221;][et_pb_column type=&#8221;1_2&#8243; _builder_version=&#8221;4.23.1&#8243; _module_preset=&#8221;default&#8221; global_colors_info=&#8221;{}&#8221;][et_pb_text _builder_version=&#8221;4.23.1&#8243; _module_preset=&#8221;default&#8221; global_colors_info=&#8221;{}&#8221; custom_padding=&#8221;0px||||false|false&#8221; width_tablet=&#8221;90%&#8221; width_last_edited=&#8221;on|tablet&#8221; width_phone=&#8221;90%&#8221;]I Skandinavien \u00e4r idag det vanligaste s\u00e4ttet att snusa genom att anv\u00e4nda snusportioner, trots att det \u00e4r en relativt modern f\u00f6reteelse som introducerades f\u00f6rst p\u00e5 1970-talet. Snusportionerna best\u00e5r endast av fuktigt snus som paketeras i en tunn pappersv\u00e4v, liknande den som anv\u00e4nds f\u00f6r te-p\u00e5sar. Snuset omsluts av pappret i en portionsmaskin innan den l\u00f6ds ihop i \u00e4ndarna med hj\u00e4lp av v\u00e4rmet\u00e4nger. Den inneh\u00e5ller d\u00e4rf\u00f6r inget lim eller andra h\u00e4ft\u00e4mnen.[\/et_pb_text][\/et_pb_column][et_pb_column type=&#8221;1_2&#8243; _builder_version=&#8221;4.23.1&#8243; _module_preset=&#8221;default&#8221; global_colors_info=&#8221;{}&#8221;][et_pb_text _builder_version=&#8221;4.23.1&#8243; _module_preset=&#8221;default&#8221; global_colors_info=&#8221;{}&#8221;]Traditionellt s\u00e5 kramar man annars ihop sitt l\u00f6sa snus till en rund liten boll som man stoppar under l\u00e4ppen, en s\u00e5 kallad \u201dprilla\u201d. <\/p>\n<p>Detta s\u00e4tt att anv\u00e4nda snus \u00e4r fortfarande v\u00e4ldigt vanligt i Skandinavien, framf\u00f6rallt i Sverige, Norge och Finland, men nya snusare och yngre personer brukar f\u00f6redra portioner som \u00e4r enklare att b\u00e5de snusa och hantera.[\/et_pb_text][\/et_pb_column][\/et_pb_row][et_pb_row _builder_version=&#8221;4.23.1&#8243; _module_preset=&#8221;default&#8221; global_colors_info=&#8221;{}&#8221; custom_padding=&#8221;0px||||false|false&#8221; width_tablet=&#8221;90%&#8221; width_last_edited=&#8221;on|tablet&#8221; width_phone=&#8221;90%&#8221;][et_pb_column type=&#8221;4_4&#8243; _builder_version=&#8221;4.23.1&#8243; _module_preset=&#8221;default&#8221; global_colors_info=&#8221;{}&#8221;][et_pb_image src=&#8221;https:\/\/haypee.com\/wp-content\/uploads\/2023\/11\/Article_Coffee_Snus.jpg&#8221; title_text=&#8221;Article_Coffee_Snus&#8221; show_bottom_space=&#8221;off&#8221; align=&#8221;center&#8221; force_fullwidth=&#8221;on&#8221; _builder_version=&#8221;4.23.1&#8243; _module_preset=&#8221;default&#8221; box_shadow_style=&#8221;preset1&#8243; box_shadow_color=&#8221;#e2e2e2&#8243; global_colors_info=&#8221;{}&#8221;][\/et_pb_image][\/et_pb_column][\/et_pb_row][et_pb_row column_structure=&#8221;1_2,1_2&#8243; _builder_version=&#8221;4.24.2&#8243; _module_preset=&#8221;default&#8221; custom_padding=&#8221;||||false|false&#8221; hover_enabled=&#8221;0&#8243; global_colors_info=&#8221;{}&#8221; width_last_edited=&#8221;on|tablet&#8221; width_tablet=&#8221;90%&#8221; sticky_enabled=&#8221;0&#8243; width_phone=&#8221;90%&#8221;][et_pb_column type=&#8221;1_2&#8243; _builder_version=&#8221;4.23.1&#8243; _module_preset=&#8221;default&#8221; global_colors_info=&#8221;{}&#8221;][et_pb_text _builder_version=&#8221;4.23.1&#8243; _module_preset=&#8221;default&#8221; global_colors_info=&#8221;{}&#8221;]<\/p>\n<p><span>I Sverige klassades snus tills nyligen som ett livsmedel och snustillverkare m\u00e5ste fortfarande f\u00f6lja Livsmedelverkets tidigare regler. <\/span><\/p>\n<p><span>Livsmedelsverket har \u00e4ven konstaterat att en dosa portionssnus inte inneb\u00e4r n\u00e5gra f\u00f6rh\u00f6jda risker f\u00f6r h\u00e4lsan och att alla gr\u00e4nsv\u00e4rden f\u00f6r o\u00f6nskade \u00e4mnen i snus \u00e4r desamma som f\u00f6r livsmedel i \u00f6vrigt.<\/span><\/p>\n<p>[\/et_pb_text][\/et_pb_column][et_pb_column type=&#8221;1_2&#8243; _builder_version=&#8221;4.23.1&#8243; _module_preset=&#8221;default&#8221; global_colors_info=&#8221;{}&#8221;][et_pb_text _builder_version=&#8221;4.23.1&#8243; _module_preset=&#8221;default&#8221; global_colors_info=&#8221;{}&#8221;]Med andra ord, de doser av nikotin som en snusare f\u00e5r i sig \u00e4r inte skadligare \u00e4n de doser av koffein som en kaffedrickare uts\u00e4tter sig f\u00f6r. Med det sagt b\u00f6r svenskt snus, precis som med alla andra njutningsmedel f\u00f6r vuxna, \u00e4nd\u00e5 anv\u00e4ndas med m\u00e5tta och inte \u00f6verkonsumeras.<\/p>\n<p><a href=\"https:\/\/haypee.com\/sv\/snus-och-halsa\/\">Vill du l\u00e4sa mer om svenskt snus och h\u00e4lsa? Klicka h\u00e4r.<\/a>[\/et_pb_text][\/et_pb_column][\/et_pb_row][\/et_pb_section]<\/p>\n","protected":false},"excerpt":{"rendered":"<p>Detta \u00e4r Svenskt SnusSvenskt snus \u00e4r en traditionell skandinavisk tobaksprodukt som har anv\u00e4nts som ett alternativ till tobaksr\u00f6kning sedan 1700-talet.\u00a0 Modernt snus \u00e4r, f\u00f6renklat uttryckt,\u00a0torkad tobak som\u00a0past\u00f6riserats och gjorts basiskt f\u00f6r att underl\u00e4tta frig\u00f6randet av nikotin. Ofta har snuset ocks\u00e5\u00a0smaksatts\u00a0med naturliga aromer innan det\u00a0f\u00f6rpackas\u00a0i sm\u00e5 portionsp\u00e5sar. Genom att placera snuset under l\u00e4ppen frig\u00f6rs sedan nikotinet [&hellip;]<\/p>\n","protected":false},"author":365,"featured_media":0,"parent":0,"menu_order":0,"comment_status":"closed","ping_status":"closed","template":"","meta":{"_et_pb_use_builder":"on","_et_pb_old_content":"","_et_gb_content_width":"","_themeisle_gutenberg_block_has_review":false,"footnotes":""},"class_list":["post-577","page","type-page","status-publish","hentry"],"_links":{"self":[{"href":"https:\/\/haypee.com\/sv\/wp-json\/wp\/v2\/pages\/577","targetHints":{"allow":["GET"]}}],"collection":[{"href":"https:\/\/haypee.com\/sv\/wp-json\/wp\/v2\/pages"}],"about":[{"href":"https:\/\/haypee.com\/sv\/wp-json\/wp\/v2\/types\/page"}],"author":[{"embeddable":true,"href":"https:\/\/haypee.com\/sv\/wp-json\/wp\/v2\/users\/365"}],"replies":[{"embeddable":true,"href":"https:\/\/haypee.com\/sv\/wp-json\/wp\/v2\/comments?post=577"}],"version-history":[{"count":0,"href":"https:\/\/haypee.com\/sv\/wp-json\/wp\/v2\/pages\/577\/revisions"}],"wp:attachment":[{"href":"https:\/\/haypee.com\/sv\/wp-json\/wp\/v2\/media?parent=577"}],"curies":[{"name":"wp","href":"https:\/\/api.w.org\/{rel}","templated":true}]}}