{"id":5899,"date":"2024-04-25T11:12:57","date_gmt":"2024-04-25T04:12:57","guid":{"rendered":"https:\/\/haypee.com\/?page_id=5899"},"modified":"2026-02-24T22:05:04","modified_gmt":"2026-02-24T15:05:04","slug":"hur-betalar-man","status":"publish","type":"page","link":"https:\/\/haypee.com\/sv\/hur-betalar-man\/","title":{"rendered":"Hur best\u00e4ller man?"},"content":{"rendered":"<p>[et_pb_section fb_built=&#8221;1&#8243; _builder_version=&#8221;4.27.4&#8243; _module_preset=&#8221;default&#8221; background_color=&#8221;#F0F0F0&#8243; da_disable_devices=&#8221;off|off|off&#8221; locked=&#8221;off&#8221; global_colors_info=&#8221;{}&#8221; da_is_popup=&#8221;off&#8221; da_exit_intent=&#8221;off&#8221; da_has_close=&#8221;on&#8221; da_alt_close=&#8221;off&#8221; da_dark_close=&#8221;off&#8221; da_not_modal=&#8221;on&#8221; da_is_singular=&#8221;off&#8221; da_with_loader=&#8221;off&#8221; da_has_shadow=&#8221;on&#8221;][et_pb_row column_structure=&#8221;3_4,1_4&#8243; _builder_version=&#8221;4.27.4&#8243; _module_preset=&#8221;default&#8221; custom_padding=&#8221;0px||0px||false|false&#8221; global_colors_info=&#8221;{}&#8221;][et_pb_column type=&#8221;3_4&#8243; _builder_version=&#8221;4.27.4&#8243; _module_preset=&#8221;default&#8221; global_colors_info=&#8221;{}&#8221;][et_pb_text content_tablet=&#8221;<\/p>\n<h1>S\u00e5 best\u00e4ller och betalar du<\/h1>\n<div>Betalningsmetoder: <strong>Bank\u00f6verf\u00f6ring eller Thailand Post COD<\/strong><\/div>\n<div>N\u00e4r du l\u00e4gger din best\u00e4llning m\u00e5ste du tydligt v\u00e4lja eller ange din betalningsmetod: Bank\u00f6verf\u00f6ring eller Thailand Post COD.<\/div>\n<div><strong>Om du inte v\u00e4ljer eller tydligt anger n\u00e5gon betalningsmetod, kommer vi automatiskt att v\u00e4lja Bank\u00f6verf\u00f6ring f\u00f6r din best\u00e4llning.<\/strong><\/div>\n<div>Skicka din best\u00e4llning till: <a href=%22mailto:support@haypee.com%22 rel=%22nofollow noreferrer noopener%22 data-et-target-link=%22_blank%22><strong>support@haypee.com<\/strong><\/a><\/div>\n<div><strong>I mejlet ska du, om du \u00e4r en ny kund, ange din fullst\u00e4ndiga adress (om det \u00e4r ett hotell, \u00e4ven ditt rumsnummer), ett thail\u00e4ndskt telefonnummer samt bekr\u00e4fta att du \u00e4r \u00f6ver 20 \u00e5r.<\/strong><\/div>\n<div><strong>Allts\u00e5:<\/strong><\/div>\n<div><strong>1. Din address (med rumsnummer om p\u00e5 hotell.<\/strong><\/div>\n<div><strong>2. Vad du \u00f6nskar. <\/strong><\/div>\n<div><strong>3. ett thail\u00e4ndskt telefonummer. Thailand Post leverar inte annars.<\/strong><\/div>\n<div><strong>4. Intyga enkelt bara att du \u00e4r \u00f6ver 20 \u00e5r gammal.<\/strong><\/div>\n<div><strong>5. Mejla 1 &#8211; 4 uppgifterna till: <\/strong><a href=%22mailto:support@haypee.com%22 rel=%22nofollow noreferrer noopener%22 data-et-target-link=%22_blank%22><strong>support@haypee.com<\/strong><\/a><\/div>\n<div><em>Detta hj\u00e4lper oss att behandla din order snabbare och undvika f\u00f6rseningar.<\/em><\/div>\n<div>Vi uppr\u00e4ttar d\u00e4refter en Orderbekr\u00e4ftelse &#8211; med betalningsanvisningar &#8211; och mejlar till den mejl du skickat din order ifr\u00e5n.<\/div>\n<div><\/div>\n<div>Om du inte \u00e4r en befintlig kund kan Thailand Post COD kr\u00e4va extra verifiering eller i vissa fall inte vara tillg\u00e4ngligt. I s\u00e5dana fall, <strong>f\u00f6rbeh\u00e5ller vi oss r\u00e4tten att beg\u00e4ra Bank\u00f6verf\u00f6ring innan varan skickas.<\/strong><\/div>\n<p>&#8221; content_phone=&#8221;<\/p>\n<h1>S\u00e5 best\u00e4ller och betalar du<\/h1>\n<div>Betalningsmetoder: <strong>Bank\u00f6verf\u00f6ring eller Thailand Post COD<\/strong><\/div>\n<div>N\u00e4r du l\u00e4gger din best\u00e4llning m\u00e5ste du tydligt v\u00e4lja eller ange din betalningsmetod: Bank\u00f6verf\u00f6ring eller Thailand Post COD.<\/div>\n<div><strong>Om du inte v\u00e4ljer eller tydligt anger n\u00e5gon betalningsmetod, kommer vi automatiskt att v\u00e4lja Bank\u00f6verf\u00f6ring f\u00f6r din best\u00e4llning.<\/strong><\/div>\n<div>Skicka din best\u00e4llning till: <a href=%22mailto:support@haypee.com%22 rel=%22nofollow noreferrer noopener%22 data-et-target-link=%22_blank%22><strong>support@haypee.com<\/strong><\/a><\/div>\n<div><strong>I mejlet ska du, om du \u00e4r en ny kund, ange din fullst\u00e4ndiga adress (om det \u00e4r ett hotell, \u00e4ven ditt rumsnummer), ett thail\u00e4ndskt telefonnummer samt bekr\u00e4fta att du \u00e4r \u00f6ver 20 \u00e5r.<\/strong><\/div>\n<div><strong>Allts\u00e5:<\/strong><\/div>\n<div><strong>1. Din address (med rumsnummer om p\u00e5 hotell.<\/strong><\/div>\n<div><strong>2. Vad du \u00f6nskar. <\/strong><\/div>\n<div><strong>3. ett thail\u00e4ndskt telefonummer. Thailand Post leverar inte annars.<\/strong><\/div>\n<div><strong>4. Intyga enkelt bara att du \u00e4r \u00f6ver 20 \u00e5r gammal.<\/strong><\/div>\n<div><strong>5. Mejla 1 &#8211; 4 uppgifterna till: <\/strong><a href=%22mailto:support@haypee.com%22 rel=%22nofollow noreferrer noopener%22 data-et-target-link=%22_blank%22><strong>support@haypee.com<\/strong><\/a><\/div>\n<div><em>Detta hj\u00e4lper oss att behandla din order snabbare och undvika f\u00f6rseningar.<\/em><\/div>\n<div>Vi uppr\u00e4ttar d\u00e4refter en Orderbekr\u00e4ftelse &#8211; med betalningsanvisningar &#8211; och mejlar till den mejl du skickat din order ifr\u00e5n.<\/div>\n<div><\/div>\n<div>Om du inte \u00e4r en befintlig kund kan Thailand Post COD kr\u00e4va extra verifiering eller i vissa fall inte vara tillg\u00e4ngligt. I s\u00e5dana fall, <strong>f\u00f6rbeh\u00e5ller vi oss r\u00e4tten att beg\u00e4ra Bank\u00f6verf\u00f6ring innan varan skickas.<\/strong><\/div>\n<p>&#8221; content_last_edited=&#8221;on|phone&#8221; _builder_version=&#8221;4.27.4&#8243; _module_preset=&#8221;default&#8221; text_font=&#8221;|300|||||||&#8221; header_font_size=&#8221;3vw&#8221; header_4_line_height=&#8221;2.8em&#8221; header_font_size_tablet=&#8221;4vw&#8221; header_font_size_phone=&#8221;24px&#8221; header_font_size_last_edited=&#8221;on|phone&#8221; header_4_line_height_tablet=&#8221;2.8em&#8221; header_4_line_height_phone=&#8221;2.8em&#8221; header_4_line_height_last_edited=&#8221;on|phone&#8221; global_colors_info=&#8221;{}&#8221;]<\/p>\n<h1>S\u00e5 best\u00e4ller och betalar du<\/h1>\n<div>\n<p>Betalningsmetoder:<strong>\u00a0Bank\u00f6verf\u00f6ring eller Thailand Post COD<\/strong><br \/>N\u00e4r du l\u00e4gger din best\u00e4llning m\u00e5ste du tydligt v\u00e4lja eller ange din betalningsmetod: Bank\u00f6verf\u00f6ring eller Thailand Post COD.<br \/><strong>Om du inte v\u00e4ljer eller tydligt anger n\u00e5gon betalningsmetod, kommer vi automatiskt att v\u00e4lja Bank\u00f6verf\u00f6ring f\u00f6r din best\u00e4llning.<\/strong><br \/>Skicka din best\u00e4llning till:\u00a0<a href=\"mailto:support@haypee.com\">support@haypee.com<\/a><br \/><strong>I mejlet ska du, om du \u00e4r en ny kund, ange din fullst\u00e4ndiga adress (om det \u00e4r ett hotell, \u00e4ven ditt rumsnummer), ett thail\u00e4ndskt telefonnummer samt bekr\u00e4fta att du \u00e4r \u00f6ver 20 \u00e5r.<\/strong><br \/><strong>Allts\u00e5:<\/strong><\/p>\n<p><strong>1. Ditt fullst\u00e4ndiga namn<\/strong><br \/><strong>2. Din address (med rumsnummer om p\u00e5 hotell.<\/strong><br \/><strong>3. Vad du \u00f6nskar.\u00a0<\/strong><br \/><strong>4. ett thail\u00e4ndskt telefonummer. Thailand Post leverar inte annars.<\/strong><br \/><strong>5. Intyga enkelt bara att du \u00e4r \u00f6ver 20 \u00e5r gammal.<\/strong><br \/><strong>6. Mejla 1 &#8211; 4 uppgifterna till: <\/strong><a href=\"mailto:support@haypee.com\">support@haypee.com<\/a><br \/>Detta hj\u00e4lper oss att behandla din order snabbare och undvika f\u00f6rseningar.<br \/>Vi uppr\u00e4ttar d\u00e4refter en Orderbekr\u00e4ftelse &#8211; med betalningsanvisningar &#8211; och mejlar till den mejl du skickat din order ifr\u00e5n.<\/p>\n<p>Om du inte \u00e4r en befintlig kund kan Thailand Post COD kr\u00e4va extra verifiering eller i vissa fall inte vara tillg\u00e4ngligt. I s\u00e5dana fall,<strong>\u00a0f\u00f6rbeh\u00e5ller vi oss r\u00e4tten att beg\u00e4ra Bank\u00f6verf\u00f6ring innan varan skickas.<\/strong><\/p>\n<\/div>\n<p>[\/et_pb_text][\/et_pb_column][et_pb_column type=&#8221;1_4&#8243; _builder_version=&#8221;4.27.4&#8243; _module_preset=&#8221;default&#8221; global_colors_info=&#8221;{}&#8221;][et_pb_image src=&#8221;https:\/\/haypee.com\/wp-content\/uploads\/2024\/01\/line-haypee.jpg&#8221; _builder_version=&#8221;4.27.4&#8243; _module_preset=&#8221;default&#8221; global_colors_info=&#8221;{}&#8221;][\/et_pb_image][\/et_pb_column][\/et_pb_row][\/et_pb_section]<\/p>\n","protected":false},"excerpt":{"rendered":"<p>S\u00e5 best\u00e4ller och betalar du Betalningsmetoder:\u00a0Bank\u00f6verf\u00f6ring eller Thailand Post CODN\u00e4r du l\u00e4gger din best\u00e4llning m\u00e5ste du tydligt v\u00e4lja eller ange din betalningsmetod: Bank\u00f6verf\u00f6ring eller Thailand Post COD.Om du inte v\u00e4ljer eller tydligt anger n\u00e5gon betalningsmetod, kommer vi automatiskt att v\u00e4lja Bank\u00f6verf\u00f6ring f\u00f6r din best\u00e4llning.Skicka din best\u00e4llning till:\u00a0support@haypee.comI mejlet ska du, om du \u00e4r en ny [&hellip;]<\/p>\n","protected":false},"author":365,"featured_media":1887,"parent":0,"menu_order":0,"comment_status":"closed","ping_status":"closed","template":"","meta":{"_et_pb_use_builder":"on","_et_pb_old_content":"[et_pb_section fb_built=\"1\" theme_builder_area=\"post_content\" specialty=\"on\" _builder_version=\"4.25.0\" _module_preset=\"default\" use_custom_gutter=\"on\" gutter_width=\"2\" hover_enabled=\"0\" sticky_enabled=\"0\" background_color=\"#F0F0F0\"][et_pb_column type=\"2_3\" specialty_columns=\"2\" theme_builder_area=\"post_content\"][et_pb_row_inner _builder_version=\"4.25.0\" _module_preset=\"default\" theme_builder_area=\"post_content\" custom_padding=\"||0px||false|false\" hover_enabled=\"0\" sticky_enabled=\"0\"][et_pb_column_inner saved_specialty_column_type=\"2_3\" _builder_version=\"4.25.0\" _module_preset=\"default\" theme_builder_area=\"post_content\"][et_pb_text _builder_version=\"4.25.0\" _module_preset=\"default\" global_colors_info=\"{}\" theme_builder_area=\"post_content\"]<h1>How to pay?<\/h1>\r\n<p>In case you haven't paid for goods or services online in Thailand before, here are brief instructions on how to pay your order:<\/p>[\/et_pb_text][\/et_pb_column_inner][\/et_pb_row_inner][et_pb_row_inner _builder_version=\"4.25.0\" _module_preset=\"default\" column_structure=\"1_2,1_2\" theme_builder_area=\"post_content\" hover_enabled=\"0\" sticky_enabled=\"0\"][et_pb_column_inner saved_specialty_column_type=\"2_3\" _builder_version=\"4.25.0\" _module_preset=\"default\" type=\"1_2\" theme_builder_area=\"post_content\"][et_pb_text _builder_version=\"4.24.2\" _module_preset=\"default\" header_3_font_size=\"24px\" custom_css_main_element=\"font-weight: 400;\" global_colors_info=\"{}\" theme_builder_area=\"post_content\"]<h4><strong>If you have a Thai bank account:<\/strong><\/h4>\r\n<p><strong><span style=\"color: #f45050;\">App or Internet<\/span><\/strong><br \/>All Thai banks has Internet banking and Apps that makes it easy to transfer directly from your phone or computer. Save the QR code and select it in your bank app. Reply to the order confirmation and attach a photo of the bank receipt.<\/p>[\/et_pb_text][\/et_pb_column_inner][et_pb_column_inner saved_specialty_column_type=\"2_3\" _builder_version=\"4.25.0\" _module_preset=\"default\" type=\"1_2\" theme_builder_area=\"post_content\"][et_pb_divider show_divider=\"off\" disabled_on=\"on|on|off\" _builder_version=\"4.25.0\" _module_preset=\"default\" height=\"36px\" global_colors_info=\"{}\" theme_builder_area=\"post_content\"][\/et_pb_divider][et_pb_text _builder_version=\"4.24.2\" _module_preset=\"default\" header_3_font_size=\"24px\" custom_padding=\"||||false|false\" custom_padding_tablet=\"0px||10px||false|false\" custom_padding_phone=\"0px||||false|false\" custom_padding_last_edited=\"off|desktop\" custom_css_main_element=\"font-weight: 400;\" global_colors_info=\"{}\" theme_builder_area=\"post_content\"]<p><strong><span style=\"color: #f45050;\">ATM transfer<br \/><\/span><\/strong>Pay directly into our bank account via ATM or bank. Reply to the order confirmation and attach a photo of the bank receipt.<\/p>[\/et_pb_text][\/et_pb_column_inner][\/et_pb_row_inner][et_pb_row_inner _builder_version=\"4.25.0\" _module_preset=\"default\" column_structure=\"1_2,1_2\" theme_builder_area=\"post_content\"][et_pb_column_inner saved_specialty_column_type=\"2_3\" _builder_version=\"4.25.0\" _module_preset=\"default\" type=\"1_2\" theme_builder_area=\"post_content\"][et_pb_text _builder_version=\"4.24.2\" _module_preset=\"default\" header_3_font_size=\"24px\" custom_css_main_element=\"font-weight: 400;\" global_colors_info=\"{}\" theme_builder_area=\"post_content\"]<h4>No Thai bank account?<\/h4>\r\n<p><strong><span style=\"color: #f45050;\">Pay at the bank<\/span><\/strong><br \/>You can visit the nearest bank office, bring our account number and ask the cashier to help you pay. Then fill in an old-fashioned piece of paper with our information, pay and you will get a receipt of your payment. Reply to the order confirmation and attach a photo of the bank receipt.<\/p>[\/et_pb_text][\/et_pb_column_inner][et_pb_column_inner saved_specialty_column_type=\"2_3\" _builder_version=\"4.25.0\" _module_preset=\"default\" type=\"1_2\" theme_builder_area=\"post_content\"][\/et_pb_column_inner][\/et_pb_row_inner][\/et_pb_column][et_pb_column type=\"1_3\" theme_builder_area=\"post_content\"][et_pb_image src=\"https:\/\/haypee.com\/wp-content\/uploads\/2024\/01\/kasikorn-qr.png\" _builder_version=\"4.25.0\" _module_preset=\"default\" theme_builder_area=\"post_content\" title_text=\"kasikorn\" force_fullwidth=\"on\" hover_enabled=\"0\" sticky_enabled=\"0\"][\/et_pb_image][\/et_pb_column][\/et_pb_section]","_et_gb_content_width":"","_themeisle_gutenberg_block_has_review":false,"footnotes":""},"class_list":["post-5899","page","type-page","status-publish","has-post-thumbnail","hentry"],"_links":{"self":[{"href":"https:\/\/haypee.com\/sv\/wp-json\/wp\/v2\/pages\/5899","targetHints":{"allow":["GET"]}}],"collection":[{"href":"https:\/\/haypee.com\/sv\/wp-json\/wp\/v2\/pages"}],"about":[{"href":"https:\/\/haypee.com\/sv\/wp-json\/wp\/v2\/types\/page"}],"author":[{"embeddable":true,"href":"https:\/\/haypee.com\/sv\/wp-json\/wp\/v2\/users\/365"}],"replies":[{"embeddable":true,"href":"https:\/\/haypee.com\/sv\/wp-json\/wp\/v2\/comments?post=5899"}],"version-history":[{"count":0,"href":"https:\/\/haypee.com\/sv\/wp-json\/wp\/v2\/pages\/5899\/revisions"}],"wp:featuredmedia":[{"embeddable":true,"href":"https:\/\/haypee.com\/sv\/wp-json\/wp\/v2\/media\/1887"}],"wp:attachment":[{"href":"https:\/\/haypee.com\/sv\/wp-json\/wp\/v2\/media?parent=5899"}],"curies":[{"name":"wp","href":"https:\/\/api.w.org\/{rel}","templated":true}]}}