{"id":658,"date":"2024-01-11T07:44:10","date_gmt":"2024-01-11T00:44:10","guid":{"rendered":"https:\/\/haypee.com\/terms\/"},"modified":"2025-05-22T21:55:45","modified_gmt":"2025-05-22T14:55:45","slug":"villkor","status":"publish","type":"page","link":"https:\/\/haypee.com\/sv\/villkor\/","title":{"rendered":"Villkor"},"content":{"rendered":"<p>[et_pb_section fb_built=&#8221;1&#8243; _builder_version=&#8221;4.16&#8243; global_colors_info=&#8221;{}&#8221;][et_pb_row _builder_version=&#8221;4.16&#8243; background_size=&#8221;initial&#8221; background_position=&#8221;top_left&#8221; background_repeat=&#8221;repeat&#8221; width_tablet=&#8221;90%&#8221; width_phone=&#8221;90%&#8221; width_last_edited=&#8221;on|phone&#8221; custom_padding=&#8221;0px||||false|false&#8221; global_colors_info=&#8221;{}&#8221;][et_pb_column type=&#8221;4_4&#8243; _builder_version=&#8221;4.16&#8243; custom_padding=&#8221;|||&#8221; global_colors_info=&#8221;{}&#8221; custom_padding__hover=&#8221;|||&#8221;][et_pb_text _builder_version=&#8221;4.27.4&#8243; text_font=&#8221;|300|||||||&#8221; background_size=&#8221;initial&#8221; background_position=&#8221;top_left&#8221; background_repeat=&#8221;repeat&#8221; max_width=&#8221;900px&#8221; hover_enabled=&#8221;0&#8243; global_colors_info=&#8221;{}&#8221; sticky_enabled=&#8221;0&#8243;]<\/p>\n<h1>K\u00f6pvillkor<\/h1>\n<p><strong>Allm\u00e4nna Villkor<\/strong><\/p>\n<p>Haypee S.P (nedan kallat \u201dHaypee\u201d eller vi\/oss) driver webbplatsen www.haypee.com (\u201dwebbplatsen\u201d). Genom webbplatsen kan du som konsument (\u201dkund\u201d) handla varor direkt fr\u00e5n Haypee. Nedan angivna allm\u00e4nna k\u00f6pevillkor (\u201dVillkor\u201d) g\u00e4ller f\u00f6r samtliga best\u00e4llningar av varor du som kund slutf\u00f6r p\u00e5 webbplatsen. Genom att slutf\u00f6ra din best\u00e4llning godk\u00e4nner du Haypee Villkor och Sekretesspolicy, samt f\u00f6rbinder dig att f\u00f6lja dem.<\/p>\n<p>Haypee S.P f\u00f6rbeh\u00e5ller sig r\u00e4tten att n\u00e4r som helst g\u00f6ra \u00e4ndringar i villkoren. \u00c4ndringar publiceras p\u00e5 webbplatsen och g\u00e4ller fr\u00e5n och med att du som kund har accepterat villkoren genom att slutf\u00f6ra en ny best\u00e4llning. D\u00e5 Haypee \u00e4ger r\u00e4tt att \u00e4ndra dessa villkor uppmanas du som kund att i samband med varje nytt k\u00f6p granska villkoren, samt att spara en kopia av de aktuella Villkor som g\u00e4ller vid tiden f\u00f6r just ditt k\u00f6p.<\/p>\n<p>Datum f\u00f6r senast genomf\u00f6rda \u00e4ndring av k\u00f6pevillkor publiceras alltid i slutet av denna sida<\/p>\n<p><strong>Personuppgifter<\/strong><\/p>\n<p>Haypee behandlar dina personuppgifter i enlighet med \u201dHaypees Sekretesspolicy\u201d.<\/p>\n<p><strong>\u00c5<\/strong><strong>ldersgr\u00e4ns<\/strong><\/p>\n<p>Personer som \u00e4r under 18 \u00e5r f\u00e5r inte best\u00e4lla p\u00e5 webbplatsen, eftersom tobaksprodukter enbart \u00e4r avsedda f\u00f6r vuxna personer (18 \u00e5r eller \u00e4ldre) och f\u00f6rs\u00e4ljningen \u00e4r reglerad enligt lag. F\u00f6r att du som kund ska kunna handla p\u00e5 webbplatsen m\u00e5ste du d\u00e4rf\u00f6r kunna verifiera sin identitet och \u00e5lder (+18 \u00e5r) oavsett om du k\u00f6per tobaksvaror eller andra produkter. Det \u00e4r inte till\u00e5tet att handla tobaksprodukter \u00e5t n\u00e5gon som \u00e4r under 18 \u00e5r.<\/p>\n<p>Om Haypee skulle misst\u00e4nka oegentligheter eller missbruk av v\u00e5r best\u00e4llningsfunktion f\u00f6rbeh\u00e5ller vi oss alltid r\u00e4tten att neka k\u00f6p. Vid rapport eller misstanke om att en person under 18 \u00e5r obeh\u00f6rigt f\u00f6rs\u00f6kt att handla p\u00e5 webbplatsen, vid misst\u00e4nkt best\u00e4llning i annan persons namn, samt vid misst\u00e4nkt f\u00f6rekomst av langning eller dylikt, kommer polisanm\u00e4lan omedelbart att uppr\u00e4ttas.<\/p>\n<p><strong>Best\u00e4llning och K\u00f6peavtal<\/strong><\/p>\n<p>Genom att du som Kund i samband med best\u00e4llning godk\u00e4nner webbplatsens villkor bekr\u00e4ftar du \u00e4ven att du har tagit del av och f\u00f6rbinder dig att f\u00f6lja villkoren i sin helhet.<\/p>\n<p>K\u00f6peavtal ing\u00e5s s\u00e5 snart Haypee bekr\u00e4ftat din kundbest\u00e4llning via e-post eller annat s\u00e4tt. Orderbekr\u00e4ftelsen skickas till den e-postadress du som kund angivit i samband med best\u00e4llningen. Spara denna orderbekr\u00e4ftelse f\u00f6r eventuella kontakter med Haypees kundtj\u00e4nst.<\/p>\n<p><strong>Kunduppgifter<\/strong><\/p>\n<p>Haypee behandlar dina kunduppgifter i enlighet med \u201dHaypees Sekretesspolicy\u201d. F\u00f6r att handla p\u00e5 webbplatsen m\u00e5ste du som kund skapa ett personligt anv\u00e4ndarkonto. Registrering av ditt personliga anv\u00e4ndarkonto sker i kassan i samband med best\u00e4llning. D\u00e4r ombeds du som kund att uppge dina personuppgifter f\u00f6r att verifiera din identitet och din \u00e5lder. Vid registrering bekr\u00e4ftar du som kund att de uppgifter som fylls i \u00e4r fullst\u00e4ndiga och korrekta. Eventuella komplikationer i samband med best\u00e4llning till f\u00f6ljd av felaktigt ifyllda uppgifter \u00e4r d\u00e4rmed kundens ansvar.<\/p>\n<p>Som kund hos Haypee \u00e4r ditt anv\u00e4ndarkonto strikt personligt. Du som kund har det fulla ansvaret f\u00f6r att ingen obeh\u00f6rig f\u00e5r tillg\u00e5ng till dina inloggningsuppgifter. Om du som kund misst\u00e4nker att n\u00e5gon obeh\u00f6rig f\u00e5tt tillg\u00e5ng till dina inloggningsuppgifter ska detta omg\u00e5ende anm\u00e4las till Haypee. Samtliga k\u00f6p som g\u00f6rs med kundens inloggningsuppgifter, samt eventuella r\u00e4ttsliga konsekvenser, \u00e4r kundens ansvar, om s\u00e5dan anm\u00e4lan inte gjorts.<\/p>\n<p>Vid rapport eller misstanke om att kundens anv\u00e4ndarkonto anv\u00e4nds f\u00f6r att obeh\u00f6rigt f\u00f6rs\u00f6ka att handla p\u00e5 webbplatsen kommer polisanm\u00e4lan omedelbart att uppr\u00e4ttas. Om Haypee skulle misst\u00e4nka att du som kund bryter mot villkoren, eller att ditt anv\u00e4ndarkonto eller dina inloggningsuppgifter missbrukas, f\u00f6rbeh\u00e5ller sig Haypee r\u00e4tten att st\u00e4nga av kunden ifr\u00e5n webbplatsen.<\/p>\n<p>Haypee f\u00f6rbeh\u00e5ller sig \u00e4ven r\u00e4tten att tilldela dig som kund nya inloggningsuppgifter, antingen p\u00e5 kundens beg\u00e4ran eller om Haypee skulle anse det n\u00f6dv\u00e4ndigt.<\/p>\n<p><strong>Priser och avgifter<\/strong><\/p>\n<p>Samtliga produktpriser p\u00e5 webbplatsen \u00e4r angivna i thail\u00e4ndska baht och inkluderar skatter. Priserna inkluderar inte fraktavgifter, vilka anges separat i kassan. Haypee f\u00f6rbeh\u00e5ller sig r\u00e4tten att korrigera eventuella felaktigheter i prisangivelser i samband med att bekr\u00e4ftelse av din best\u00e4llning skickas till din e-postadress. S\u00e4rskilda avgifter kan tillkomma vid val av fakturauppl\u00e4gg och delbetalning, se \u201dBetalning\u201d.<\/p>\n<p><strong>Betalning<\/strong><\/p>\n<p>Som kund p\u00e5 webbplatsen kan du betala f\u00f6r din best\u00e4llning direkt via bank\u00f6verf\u00f6ring<\/p>\n<p><strong>Leverans och Transport<\/strong><\/p>\n<p>Haypee levererar till adresser i Thailand med Thailand Post EMS. Varor som finns i lager levereras normalt inom 1\u20133 vardagar fr\u00e5n det att vi har bekr\u00e4ftat din best\u00e4llning via e-post, se \u201dFrakts\u00e4tt och Leveranstider\u201d. Du som kund kan rapportera eventuell leveransf\u00f6rsening till Haypee kundtj\u00e4nst tidigast tre vardagar efter skickad orderbekr\u00e4ftelse.<\/p>\n<p>Om Haypee av n\u00e5gon anledning inte kan leverera din best\u00e4llning inom 30 dagar kommer du som kund att meddelas detta och har d\u00e5 m\u00f6jlighet att h\u00e4va k\u00f6pet, f\u00f6rutsatt att inget annat avtalats, eller att du som kund kan h\u00e5llas ansvarig f\u00f6r utebliven leverans. Vid h\u00e4ndelse av f\u00f6rsenad eller h\u00e4vd leverans \u00e4r ers\u00e4ttning begr\u00e4nsad till redan erlagd betalning.<\/p>\n<p>F\u00f6rs\u00e4ndelser skickas till din bostad eller n\u00e4rmaste utl\u00e4mningsst\u00e4lle. N\u00e4r f\u00f6rs\u00e4ndelsen finns f\u00f6r uth\u00e4mtning skickas i regel ett sms med information om l\u00f6pnummer till det mobiltelefonnummer som angivits vid best\u00e4llningen. Undantagsvis kan du som kund f\u00e5 en avisering som meddelar var och n\u00e4r f\u00f6rs\u00e4ndelsen ska h\u00e4mtas ut via e-post, vanlig post, eller telefonsamtal.<\/p>\n<p>Mer leveransinformation f\u00f6r varor och tj\u00e4nster k\u00f6pta p\u00e5 webbplatsen hittar du som Kund under l\u00e4nken \u201dFrakts\u00e4tt och Leveranstider\u201d p\u00e5 webbplatsen.<\/p>\n<p><strong>Skatter och tullavgifter vid import till ditt land (utanf\u00f6r Thailand).<\/strong><\/p>\n<p>Din f\u00f6rs\u00e4ndelse kan vara f\u00f6rem\u00e5l f\u00f6r importskatter, tullar och till\u00e4gg, som vanligtvis debiteras n\u00e4r en f\u00f6rs\u00e4ndelse n\u00e5r ditt land. Alla dessa avgifter f\u00f6r tullklarering m\u00e5ste betalas av dig, eftersom vi inte har kontroll \u00f6ver dessa avgifter och inte kan f\u00f6rutse vad de kan vara. N\u00e4r du best\u00e4ller fr\u00e5n oss anses du vara import\u00f6r av produkterna och m\u00e5ste f\u00f6lja alla regler och lagar som g\u00e4ller f\u00f6r import av snusprodukter i ditt land.<\/p>\n<p>Haypee kan inte ge dig information om import- och tullbest\u00e4mmelser i ditt destinationsland. Du \u00e4r personligen ansvarig f\u00f6r att bli informerad om och f\u00f6rst\u00e5 de import- och tullregler som g\u00e4ller f\u00f6r snus\/r\u00f6kfri tobak i ditt destinationsland och reglerna f\u00f6r eventuella tullar, skatter och avgifter som kan tas ut. Det \u00e4r ditt som k\u00f6pare ansvar att betala alla till\u00e4mpliga skatter, tullar och avgifter relaterade till k\u00f6pet. Haypee kommer inte att \u00e5terbetala tullar, skatter och avgifter som uppst\u00e5r i ditt destinationsland.<\/p>\n<p><strong>\u00c5ngerr<\/strong><strong>\u00e4tt<\/strong><\/p>\n<p>Du som kund har i enlighet med g\u00e4llande konsumentskyddslagstiftning r\u00e4tt att \u00e5ngra ditt k\u00f6p genom att meddela Haypee detta via de kontaktuppgifter som anges p\u00e5 webbplatsen inom 14 dagar fr\u00e5n det att du som kund tagit emot den best\u00e4llda varan (s\u00e5 kallad \u00e5ngerfrist). Det \u00e4r d\u00e4refter din skyldighet som kund att utan dr\u00f6jsm\u00e5l och senast 14 dagar efter ditt meddelande till Haypee om att utnyttja \u00e5ngerr\u00e4tten skicka varan i retur. Observera att du som kund sj\u00e4lv m\u00e5ste betala fraktkostnaden vid utnyttjande av \u00e5ngerr\u00e4tten och att utl\u00f6sta f\u00f6rs\u00e4ndelser inte anses uppfylla kraven f\u00f6r utnyttjande av \u00e5ngerr\u00e4tten.<\/p>\n<p>\u00c5ngerr\u00e4tten g\u00e4ller under f\u00f6ruts\u00e4ttning att varan returneras till Haypee i v\u00e4sentligen of\u00f6r\u00e4ndrat och obrutet skick. \u00c5ngerr\u00e4tten upph\u00f6r om du som kund bryter varans f\u00f6rsegling. Med f\u00f6rsegling avses \u00e4ven f\u00f6rseglad ytterf\u00f6rpackning, s\u00e5som tejpad eller limmad kartong. Varan ska d\u00e4rf\u00f6r \u00e5ters\u00e4ndas med obruten f\u00f6rsegling och v\u00e4l emballerad.<\/p>\n<p>Vid ut\u00f6vande av \u00e5ngerr\u00e4tten betalar du som kund alltid kostnaden f\u00f6r returfrakt. Du som kund ansvarar f\u00f6r varans skick fr\u00e5n det att du har mottagit varan, inklusive risken f\u00f6r skada under returfrakt, till dess att den mottagits av Haypee.<\/p>\n<p><strong>Reklamation<\/strong><\/p>\n<p>Reklamationsr\u00e4tten omfattar enligt g\u00e4llande konsumentskyddslagstiftning endast varor med ursprungliga fel eller brister och inte s\u00e5dant som slitage eller passerad h\u00e5llbarhetsm\u00e4rkning.<\/p>\n<p>Om en best\u00e4lld vara v\u00e4sentligen skulle avvika fr\u00e5n k\u00f6peavtalet med Haypee, inte motsvara den beskrivning som Haypee l\u00e4mnat, eller saknas i f\u00f6rs\u00e4ndelsen, har du som kund enligt reklamationsr\u00e4tten m\u00f6jlighet att g\u00f6ra en reklamation. Du som kund m\u00e5ste i s\u00e5 fall, inom sk\u00e4lig tid fr\u00e5n det att felet uppt\u00e4ckts eller borde ha uppt\u00e4ckts, generellt betraktat inom tv\u00e5 m\u00e5nader, meddela Haypees kundtj\u00e4nst via de kontaktuppgifter som anges p\u00e5 webbplatsen f\u00f6r att anm\u00e4la din reklamation och erh\u00e5lla en retursedel.<\/p>\n<p>Haypee rekommenderar d\u00e4rf\u00f6r att du som kund alltid kontrollerar mottagna varor noggrant direkt vid mottagandet. D\u00e5 du som kund sj\u00e4lv ansvarar f\u00f6r risken vid returer rekommenderar Haypee att paketera varan f\u00f6r \u00e5ters\u00e4ndning p\u00e5 ett s\u00e5dant s\u00e4tt att den inte riskerar att skadas under transporten. Varan ska, om m\u00f6jligt, returneras oanv\u00e4nd och med obruten originalf\u00f6rpackning.<\/p>\n<p>Haypee f\u00f6rbeh\u00e5ller sig r\u00e4tten att neka reklamation om det kan p\u00e5visas att varan inte \u00e4r felaktig eller att eventuell skada tillfogats varan i hantering av dig som kund. F\u00f6r mottagna returer d\u00e4r felaktig reklamation kan styrkas enligt g\u00e4llande konsumentskyddslagstiftning och ursprungligt fel p\u00e5 varan inte kan p\u00e5visas utg\u00e5r en avgift om 300 Baht till dig som kund f\u00f6r i \u00e4rendet h\u00e4nf\u00f6rliga kostnader f\u00f6r Haypee, s\u00e5som administration, frakt, returfrakt och hantering. Reklamationsr\u00e4tten g\u00e4ller som l\u00e4ngst i 12 m\u00e5nader.<\/p>\n<p>Reklamerad vara som returnerats och godk\u00e4nts kompenseras av Haypee. Vid godk\u00e4nd reklamation av felaktig vara, d\u00e4r du som kund \u00f6nskar ny ers\u00e4ttningsvara, skickar Haypee ut en ers\u00e4ttningsvara snarast m\u00f6jligt. Vid \u00e5terbetalning, om betalning redan erlagts av dig som kund, \u00e5terbetalar Haypee dig inom 14 dagar fr\u00e5n och med det datum Haypee tagit emot varan och godk\u00e4nt reklamationen. \u00c5terbetalning till dig som kund sker via det betalningsalternativ som du som kund valt att anv\u00e4nda vid k\u00f6pet, om inte annat \u00f6verenskommits eller att n\u00e5got hinder f\u00f6r s\u00e5dan \u00e5terbetalning skulle f\u00f6religga.<\/p>\n<p>Transportskada ska snarast m\u00f6jligt, inom fem dagar efter mottagen leverans, anm\u00e4las till Haypee via de kontaktuppgifter som anges p\u00e5 webbplatsen. Haypee rekommenderar d\u00e4rf\u00f6r att du som kund alltid kontrollerar mottagna varor noggrant direkt vid mottagandet.<\/p>\n<p>F\u00f6r snabbast m\u00f6jliga handl\u00e4ggning av \u00e4rende r\u00f6rande transportskada ber vi dig som kund att beh\u00e5lla produktens emballage f\u00f6r besiktning. Vid eventuell retur m\u00e5ste du som kund kunna styrka ditt k\u00f6p fr\u00e5n webbplatsen genom den orderbekr\u00e4ftelse som skickats till den e-postadress du angett i samband med din best\u00e4llning.<\/p>\n<p>Beroende p\u00e5 skadans omfattning f\u00f6retas i samband med transportskada ers\u00e4ttningsvara, avhj\u00e4lpande eller prisavdrag, i samr\u00e5d med dig som kund. \u00c5terk\u00f6p f\u00f6rekommer endast i undantagsfall. Haypee st\u00e5r f\u00f6r returfrakten vid godk\u00e4nda reklamationer.<\/p>\n<p><strong>Force Majeure<\/strong><\/p>\n<p>Haypee f\u00f6rbeh\u00e5ller sig r\u00e4tten att fr\u00e5ns\u00e4ga sig ansvar och skyldighet att fullg\u00f6ra k\u00f6peavtal om f\u00f6rhinder till f\u00f6ljd av en h\u00e4ndelse utanf\u00f6r Haypees rimliga kontroll, s\u00e5 som t.ex. \u00e4ndrad lagstiftning, myndighets\u00e5tg\u00e4rd, strejk, blockad, sabotage, krig, terrorism, brand, \u00f6versv\u00e4mning, naturkatastrof, annan extraordin\u00e4r h\u00e4ndelse, tekniska problem, fel i el-\/tele-\/dataf\u00f6rbindelser eller annan kommunikation, samt fel eller f\u00f6rsening i tj\u00e4nster fr\u00e5n underleverant\u00f6r p\u00e5 grund av s\u00e5dana omst\u00e4ndigheter som h\u00e4r ovan angivits.<\/p>\n<p>S\u00e5dana omst\u00e4ndigheter befriar Haypee fr\u00e5n skyldighet att utge skadest\u00e5ndsers\u00e4ttning och ger i f\u00f6rl\u00e4ngning \u00f6ver 60 dagar b\u00e5de dig som kund och Haypee r\u00e4tten att h\u00e4va k\u00f6pet med omedelbar verkan.<\/p>\n<p><strong>Immateriella r<\/strong><strong>\u00e4ttigheter<\/strong><\/p>\n<p>Webbplatsen och dess inneh\u00e5ll \u00e4gs av Haypee. All information p\u00e5 webbplatsen \u00e4r skyddad genom bland annat immaterialr\u00e4ttsliga och marknadsr\u00e4ttsliga lagar. Varum\u00e4rken, firmanamn, produktnamn, bilder och grafik, design, layout, samt information om varor, tj\u00e4nster och \u00f6vrigt inneh\u00e5ll f\u00e5r s\u00e5lunda inte kopieras eller anv\u00e4ndas utan f\u00f6rekommande skriftligt medgivande fr\u00e5n Haypee.<\/p>\n<p><strong>Omd<\/strong><strong>\u00f6men<\/strong><\/p>\n<p>Haypee \u00e4ger r\u00e4tt att p\u00e5 webbplatsen, samt i andra kanaler och medier, publicera omd\u00f6men om produkter som l\u00e4mnas av dig som kund. Haypee f\u00f6rbeh\u00e5ller sig \u00e4ven r\u00e4tten att inte publicera och\/eller ta bort inskickade omd\u00f6men.<\/p>\n<p><strong>Giltighet<\/strong><\/p>\n<p>Skulle kompetent domstol, myndighet eller skiljen\u00e4mnd finna n\u00e5gon specifik best\u00e4mmelse i dessa villkor vara ogiltig eller verkningsl\u00f6s p\u00e5verkas inte \u00e5terst\u00e5ende best\u00e4mmelsers giltighet.<\/p>\n<p>Till\u00e4mplig lag och tvist enligt Haypee policy b\u00f6r eventuell meningsskiljaktighet med kund fr\u00e4mst l\u00f6sas i samf\u00f6rst\u00e5nd genom diskussion med Haypees kundtj\u00e4nst eller giltig representant f\u00f6r Haypee. Haypee \u00e5tar sig att i h\u00e4ndelse av tvist f\u00f6lja beslut fr\u00e5n domstol eller skiljen\u00e4mnd.<\/p>\n<p>Tvist r\u00f6rande tolkning eller till\u00e4mpning av dessa villkor tolkas i enlighet med thail\u00e4ndsk lag och b\u00f6r avg\u00f6ras av allm\u00e4n domstol eller skiljen\u00e4mnd.<\/p>\n<p><strong>\u00d6<\/strong><strong>vrigt<\/strong><\/p>\n<p>Haypee str\u00e4var efter att alltid tillhandah\u00e5lla korrekt information p\u00e5 webbplatsen, men reserverar sig f\u00f6r eventuell slutf\u00f6rs\u00e4ljning, samt fel i produktbeskrivning eller teknisk specifikation, exempelvis eventuella bild- och skrivfel p\u00e5 webbplatsen, felaktiga priser eller felaktig information ang\u00e5ende aktuell lagerstatus.<\/p>\n<p>Haypee f\u00f6rbeh\u00e5ller sig r\u00e4tten att korrigera s\u00e5dana eventuella fel och att n\u00e4r som helst \u00e4ndra eller uppdatera befintlig information. Bildinformation ska p\u00e5 webbplatsen uteslutande ses som illustrationer och kan inte garanteras \u00e5terge.<\/p>\n<p>[\/et_pb_text][\/et_pb_column][\/et_pb_row][\/et_pb_section]<\/p>\n","protected":false},"excerpt":{"rendered":"<p>K\u00f6pvillkor Allm\u00e4nna Villkor Haypee S.P (nedan kallat \u201dHaypee\u201d eller vi\/oss) driver webbplatsen www.haypee.com (\u201dwebbplatsen\u201d). Genom webbplatsen kan du som konsument (\u201dkund\u201d) handla varor direkt fr\u00e5n Haypee. Nedan angivna allm\u00e4nna k\u00f6pevillkor (\u201dVillkor\u201d) g\u00e4ller f\u00f6r samtliga best\u00e4llningar av varor du som kund slutf\u00f6r p\u00e5 webbplatsen. Genom att slutf\u00f6ra din best\u00e4llning godk\u00e4nner du Haypee Villkor och Sekretesspolicy, samt [&hellip;]<\/p>\n","protected":false},"author":365,"featured_media":0,"parent":0,"menu_order":0,"comment_status":"closed","ping_status":"closed","template":"","meta":{"_et_pb_use_builder":"on","_et_pb_old_content":"<!-- wp:paragraph -->\r\n<p><b>This is a sample page.<\/b><\/p>\r\n<!-- \/wp:paragraph --><!-- wp:paragraph -->\r\n<h3>Overview<\/h3>\r\n<!-- \/wp:paragraph --><!-- wp:paragraph -->\r\n<p>Our refund and returns policy lasts 30 days. If 30 days have passed since your purchase, we can\u2019t offer you a full refund or exchange.<\/p>\r\n<!-- \/wp:paragraph --><!-- wp:paragraph -->\r\n<p>To be eligible for a return, your item must be unused and in the same condition that you received it. It must also be in the original packaging.<\/p>\r\n<!-- \/wp:paragraph --><!-- wp:paragraph -->\r\n<p>Several types of goods are exempt from being returned. Perishable goods such as food, flowers, newspapers or magazines cannot be returned. We also do not accept products that are intimate or sanitary goods, hazardous materials, or flammable liquids or gases.<\/p>\r\n<!-- \/wp:paragraph --><!-- wp:paragraph -->\r\n<p>Additional non-returnable items:<\/p>\r\n<!-- \/wp:paragraph --><!-- wp:list -->\r\n<ul>\r\n<li>Gift cards<\/li>\r\n<li>Downloadable software products<\/li>\r\n<li>Some health and personal care items<\/li>\r\n<\/ul>\r\n<!-- \/wp:list --><!-- wp:paragraph -->\r\n<p>To complete your return, we require a receipt or proof of purchase.<\/p>\r\n<!-- \/wp:paragraph --><!-- wp:paragraph -->\r\n<p>Please do not send your purchase back to the manufacturer.<\/p>\r\n<!-- \/wp:paragraph --><!-- wp:paragraph -->\r\n<p>There are certain situations where only partial refunds are granted:<\/p>\r\n<!-- \/wp:paragraph --><!-- wp:list -->\r\n<ul>\r\n<li>Book with obvious signs of use<\/li>\r\n<li>CD, DVD, VHS tape, software, video game, cassette tape, or vinyl record that has been opened.<\/li>\r\n<li>Any item not in its original condition, is damaged or missing parts for reasons not due to our error.<\/li>\r\n<li>Any item that is returned more than 30 days after delivery<\/li>\r\n<\/ul>\r\n<!-- \/wp:list --><!-- wp:paragraph -->\r\n<h2>Refunds<\/h2>\r\n<!-- \/wp:paragraph --><!-- wp:paragraph -->\r\n<p>Once your return is received and inspected, we will send you an email to notify you that we have received your returned item. We will also notify you of the approval or rejection of your refund.<\/p>\r\n<!-- \/wp:paragraph --><!-- wp:paragraph -->\r\n<p>If you are approved, then your refund will be processed, and a credit will automatically be applied to your credit card or original method of payment, within a certain amount of days.<\/p>\r\n<!-- \/wp:paragraph --><!-- wp:paragraph -->\r\n<p><b>Late or missing refunds<\/b><\/p>\r\n<!-- \/wp:paragraph --><!-- wp:paragraph -->\r\n<p>If you haven\u2019t received a refund yet, first check your bank account again.<\/p>\r\n<!-- \/wp:paragraph --><!-- wp:paragraph -->\r\n<p>Then contact your credit card company, it may take some time before your refund is officially posted.<\/p>\r\n<!-- \/wp:paragraph --><!-- wp:paragraph -->\r\n<p>Next contact your bank. There is often some processing time before a refund is posted.<\/p>\r\n<!-- \/wp:paragraph --><!-- wp:paragraph -->\r\n<p>If you\u2019ve done all of this and you still have not received your refund yet, please contact us at {email address}.<\/p>\r\n<!-- \/wp:paragraph --><!-- wp:paragraph -->\r\n<p><b>Sale items<\/b><\/p>\r\n<!-- \/wp:paragraph --><!-- wp:paragraph -->\r\n<p>Only regular priced items may be refunded. Sale items cannot be refunded.<\/p>\r\n<!-- \/wp:paragraph --><!-- wp:paragraph -->\r\n<h2>Exchanges<\/h2>\r\n<!-- \/wp:paragraph --><!-- wp:paragraph -->\r\n<p>We only replace items if they are defective or damaged. If you need to exchange it for the same item, send us an email at {email address} and send your item to: {physical address}.<\/p>\r\n<!-- \/wp:paragraph --><!-- wp:paragraph -->\r\n<h2>Gifts<\/h2>\r\n<!-- \/wp:paragraph --><!-- wp:paragraph -->\r\n<p>If the item was marked as a gift when purchased and shipped directly to you, you\u2019ll receive a gift credit for the value of your return. Once the returned item is received, a gift certificate will be mailed to you.<\/p>\r\n<!-- \/wp:paragraph --><!-- wp:paragraph -->\r\n<p>If the item wasn\u2019t marked as a gift when purchased, or the gift giver had the order shipped to themselves to give to you later, we will send a refund to the gift giver and they will find out about your return.<\/p>\r\n<!-- \/wp:paragraph --><!-- wp:paragraph -->\r\n<h2>Shipping returns<\/h2>\r\n<!-- \/wp:paragraph --><!-- wp:paragraph -->\r\n<p>To return your product, you should mail your product to: {physical address}.<\/p>\r\n<!-- \/wp:paragraph --><!-- wp:paragraph -->\r\n<p>You will be responsible for paying for your own shipping costs for returning your item. Shipping costs are non-refundable. If you receive a refund, the cost of return shipping will be deducted from your refund.<\/p>\r\n<!-- \/wp:paragraph --><!-- wp:paragraph -->\r\n<p>Depending on where you live, the time it may take for your exchanged product to reach you may vary.<\/p>\r\n<!-- \/wp:paragraph --><!-- wp:paragraph -->\r\n<p>If you are returning more expensive items, you may consider using a trackable shipping service or purchasing shipping insurance. We don\u2019t guarantee that we will receive your returned item.<\/p>\r\n<!-- \/wp:paragraph --><!-- wp:paragraph -->\r\n<h2>Need help?<\/h2>\r\n<!-- \/wp:paragraph --><!-- wp:paragraph -->\r\n<p>Contact us at {email} for questions related to refunds and returns.<\/p>\r\n<!-- \/wp:paragraph -->","_et_gb_content_width":"","_themeisle_gutenberg_block_has_review":false,"footnotes":""},"class_list":["post-658","page","type-page","status-publish","hentry"],"_links":{"self":[{"href":"https:\/\/haypee.com\/sv\/wp-json\/wp\/v2\/pages\/658","targetHints":{"allow":["GET"]}}],"collection":[{"href":"https:\/\/haypee.com\/sv\/wp-json\/wp\/v2\/pages"}],"about":[{"href":"https:\/\/haypee.com\/sv\/wp-json\/wp\/v2\/types\/page"}],"author":[{"embeddable":true,"href":"https:\/\/haypee.com\/sv\/wp-json\/wp\/v2\/users\/365"}],"replies":[{"embeddable":true,"href":"https:\/\/haypee.com\/sv\/wp-json\/wp\/v2\/comments?post=658"}],"version-history":[{"count":0,"href":"https:\/\/haypee.com\/sv\/wp-json\/wp\/v2\/pages\/658\/revisions"}],"wp:attachment":[{"href":"https:\/\/haypee.com\/sv\/wp-json\/wp\/v2\/media?parent=658"}],"curies":[{"name":"wp","href":"https:\/\/api.w.org\/{rel}","templated":true}]}}