{"id":7063,"date":"2024-05-29T10:42:21","date_gmt":"2024-05-29T03:42:21","guid":{"rendered":"https:\/\/haypee.com\/?page_id=7063"},"modified":"2024-05-29T18:07:19","modified_gmt":"2024-05-29T11:07:19","slug":"fran-en-fattig-munknovis-till-snuschef-pa-haypee","status":"publish","type":"page","link":"https:\/\/haypee.com\/sv\/fran-en-fattig-munknovis-till-snuschef-pa-haypee\/","title":{"rendered":"Fr\u00e5n en fattig munknovis till snuschef p\u00e5 Haypee"},"content":{"rendered":"<p>[et_pb_section fb_built=&#8221;1&#8243; _builder_version=&#8221;4.25.1&#8243; _module_preset=&#8221;default&#8221; global_colors_info=&#8221;{}&#8221;][et_pb_row _builder_version=&#8221;4.25.1&#8243; _module_preset=&#8221;default&#8221; custom_padding=&#8221;0px||0px||false|false&#8221; global_colors_info=&#8221;{}&#8221;][et_pb_column type=&#8221;4_4&#8243; _builder_version=&#8221;4.25.1&#8243; _module_preset=&#8221;default&#8221; global_colors_info=&#8221;{}&#8221;][et_pb_text _builder_version=&#8221;4.25.1&#8243; background_size=&#8221;initial&#8221; background_position=&#8221;top_left&#8221; background_repeat=&#8221;repeat&#8221; locked=&#8221;off&#8221; global_colors_info=&#8221;{}&#8221;]<\/p>\n<h1>Fr\u00e5n en fattig munknovis till snuschef p\u00e5 Haypee<\/h1>\n<p>[\/et_pb_text][\/et_pb_column][\/et_pb_row][et_pb_row column_structure=&#8221;1_2,1_2&#8243; use_custom_gutter=&#8221;on&#8221; gutter_width=&#8221;2&#8243; _builder_version=&#8221;4.25.1&#8243; _module_preset=&#8221;default&#8221; custom_padding=&#8221;20px||20px||true|false&#8221; global_colors_info=&#8221;{}&#8221;][et_pb_column type=&#8221;1_2&#8243; _builder_version=&#8221;4.25.1&#8243; _module_preset=&#8221;default&#8221; global_colors_info=&#8221;{}&#8221;][et_pb_text _builder_version=&#8221;4.25.1&#8243; background_size=&#8221;initial&#8221; background_position=&#8221;top_left&#8221; background_repeat=&#8221;repeat&#8221; locked=&#8221;off&#8221; global_colors_info=&#8221;{}&#8221;]<\/p>\n<p><strong>Som barn togs han om hand av en vandrande fattig buddistmunk och sov p\u00e5 cementgolv i olika tempel och utomhus i Thailand. Idag \u00e4r han produktionschef och del\u00e4gare i Haypees snusfabrik i Bang Saen och b\u00e5de svensk och thail\u00e4ndsk medborgare.<\/strong><\/p>\n<p>Tanapon Bunjan, 34 \u00e5r, f\u00f6ddes i Thailand av en thail\u00e4ndsk mor och en svensk far i Phichit i centrala Thailand. Men det blev hans mormor som tog huvudansvaret f\u00f6r Tanapon innan han redan vid fem \u00e5rs \u00e5lder blev novismunk hos morbrodern Sombat, en vandrande munk, \u201dPhra Thu Dong\u201d, utan ett riktigt hem.<\/p>\n<p>&#8211; Det var tuffa tider att vandra runt ibland barfota i hetta, regn och sjukdomar. P\u00e5 tidiga mornar gick vi runt i byar f\u00f6r att f\u00e5 g\u00e5vor och mat fr\u00e5n byborna. Livet bestod av en livsl\u00e5ng vandring f\u00f6r buddhismen, ber\u00e4ttar Tanapon med ett snett \u00f6dmjukt leende.<\/p>\n<p>[\/et_pb_text][\/et_pb_column][et_pb_column type=&#8221;1_2&#8243; _builder_version=&#8221;4.25.1&#8243; _module_preset=&#8221;default&#8221; global_colors_info=&#8221;{}&#8221;][et_pb_image src=&#8221;https:\/\/haypee.com\/wp-content\/uploads\/2024\/05\/tanapon-munks.jpg&#8221; title_text=&#8221;tanapon-munks&#8221; _builder_version=&#8221;4.25.1&#8243; _module_preset=&#8221;default&#8221; global_colors_info=&#8221;{}&#8221;][\/et_pb_image][\/et_pb_column][\/et_pb_row][et_pb_row column_structure=&#8221;1_2,1_2&#8243; use_custom_gutter=&#8221;on&#8221; gutter_width=&#8221;2&#8243; make_equal=&#8221;on&#8221; module_class=&#8221; reverse-columns-mobile&#8221; _builder_version=&#8221;4.25.1&#8243; _module_preset=&#8221;default&#8221; custom_padding=&#8221;20px||20px||true|false&#8221; global_colors_info=&#8221;{}&#8221;][et_pb_column type=&#8221;1_2&#8243; _builder_version=&#8221;4.25.1&#8243; _module_preset=&#8221;default&#8221; background_image=&#8221;https:\/\/haypee.com\/wp-content\/uploads\/2024\/05\/tanapon-munk.jpg&#8221; background_position=&#8221;top_center&#8221; global_colors_info=&#8221;{}&#8221;][et_pb_divider show_divider=&#8221;off&#8221; _builder_version=&#8221;4.25.1&#8243; _module_preset=&#8221;default&#8221; height=&#8221;800px&#8221; height_tablet=&#8221;700px&#8221; height_phone=&#8221;400px&#8221; height_last_edited=&#8221;on|phone&#8221; global_colors_info=&#8221;{}&#8221;][\/et_pb_divider][\/et_pb_column][et_pb_column type=&#8221;1_2&#8243; _builder_version=&#8221;4.25.1&#8243; _module_preset=&#8221;default&#8221; global_colors_info=&#8221;{}&#8221;][et_pb_text _builder_version=&#8221;4.25.1&#8243; background_size=&#8221;initial&#8221; background_position=&#8221;top_left&#8221; background_repeat=&#8221;repeat&#8221; locked=&#8221;off&#8221; global_colors_info=&#8221;{}&#8221;]<\/p>\n<h5>Bland elefanter och ormar<\/h5>\n<p>Det finns ett antal vandrande munkar i dagens Thailand \u00e4ven om de \u00e4r f\u00e4rre nuf\u00f6rtiden i takt med att det thail\u00e4ndska samh\u00e4llet f\u00f6r\u00e4ndras. Nio m\u00e5nader om \u00e5ret \u00e4r en enda l\u00e5ng fotvandring med \u00f6vernattningar i olika tempel, djungler eller i hyddor vid risf\u00e4lt bland ormar, moskiter och ibland elefanter och till och med tigrar. Endast under tre m\u00e5nader i regnperioden stannar de permanent vid ett \u201dhemtempel\u201d.<\/p>\n<p>Man k\u00e4nner igen dem p\u00e5 den n\u00e5got brunaktiga saffransgula kl\u00e4dsel de b\u00e4r. Ibland h\u00e5ller de i en parasoll som beskrivs som huset eller hemmet. De fotvandrar i st\u00f6rre och mindre grupper och med finns ocks\u00e5 unga medhj\u00e4lpare, en sorts allt i allo som hj\u00e4lper till med det mesta.<\/p>\n<p>&#8211; Jag fick stor respekt av befolkningen under vandrandet som leder till att man kommer n\u00e4rmare Buddha. Det \u00e4r en sorts utbildning att leva i harmoni med naturen utan att str\u00e4va efter makt och positioner i samh\u00e4llet, s\u00e4ger Tanapon.<\/p>\n<h5>Flyttade till Singapore<\/h5>\n<p>Efter n\u00e5gra \u00e5r som vandrande munk fick Tanapon \u00e5ter kontakt med sin svenska pappa och flyttade med sin syster till Singapore d\u00e4r pappan hade en aff\u00e4rsr\u00f6relse.<\/p>\n<p>&#8211; Det var en stor f\u00f6r\u00e4ndring att komma till toppmoderna Singapore men redan efter sju m\u00e5nader dog pappa efter en tids sjukdom, ber\u00e4ttar Tanapon.<\/p>\n<p>Tillsamman med pappans d\u00e5varande flickv\u00e4n blev han och systern tvingade ett l\u00e4mna Singapore och \u00e5terv\u00e4nda till Thailand och munklivet.<br \/>Tanapon fick g\u00e5 i tempelskola d\u00e4r han fick baskunskaper i matematik, spr\u00e5k, historia och framf\u00f6r allt buddhistisk religion.<\/p>\n<p>Vid 18 \u00e5rs \u00e5lder \u2013 efter sammanlagt 13 \u00e5r i munkliv &#8211; fick Tanapon m\u00f6jligheten att resa till Sverige tack vare pappans flickv\u00e4n i Singapore. Han stannade tre m\u00e5nader och genom gemensamma v\u00e4nner tr\u00e4ffade han sin nuvarande fru Supreeya fr\u00e5n Thailand.<\/p>\n<p>[\/et_pb_text][\/et_pb_column][\/et_pb_row][et_pb_row column_structure=&#8221;1_2,1_2&#8243; use_custom_gutter=&#8221;on&#8221; gutter_width=&#8221;2&#8243; _builder_version=&#8221;4.25.1&#8243; _module_preset=&#8221;default&#8221; custom_padding=&#8221;20px||20px||true|false&#8221; global_colors_info=&#8221;{}&#8221;][et_pb_column type=&#8221;1_2&#8243; _builder_version=&#8221;4.25.1&#8243; _module_preset=&#8221;default&#8221; global_colors_info=&#8221;{}&#8221;][et_pb_text _builder_version=&#8221;4.25.1&#8243; background_size=&#8221;initial&#8221; background_position=&#8221;top_left&#8221; background_repeat=&#8221;repeat&#8221; locked=&#8221;off&#8221; global_colors_info=&#8221;{}&#8221;]<\/p>\n<h5>Br\u00f6llop i Sverige<\/h5>\n<p>Tillbaka i Thailand l\u00e4mnade han munklivet och tog bef\u00e4let \u00f6ver en mindre bensinstation i Nakhon Phanom och jobbade \u00e4ven p\u00e5 en gummiplantage. Sedan blev det en tid som telefonf\u00f6rs\u00e4ljare i Chonburi innan han 2009 \u00e5terv\u00e4nde till G\u00f6teborg och redan efter tv\u00e5 dagar b\u00f6rjade han genom kontakter jobba p\u00e5 Swedsnus d\u00e4r Haypees nuvarande chef Roland Holm var huvudansvarig.<\/p>\n<p>&#8211; Jag gifte mig sedan med Supreeya och idag har vi tv\u00e5 barn, en pojke p\u00e5 tio \u00e5r och en flicka p\u00e5 sju \u00e5r, s\u00e4ger han stolt.<\/p>\n<p>Under flera \u00e5r pendlade han mellan familjen i G\u00f6teborg och snusfabriken i sm\u00e5l\u00e4ndska Gnosj\u00f6 dit Swedsnus flyttat sin verksamhet. Roland Holm avvecklade till slut sitt engagemang i Swedsnus och flyttade till Bangkok.<\/p>\n<p>&#8211; I september 2023 kom jag tillbaka till Thailand f\u00f6r att tillsammans med Roland starta Haypee snusfabrik i Bang Saen d\u00e4r jag ocks\u00e5 bor, ber\u00e4ttar han.<\/p>\n<p>Idag \u00e4r han produktionschef p\u00e5 Haypee och \u00e4ger 45 procent av f\u00f6retaget.<\/p>\n<p>&#8211; \u00c4r det n\u00e5t jag \u00e4r bra p\u00e5 s\u00e5 \u00e4r det snusproduktion som jag har l\u00e5ng erfarenhet av, s\u00e4ger Tanapon.<\/p>\n<p>[\/et_pb_text][\/et_pb_column][et_pb_column type=&#8221;1_2&#8243; _builder_version=&#8221;4.25.1&#8243; _module_preset=&#8221;default&#8221; global_colors_info=&#8221;{}&#8221;][et_pb_image src=&#8221;https:\/\/haypee.com\/wp-content\/uploads\/2024\/05\/tanapon-lab-1.jpg&#8221; title_text=&#8221;tanapon-lab&#8221; _builder_version=&#8221;4.25.1&#8243; _module_preset=&#8221;default&#8221; global_colors_info=&#8221;{}&#8221;][\/et_pb_image][et_pb_text _builder_version=&#8221;4.25.1&#8243; background_size=&#8221;initial&#8221; background_position=&#8221;top_left&#8221; background_repeat=&#8221;repeat&#8221; locked=&#8221;off&#8221; global_colors_info=&#8221;{}&#8221;]<\/p>\n<p>Han saknar dock givetvis sin familj som bor kvar i G\u00f6teborg och d\u00e4r Supreeya nu utbildat sig till sjuksk\u00f6terska och arbetar p\u00e5 Sahlgrenska Universitetssjukhuset i G\u00f6teborg.<\/p>\n<p>&#8211; Det blir kanske en resa till Sverige senare i \u00e5r, s\u00e4ger Tanapon Bunjan med ett leende.<\/p>\n<p>[\/et_pb_text][\/et_pb_column][\/et_pb_row][\/et_pb_section]<\/p>\n","protected":false},"excerpt":{"rendered":"<p>Som barn var han en vandrande fattig buddhistisk munk. Idag \u00e4r han chef och del\u00e4gare i Haypees snusfabrik och \u00e4r b\u00e5de svensk och thail\u00e4ndsk medborgare.<\/p>\n","protected":false},"author":365,"featured_media":7055,"parent":0,"menu_order":0,"comment_status":"closed","ping_status":"closed","template":"","meta":{"_et_pb_use_builder":"on","_et_pb_old_content":"[et_pb_section fb_built=\"1\" _builder_version=\"4.25.1\" _module_preset=\"default\" global_colors_info=\"{}\"][et_pb_row _builder_version=\"4.25.1\" _module_preset=\"default\" custom_padding=\"0px||0px||false|false\" global_colors_info=\"{}\"][et_pb_column type=\"4_4\" _builder_version=\"4.25.1\" _module_preset=\"default\" global_colors_info=\"{}\"][et_pb_text _builder_version=\"4.25.1\" background_size=\"initial\" background_position=\"top_left\" background_repeat=\"repeat\" locked=\"off\" global_colors_info=\"{}\"]<h1>From a poor monk to a snus manager at Haypee<\/h1>[\/et_pb_text][\/et_pb_column][\/et_pb_row][et_pb_row column_structure=\"1_2,1_2\" use_custom_gutter=\"on\" gutter_width=\"2\" _builder_version=\"4.25.1\" _module_preset=\"default\" custom_padding=\"20px||20px||true|false\" global_colors_info=\"{}\"][et_pb_column type=\"1_2\" _builder_version=\"4.25.1\" _module_preset=\"default\" global_colors_info=\"{}\"][et_pb_text _builder_version=\"4.25.1\" background_size=\"initial\" background_position=\"top_left\" background_repeat=\"repeat\" locked=\"off\" global_colors_info=\"{}\"]<p>As a child, he was cared for by a wandering poor Buddhist monk and slept on cement floors in various temples and outdoors in Thailand. Today he is production manager and co-owner of Haypee's snus factory in Bang Saen and is both a Swedish and Thai citizen.<\/p>\r\n<p>Tanapon Bunjan, 34, was born in Thailand to a Thai mother and a Swedish father in Phichit in central Thailand. But it was his grandmother who took the main responsibility for Tanapon before he already at the age of five became a novice monk with his uncle Sombat, a wandering monk, \"Phra Thu Dong\", without a real home.<\/p>\r\n<p>- It was tough times to walk around sometimes barefoot in heat, rain and disease. In the early mornings we went around villages to get gifts and food from the villagers. Life consisted of a lifelong journey for Buddhism, Tanapon tells us with a crooked humble smile.<\/p>[\/et_pb_text][\/et_pb_column][et_pb_column type=\"1_2\" _builder_version=\"4.25.1\" _module_preset=\"default\" global_colors_info=\"{}\"][et_pb_image src=\"https:\/\/haypee.com\/wp-content\/uploads\/2024\/05\/tanapon-munks.jpg\" title_text=\"tanapon-munks\" _builder_version=\"4.25.1\" _module_preset=\"default\" global_colors_info=\"{}\"][\/et_pb_image][\/et_pb_column][\/et_pb_row][et_pb_row column_structure=\"1_2,1_2\" use_custom_gutter=\"on\" gutter_width=\"2\" make_equal=\"on\" module_class=\" reverse-columns-mobile\" _builder_version=\"4.25.1\" _module_preset=\"default\" custom_padding=\"20px||20px||true|false\" global_colors_info=\"{}\"][et_pb_column type=\"1_2\" _builder_version=\"4.25.1\" _module_preset=\"default\" background_image=\"https:\/\/haypee.com\/wp-content\/uploads\/2024\/05\/tanapon-munk.jpg\" background_position=\"top_center\" global_colors_info=\"{}\"][et_pb_divider show_divider=\"off\" _builder_version=\"4.25.1\" _module_preset=\"default\" height=\"800px\" height_tablet=\"700px\" height_phone=\"400px\" height_last_edited=\"on|phone\" global_colors_info=\"{}\"][\/et_pb_divider][\/et_pb_column][et_pb_column type=\"1_2\" _builder_version=\"4.25.1\" _module_preset=\"default\" global_colors_info=\"{}\"][et_pb_text _builder_version=\"4.25.1\" background_size=\"initial\" background_position=\"top_left\" background_repeat=\"repeat\" locked=\"off\" global_colors_info=\"{}\"]<p><strong>Among elephants and snakes<\/strong><\/p>\r\n<p>There are a number of wandering monks in present-day Thailand although they are fewer these days as Thai society changes. Nine months of the year is one long trek with overnight stays in various temples, jungles or in huts by rice fields among snakes, mosquitoes and sometimes elephants and even tigers. Only for three months in the rainy season do they stay permanently at a \"home temple\".<\/p>\r\n<p>You can recognize them by the slightly brownish saffron-yellow clothing they wear. Sometimes they hold a parasol which is described as the house or home. They hike in larger and smaller groups and there are also young helpers, a kind of all-in-one who helps with most things.<\/p>\r\n<p>- I got a lot of respect from the population during the walk which leads to getting closer to the Buddha. It is a kind of education to live in harmony with nature without striving for power and positions in society, says Tanapon.<\/p>\r\n<p><strong>Moved to Singapore<\/strong><\/p>\r\n<p>After a few years as a wandering monk, Tanapon reconnected with his Swedish father and moved with his sister to Singapore, where the father had a business.<\/p>\r\n<p>- It\u2019s a big change to come to state-of-the-art Singapore, but already after seven months, father dies after a period of illness, says Tanapon.<\/p>\r\n<p>Together with the father's girlfriend at the time, he and his sister were forced to leave Singapore and return to Thailand and the monk life.<\/p>\r\n<p>Tanapon had to go to temple school where he got basic knowledge in mathematics, language, history and above all Buddhist religion.<\/p>\r\n<p>At the age of 18 \u2013 after total 13 years of monk life - Tanapon got the opportunity to travel to Sweden thanks to his father's girlfriend in Singapore. He stayed for three months and through mutual friends met his current wife Supreeya from Thailand.<\/p>[\/et_pb_text][\/et_pb_column][\/et_pb_row][et_pb_row column_structure=\"1_2,1_2\" use_custom_gutter=\"on\" gutter_width=\"2\" _builder_version=\"4.25.1\" _module_preset=\"default\" custom_padding=\"20px||20px||true|false\" global_colors_info=\"{}\"][et_pb_column type=\"1_2\" _builder_version=\"4.25.1\" _module_preset=\"default\" global_colors_info=\"{}\"][et_pb_text _builder_version=\"4.25.1\" background_size=\"initial\" background_position=\"top_left\" background_repeat=\"repeat\" locked=\"off\" global_colors_info=\"{}\"]<p>Today he is production manager at Haypee and owns 45 percent of the company.<\/p>\r\n<p>- If there's something I'm good at, it's snus production, which I have a lot of experience with, says Tanapon.<\/p>\r\n<p>However, he of course misses his family who still live in Gothenburg and where Supreeya has now trained as a nurse and works at Sahlgrenska University Hospital in Gothenburg, Sweden.<\/p>\r\n<p>- I hope I can go to Sweden for some time later this year, says Tanapon Bunjan with a smile.<\/p>[\/et_pb_text][\/et_pb_column][et_pb_column type=\"1_2\" _builder_version=\"4.25.1\" _module_preset=\"default\" global_colors_info=\"{}\"][et_pb_image src=\"https:\/\/haypee.com\/wp-content\/uploads\/2024\/05\/tanapon-lab-1.jpg\" title_text=\"tanapon-lab\" _builder_version=\"4.25.1\" _module_preset=\"default\" global_colors_info=\"{}\"][\/et_pb_image][\/et_pb_column][\/et_pb_row][\/et_pb_section]","_et_gb_content_width":"","_themeisle_gutenberg_block_has_review":false,"footnotes":""},"class_list":["post-7063","page","type-page","status-publish","has-post-thumbnail","hentry"],"_links":{"self":[{"href":"https:\/\/haypee.com\/sv\/wp-json\/wp\/v2\/pages\/7063","targetHints":{"allow":["GET"]}}],"collection":[{"href":"https:\/\/haypee.com\/sv\/wp-json\/wp\/v2\/pages"}],"about":[{"href":"https:\/\/haypee.com\/sv\/wp-json\/wp\/v2\/types\/page"}],"author":[{"embeddable":true,"href":"https:\/\/haypee.com\/sv\/wp-json\/wp\/v2\/users\/365"}],"replies":[{"embeddable":true,"href":"https:\/\/haypee.com\/sv\/wp-json\/wp\/v2\/comments?post=7063"}],"version-history":[{"count":0,"href":"https:\/\/haypee.com\/sv\/wp-json\/wp\/v2\/pages\/7063\/revisions"}],"wp:featuredmedia":[{"embeddable":true,"href":"https:\/\/haypee.com\/sv\/wp-json\/wp\/v2\/media\/7055"}],"wp:attachment":[{"href":"https:\/\/haypee.com\/sv\/wp-json\/wp\/v2\/media?parent=7063"}],"curies":[{"name":"wp","href":"https:\/\/api.w.org\/{rel}","templated":true}]}}