{"id":10735,"date":"2025-03-23T11:53:44","date_gmt":"2025-03-23T04:53:44","guid":{"rendered":"https:\/\/haypee.com\/?post_type=product&#038;p=10735"},"modified":"2026-01-07T04:41:05","modified_gmt":"2026-01-06T21:41:05","slug":"cream-caramel-kaffe","status":"publish","type":"product","link":"https:\/\/haypee.com\/sv\/product\/cream-caramel-kaffe\/","title":{"rendered":"Cream Caramel Kaffe"},"content":{"rendered":"<p>Touch Coffee och gr\u00e4ddkola vitt snus \u00e4r den perfekta kombinationen av nikotin och en rik kaffe och h\u00e4rlig gr\u00e4ddkolasmak. Dessa tobaksfria nikotinp\u00e5sar ger en medelstark upplevelse med en uppfriskande och kraftfull smakprofil.<\/p>\n<p>Perfekt f\u00f6r dig som vill njuta av en diskret och smakrik nikotinupplevelse n\u00e4r som helst p\u00e5 dagen.<\/p>\n","protected":false},"excerpt":{"rendered":"<p>Touch Coffee och gr\u00e4ddkola vitt snus \u00e4r den perfekta kombinationen av nikotin och en rik kaffe och h\u00e4rlig gr\u00e4ddkolasmak. Dessa tobaksfria nikotinp\u00e5sar ger en medelstark upplevelse med en uppfriskande och kraftfull smakprofil. Perfekt f\u00f6r dig som vill njuta av en diskret och smakrik nikotinupplevelse n\u00e4r som helst p\u00e5 dagen.<\/p>\n","protected":false},"featured_media":14968,"comment_status":"open","ping_status":"closed","template":"","meta":{"_et_pb_use_builder":"","_et_pb_old_content":"","_et_gb_content_width":"","_themeisle_gutenberg_block_has_review":false},"product_brand":[118],"product_cat":[107],"product_tag":[],"class_list":{"0":"post-10735","1":"product","2":"type-product","3":"status-publish","4":"has-post-thumbnail","6":"product_brand-touch","7":"product_cat-vitt-snus","9":"first","10":"instock","11":"taxable","12":"shipping-taxable","13":"product-type-simple"},"tiered_pricing_type":"fixed","tiered_pricing_fixed_rules":[],"tiered_pricing_product_settings":{"layout":"default","base_unit_name":{"singular":null,"plural":null},"default_variation":null},"tiered_pricing_minimum_quantity":null,"tiered_pricing_roles_data":[],"tiered_pricing_percentage_rules":[],"_links":{"self":[{"href":"https:\/\/haypee.com\/sv\/wp-json\/wp\/v2\/product\/10735","targetHints":{"allow":["GET"]}}],"collection":[{"href":"https:\/\/haypee.com\/sv\/wp-json\/wp\/v2\/product"}],"about":[{"href":"https:\/\/haypee.com\/sv\/wp-json\/wp\/v2\/types\/product"}],"replies":[{"embeddable":true,"href":"https:\/\/haypee.com\/sv\/wp-json\/wp\/v2\/comments?post=10735"}],"wp:featuredmedia":[{"embeddable":true,"href":"https:\/\/haypee.com\/sv\/wp-json\/wp\/v2\/media\/14968"}],"wp:attachment":[{"href":"https:\/\/haypee.com\/sv\/wp-json\/wp\/v2\/media?parent=10735"}],"wp:term":[{"taxonomy":"product_brand","embeddable":true,"href":"https:\/\/haypee.com\/sv\/wp-json\/wp\/v2\/product_brand?post=10735"},{"taxonomy":"product_cat","embeddable":true,"href":"https:\/\/haypee.com\/sv\/wp-json\/wp\/v2\/product_cat?post=10735"},{"taxonomy":"product_tag","embeddable":true,"href":"https:\/\/haypee.com\/sv\/wp-json\/wp\/v2\/product_tag?post=10735"}],"curies":[{"name":"wp","href":"https:\/\/api.w.org\/{rel}","templated":true}]}}