{"id":10738,"date":"2023-11-08T09:50:18","date_gmt":"2023-11-08T02:50:18","guid":{"rendered":"https:\/\/haypee.com\/?post_type=product&#038;p=10738"},"modified":"2025-11-07T09:53:23","modified_gmt":"2025-11-07T02:53:23","slug":"touch-mixpack4","status":"publish","type":"product","link":"https:\/\/haypee.com\/sv\/product\/touch-mixpack4\/","title":{"rendered":"Touch Mixpack4"},"content":{"rendered":"<p>Mixpack4 Touch vitt snus \u00e4r det perfekta valet f\u00f6r dig som vill prova olika smaker av Touch Nikotinp\u00e5sar. Paketet inneh\u00e5ller fyra olika dosor med smakerna Bl\u00e5b\u00e4r Hallon Mint och Kaffe. <\/p>\n<p>Varje dosa inneh\u00e5ller 20 p\u00e5sar med en totalvikt p\u00e5 11 g och en nikotinhalt mellan 5-11 mg\/g<\/p>\n","protected":false},"excerpt":{"rendered":"<p>Mixpack4 Touch vitt snus \u00e4r det perfekta valet f\u00f6r dig som vill prova olika smaker av Touch Nikotinp\u00e5sar. Paketet inneh\u00e5ller fyra olika dosor med smakerna Bl\u00e5b\u00e4r Hallon Mint och Kaffe. Varje dosa inneh\u00e5ller 20 p\u00e5sar med en totalvikt p\u00e5 11 g och en nikotinhalt mellan 5-11 mg\/g<\/p>\n","protected":false},"featured_media":15136,"comment_status":"open","ping_status":"closed","template":"","meta":{"_et_pb_use_builder":"","_et_pb_old_content":"","_et_gb_content_width":"","_themeisle_gutenberg_block_has_review":false},"product_brand":[],"product_cat":[107],"product_tag":[],"class_list":{"0":"post-10738","1":"product","2":"type-product","3":"status-publish","4":"has-post-thumbnail","6":"product_cat-vitt-snus","8":"first","9":"instock","10":"taxable","11":"shipping-taxable","12":"product-type-wooco"},"tiered_pricing_type":"fixed","tiered_pricing_fixed_rules":[],"tiered_pricing_product_settings":{"layout":"default","base_unit_name":{"singular":null,"plural":null},"default_variation":null},"tiered_pricing_minimum_quantity":null,"tiered_pricing_roles_data":[],"tiered_pricing_percentage_rules":[],"_links":{"self":[{"href":"https:\/\/haypee.com\/sv\/wp-json\/wp\/v2\/product\/10738","targetHints":{"allow":["GET"]}}],"collection":[{"href":"https:\/\/haypee.com\/sv\/wp-json\/wp\/v2\/product"}],"about":[{"href":"https:\/\/haypee.com\/sv\/wp-json\/wp\/v2\/types\/product"}],"replies":[{"embeddable":true,"href":"https:\/\/haypee.com\/sv\/wp-json\/wp\/v2\/comments?post=10738"}],"wp:featuredmedia":[{"embeddable":true,"href":"https:\/\/haypee.com\/sv\/wp-json\/wp\/v2\/media\/15136"}],"wp:attachment":[{"href":"https:\/\/haypee.com\/sv\/wp-json\/wp\/v2\/media?parent=10738"}],"wp:term":[{"taxonomy":"product_brand","embeddable":true,"href":"https:\/\/haypee.com\/sv\/wp-json\/wp\/v2\/product_brand?post=10738"},{"taxonomy":"product_cat","embeddable":true,"href":"https:\/\/haypee.com\/sv\/wp-json\/wp\/v2\/product_cat?post=10738"},{"taxonomy":"product_tag","embeddable":true,"href":"https:\/\/haypee.com\/sv\/wp-json\/wp\/v2\/product_tag?post=10738"}],"curies":[{"name":"wp","href":"https:\/\/api.w.org\/{rel}","templated":true}]}}