{"id":10753,"date":"2025-03-23T11:51:18","date_gmt":"2025-03-23T04:51:18","guid":{"rendered":"https:\/\/haypee.com\/?post_type=product&#038;p=10753"},"modified":"2026-01-07T04:41:29","modified_gmt":"2026-01-06T21:41:29","slug":"touch-hallon","status":"publish","type":"product","link":"https:\/\/haypee.com\/sv\/product\/touch-hallon\/","title":{"rendered":"Touch Hallon"},"content":{"rendered":"<p>Touch Raspberry ger en intensiv och uppfriskande upplevelse med en kraftfull smak av hallon. Dessa helt tobaksfria nikotinp\u00e5sar \u00e4r perfekta f\u00f6r dig som s\u00f6ker en stark och smakrik k\u00e4nsla i ett smidigt och diskret format.<\/p>\n<p>En perfekt f\u00f6ljeslagare f\u00f6r alla tillf\u00e4llen n\u00e4r du vill ha en fr\u00e4sch och uppiggande k\u00e4nsla,<\/p>\n","protected":false},"excerpt":{"rendered":"<p>Touch Raspberry ger en intensiv och uppfriskande upplevelse med en kraftfull smak av hallon. Dessa helt tobaksfria nikotinp\u00e5sar \u00e4r perfekta f\u00f6r dig som s\u00f6ker en stark och smakrik k\u00e4nsla i ett smidigt och diskret format. En perfekt f\u00f6ljeslagare f\u00f6r alla tillf\u00e4llen n\u00e4r du vill ha en fr\u00e4sch och uppiggande k\u00e4nsla,<\/p>\n","protected":false},"featured_media":14952,"comment_status":"open","ping_status":"closed","template":"","meta":{"_et_pb_use_builder":"","_et_pb_old_content":"","_et_gb_content_width":"","_themeisle_gutenberg_block_has_review":false},"product_brand":[118],"product_cat":[107],"product_tag":[],"class_list":{"0":"post-10753","1":"product","2":"type-product","3":"status-publish","4":"has-post-thumbnail","6":"product_brand-touch","7":"product_cat-vitt-snus","9":"first","10":"instock","11":"taxable","12":"shipping-taxable","13":"product-type-simple"},"tiered_pricing_type":"fixed","tiered_pricing_fixed_rules":[],"tiered_pricing_product_settings":{"layout":"default","base_unit_name":{"singular":null,"plural":null},"default_variation":null},"tiered_pricing_minimum_quantity":null,"tiered_pricing_roles_data":[],"tiered_pricing_percentage_rules":[],"_links":{"self":[{"href":"https:\/\/haypee.com\/sv\/wp-json\/wp\/v2\/product\/10753","targetHints":{"allow":["GET"]}}],"collection":[{"href":"https:\/\/haypee.com\/sv\/wp-json\/wp\/v2\/product"}],"about":[{"href":"https:\/\/haypee.com\/sv\/wp-json\/wp\/v2\/types\/product"}],"replies":[{"embeddable":true,"href":"https:\/\/haypee.com\/sv\/wp-json\/wp\/v2\/comments?post=10753"}],"wp:featuredmedia":[{"embeddable":true,"href":"https:\/\/haypee.com\/sv\/wp-json\/wp\/v2\/media\/14952"}],"wp:attachment":[{"href":"https:\/\/haypee.com\/sv\/wp-json\/wp\/v2\/media?parent=10753"}],"wp:term":[{"taxonomy":"product_brand","embeddable":true,"href":"https:\/\/haypee.com\/sv\/wp-json\/wp\/v2\/product_brand?post=10753"},{"taxonomy":"product_cat","embeddable":true,"href":"https:\/\/haypee.com\/sv\/wp-json\/wp\/v2\/product_cat?post=10753"},{"taxonomy":"product_tag","embeddable":true,"href":"https:\/\/haypee.com\/sv\/wp-json\/wp\/v2\/product_tag?post=10753"}],"curies":[{"name":"wp","href":"https:\/\/api.w.org\/{rel}","templated":true}]}}