{"id":10757,"date":"2025-03-23T11:51:31","date_gmt":"2025-03-23T04:51:31","guid":{"rendered":"https:\/\/haypee.com\/?post_type=product&#038;p=10757"},"modified":"2026-01-07T04:41:19","modified_gmt":"2026-01-06T21:41:19","slug":"touch-blabar","status":"publish","type":"product","link":"https:\/\/haypee.com\/sv\/product\/touch-blabar\/","title":{"rendered":"Touch Bl\u00e5b\u00e4r"},"content":{"rendered":"<p>Touch Blueberry vitt snus ger en kraftfull och uppfriskande smakupplevelse med en intensiv smak av bl\u00e5b\u00e4r. Dessa tobaksfria nikotinp\u00e5sar \u00e4r perfekta f\u00f6r dig som vill ha en stark och uppfriskande k\u00e4nsla med en smidig och diskret anv\u00e4ndning.<\/p>\n<p>Upplev en fr\u00e4sch och l\u00e5ngvarig bl\u00e5b\u00e4rssmak som ger dig energi under hela dagen.<\/p>\n","protected":false},"excerpt":{"rendered":"<p>Touch Blueberry vitt snus ger en kraftfull och uppfriskande smakupplevelse med en intensiv smak av bl\u00e5b\u00e4r. Dessa tobaksfria nikotinp\u00e5sar \u00e4r perfekta f\u00f6r dig som vill ha en stark och uppfriskande k\u00e4nsla med en smidig och diskret anv\u00e4ndning. Upplev en fr\u00e4sch och l\u00e5ngvarig bl\u00e5b\u00e4rssmak som ger dig energi under hela dagen.<\/p>\n","protected":false},"featured_media":14965,"comment_status":"open","ping_status":"closed","template":"","meta":{"_et_pb_use_builder":"","_et_pb_old_content":"","_et_gb_content_width":"","_themeisle_gutenberg_block_has_review":false},"product_brand":[118],"product_cat":[107],"product_tag":[],"class_list":{"0":"post-10757","1":"product","2":"type-product","3":"status-publish","4":"has-post-thumbnail","6":"product_brand-touch","7":"product_cat-vitt-snus","9":"first","10":"instock","11":"taxable","12":"shipping-taxable","13":"product-type-simple"},"tiered_pricing_type":"fixed","tiered_pricing_fixed_rules":[],"tiered_pricing_product_settings":{"layout":"default","base_unit_name":{"singular":null,"plural":null},"default_variation":null},"tiered_pricing_minimum_quantity":null,"tiered_pricing_roles_data":[],"tiered_pricing_percentage_rules":[],"_links":{"self":[{"href":"https:\/\/haypee.com\/sv\/wp-json\/wp\/v2\/product\/10757","targetHints":{"allow":["GET"]}}],"collection":[{"href":"https:\/\/haypee.com\/sv\/wp-json\/wp\/v2\/product"}],"about":[{"href":"https:\/\/haypee.com\/sv\/wp-json\/wp\/v2\/types\/product"}],"replies":[{"embeddable":true,"href":"https:\/\/haypee.com\/sv\/wp-json\/wp\/v2\/comments?post=10757"}],"wp:featuredmedia":[{"embeddable":true,"href":"https:\/\/haypee.com\/sv\/wp-json\/wp\/v2\/media\/14965"}],"wp:attachment":[{"href":"https:\/\/haypee.com\/sv\/wp-json\/wp\/v2\/media?parent=10757"}],"wp:term":[{"taxonomy":"product_brand","embeddable":true,"href":"https:\/\/haypee.com\/sv\/wp-json\/wp\/v2\/product_brand?post=10757"},{"taxonomy":"product_cat","embeddable":true,"href":"https:\/\/haypee.com\/sv\/wp-json\/wp\/v2\/product_cat?post=10757"},{"taxonomy":"product_tag","embeddable":true,"href":"https:\/\/haypee.com\/sv\/wp-json\/wp\/v2\/product_tag?post=10757"}],"curies":[{"name":"wp","href":"https:\/\/api.w.org\/{rel}","templated":true}]}}