{"id":10758,"date":"2025-03-23T11:52:59","date_gmt":"2025-03-23T04:52:59","guid":{"rendered":"https:\/\/haypee.com\/?post_type=product&#038;p=10758"},"modified":"2026-03-18T06:43:01","modified_gmt":"2026-03-17T23:43:01","slug":"touch-mint","status":"publish","type":"product","link":"https:\/\/haypee.com\/sv\/product\/touch-mint\/","title":{"rendered":"Touch Mint"},"content":{"rendered":"<p>Touch Mint vitt snus \u00e4r det perfekta valet f\u00f6r dig som \u00e4lskar en uppfriskande och svalkande mintsmak. Dessa tobaksfria nikotinp\u00e5sar ger en medelstark och behaglig k\u00e4nsla med en fr\u00e4sch explosion av mint.<\/p>\n<p>Perfekt f\u00f6r diskret och bekv\u00e4m anv\u00e4ndning under hela dagen.<\/p>\n","protected":false},"excerpt":{"rendered":"<p>Touch Mint vitt snus \u00e4r det perfekta valet f\u00f6r dig som \u00e4lskar en uppfriskande och svalkande mintsmak. Dessa tobaksfria nikotinp\u00e5sar ger en medelstark och behaglig k\u00e4nsla med en fr\u00e4sch explosion av mint. Perfekt f\u00f6r diskret och bekv\u00e4m anv\u00e4ndning under hela dagen.<\/p>\n","protected":false},"featured_media":14986,"comment_status":"open","ping_status":"closed","template":"","meta":{"_et_pb_use_builder":"","_et_pb_old_content":"","_et_gb_content_width":"","_themeisle_gutenberg_block_has_review":false},"product_brand":[118],"product_cat":[107],"product_tag":[],"class_list":{"0":"post-10758","1":"product","2":"type-product","3":"status-publish","4":"has-post-thumbnail","6":"product_brand-touch","7":"product_cat-vitt-snus","9":"first","10":"instock","11":"taxable","12":"shipping-taxable","13":"product-type-simple"},"tiered_pricing_type":"fixed","tiered_pricing_fixed_rules":[],"tiered_pricing_product_settings":{"layout":"default","base_unit_name":{"singular":null,"plural":null},"default_variation":null},"tiered_pricing_minimum_quantity":null,"tiered_pricing_roles_data":[],"tiered_pricing_percentage_rules":[],"_links":{"self":[{"href":"https:\/\/haypee.com\/sv\/wp-json\/wp\/v2\/product\/10758","targetHints":{"allow":["GET"]}}],"collection":[{"href":"https:\/\/haypee.com\/sv\/wp-json\/wp\/v2\/product"}],"about":[{"href":"https:\/\/haypee.com\/sv\/wp-json\/wp\/v2\/types\/product"}],"replies":[{"embeddable":true,"href":"https:\/\/haypee.com\/sv\/wp-json\/wp\/v2\/comments?post=10758"}],"wp:featuredmedia":[{"embeddable":true,"href":"https:\/\/haypee.com\/sv\/wp-json\/wp\/v2\/media\/14986"}],"wp:attachment":[{"href":"https:\/\/haypee.com\/sv\/wp-json\/wp\/v2\/media?parent=10758"}],"wp:term":[{"taxonomy":"product_brand","embeddable":true,"href":"https:\/\/haypee.com\/sv\/wp-json\/wp\/v2\/product_brand?post=10758"},{"taxonomy":"product_cat","embeddable":true,"href":"https:\/\/haypee.com\/sv\/wp-json\/wp\/v2\/product_cat?post=10758"},{"taxonomy":"product_tag","embeddable":true,"href":"https:\/\/haypee.com\/sv\/wp-json\/wp\/v2\/product_tag?post=10758"}],"curies":[{"name":"wp","href":"https:\/\/api.w.org\/{rel}","templated":true}]}}