{"id":10760,"date":"2025-03-23T12:14:21","date_gmt":"2025-03-23T05:14:21","guid":{"rendered":"https:\/\/haypee.com\/?post_type=product&#038;p=10760"},"modified":"2026-01-07T04:40:48","modified_gmt":"2026-01-06T21:40:48","slug":"touch-hallon-10-dosor","status":"publish","type":"product","link":"https:\/\/haypee.com\/sv\/product\/touch-hallon-10-dosor\/","title":{"rendered":"Touch Hallon 10 dosor"},"content":{"rendered":"<p>F\u00f6r dig som \u00e4lskar hallon erbjuder vi nu ett 10-pack Touch Raspberry Nikotinp\u00e5sar. Dessa tobaksfria p\u00e5sar levererar en intensiv smakupplevelse och en kraftfull nikotinkick.<\/p>\n<p>Perfekt f\u00f6r daglig anv\u00e4ndning och f\u00f6r dig som vill ha en l\u00e5ngvarig tillg\u00e5ng till din favoritprodukt.<\/p>\n","protected":false},"excerpt":{"rendered":"<p>F\u00f6r dig som \u00e4lskar hallon erbjuder vi nu ett 10-pack Touch Raspberry Nikotinp\u00e5sar. Dessa tobaksfria p\u00e5sar levererar en intensiv smakupplevelse och en kraftfull nikotinkick. Perfekt f\u00f6r daglig anv\u00e4ndning och f\u00f6r dig som vill ha en l\u00e5ngvarig tillg\u00e5ng till din favoritprodukt.<\/p>\n","protected":false},"featured_media":14983,"comment_status":"open","ping_status":"closed","template":"","meta":{"_et_pb_use_builder":"","_et_pb_old_content":"","_et_gb_content_width":"","_themeisle_gutenberg_block_has_review":false},"product_brand":[118],"product_cat":[107],"product_tag":[],"class_list":{"0":"post-10760","1":"product","2":"type-product","3":"status-publish","4":"has-post-thumbnail","6":"product_brand-touch","7":"product_cat-vitt-snus","9":"first","10":"instock","11":"taxable","12":"shipping-taxable","13":"product-type-wooco"},"tiered_pricing_type":"fixed","tiered_pricing_fixed_rules":[],"tiered_pricing_product_settings":{"layout":"default","base_unit_name":{"singular":null,"plural":null},"default_variation":null},"tiered_pricing_minimum_quantity":null,"tiered_pricing_roles_data":[],"tiered_pricing_percentage_rules":[],"_links":{"self":[{"href":"https:\/\/haypee.com\/sv\/wp-json\/wp\/v2\/product\/10760","targetHints":{"allow":["GET"]}}],"collection":[{"href":"https:\/\/haypee.com\/sv\/wp-json\/wp\/v2\/product"}],"about":[{"href":"https:\/\/haypee.com\/sv\/wp-json\/wp\/v2\/types\/product"}],"replies":[{"embeddable":true,"href":"https:\/\/haypee.com\/sv\/wp-json\/wp\/v2\/comments?post=10760"}],"wp:featuredmedia":[{"embeddable":true,"href":"https:\/\/haypee.com\/sv\/wp-json\/wp\/v2\/media\/14983"}],"wp:attachment":[{"href":"https:\/\/haypee.com\/sv\/wp-json\/wp\/v2\/media?parent=10760"}],"wp:term":[{"taxonomy":"product_brand","embeddable":true,"href":"https:\/\/haypee.com\/sv\/wp-json\/wp\/v2\/product_brand?post=10760"},{"taxonomy":"product_cat","embeddable":true,"href":"https:\/\/haypee.com\/sv\/wp-json\/wp\/v2\/product_cat?post=10760"},{"taxonomy":"product_tag","embeddable":true,"href":"https:\/\/haypee.com\/sv\/wp-json\/wp\/v2\/product_tag?post=10760"}],"curies":[{"name":"wp","href":"https:\/\/api.w.org\/{rel}","templated":true}]}}