{"id":10762,"date":"2025-03-23T12:17:22","date_gmt":"2025-03-23T05:17:22","guid":{"rendered":"https:\/\/haypee.com\/?post_type=product&#038;p=10762"},"modified":"2026-01-07T04:40:27","modified_gmt":"2026-01-06T21:40:27","slug":"touch-blabar-10-dosor","status":"publish","type":"product","link":"https:\/\/haypee.com\/sv\/product\/touch-blabar-10-dosor\/","title":{"rendered":"Touch Bl\u00e5b\u00e4r 10 dosor"},"content":{"rendered":"<p>Touch Blueberry vitt snus finns nu i ett praktiskt 10-pack f\u00f6r dig som \u00e4lskar den friska smaken av bl\u00e5b\u00e4r.<\/p>\n<p>Upplev en stark och uppfriskande k\u00e4nsla med dessa tobaksfria nikotinp\u00e5sar perfekta f\u00f6r alla tillf\u00e4llen.<\/p>\n","protected":false},"excerpt":{"rendered":"<p>Touch Blueberry vitt snus finns nu i ett praktiskt 10-pack f\u00f6r dig som \u00e4lskar den friska smaken av bl\u00e5b\u00e4r. Upplev en stark och uppfriskande k\u00e4nsla med dessa tobaksfria nikotinp\u00e5sar perfekta f\u00f6r alla tillf\u00e4llen.<\/p>\n","protected":false},"featured_media":14980,"comment_status":"open","ping_status":"closed","template":"","meta":{"_et_pb_use_builder":"","_et_pb_old_content":"","_et_gb_content_width":"","_themeisle_gutenberg_block_has_review":false},"product_brand":[118],"product_cat":[107],"product_tag":[],"class_list":{"0":"post-10762","1":"product","2":"type-product","3":"status-publish","4":"has-post-thumbnail","6":"product_brand-touch","7":"product_cat-vitt-snus","9":"first","10":"instock","11":"taxable","12":"shipping-taxable","13":"product-type-wooco"},"tiered_pricing_type":"fixed","tiered_pricing_fixed_rules":[],"tiered_pricing_product_settings":{"layout":"default","base_unit_name":{"singular":null,"plural":null},"default_variation":null},"tiered_pricing_minimum_quantity":null,"tiered_pricing_roles_data":[],"tiered_pricing_percentage_rules":[],"_links":{"self":[{"href":"https:\/\/haypee.com\/sv\/wp-json\/wp\/v2\/product\/10762","targetHints":{"allow":["GET"]}}],"collection":[{"href":"https:\/\/haypee.com\/sv\/wp-json\/wp\/v2\/product"}],"about":[{"href":"https:\/\/haypee.com\/sv\/wp-json\/wp\/v2\/types\/product"}],"replies":[{"embeddable":true,"href":"https:\/\/haypee.com\/sv\/wp-json\/wp\/v2\/comments?post=10762"}],"wp:featuredmedia":[{"embeddable":true,"href":"https:\/\/haypee.com\/sv\/wp-json\/wp\/v2\/media\/14980"}],"wp:attachment":[{"href":"https:\/\/haypee.com\/sv\/wp-json\/wp\/v2\/media?parent=10762"}],"wp:term":[{"taxonomy":"product_brand","embeddable":true,"href":"https:\/\/haypee.com\/sv\/wp-json\/wp\/v2\/product_brand?post=10762"},{"taxonomy":"product_cat","embeddable":true,"href":"https:\/\/haypee.com\/sv\/wp-json\/wp\/v2\/product_cat?post=10762"},{"taxonomy":"product_tag","embeddable":true,"href":"https:\/\/haypee.com\/sv\/wp-json\/wp\/v2\/product_tag?post=10762"}],"curies":[{"name":"wp","href":"https:\/\/api.w.org\/{rel}","templated":true}]}}