{"id":10764,"date":"2025-03-23T12:19:48","date_gmt":"2025-03-23T05:19:48","guid":{"rendered":"https:\/\/haypee.com\/?post_type=product&#038;p=10764"},"modified":"2026-01-07T04:40:12","modified_gmt":"2026-01-06T21:40:12","slug":"touch-mint-10-dosor","status":"publish","type":"product","link":"https:\/\/haypee.com\/sv\/product\/touch-mint-10-dosor\/","title":{"rendered":"Touch Mint 10 dosor"},"content":{"rendered":"<p>Touch Mint vitt snus finns nu i ett smidigt 10-pack f\u00f6r dig som \u00e4lskar den uppfriskande smaken av mint.<\/p>\n<p>Dessa tobaksfria nikotinp\u00e5sar ger en medelstark och svalkande upplevelse perfekt f\u00f6r daglig anv\u00e4ndning.<\/p>\n","protected":false},"excerpt":{"rendered":"<p>Touch Mint vitt snus finns nu i ett smidigt 10-pack f\u00f6r dig som \u00e4lskar den uppfriskande smaken av mint. Dessa tobaksfria nikotinp\u00e5sar ger en medelstark och svalkande upplevelse perfekt f\u00f6r daglig anv\u00e4ndning.<\/p>\n","protected":false},"featured_media":14977,"comment_status":"open","ping_status":"closed","template":"","meta":{"_et_pb_use_builder":"","_et_pb_old_content":"","_et_gb_content_width":"","_themeisle_gutenberg_block_has_review":false},"product_brand":[118],"product_cat":[107],"product_tag":[],"class_list":{"0":"post-10764","1":"product","2":"type-product","3":"status-publish","4":"has-post-thumbnail","6":"product_brand-touch","7":"product_cat-vitt-snus","9":"first","10":"instock","11":"taxable","12":"shipping-taxable","13":"product-type-wooco"},"tiered_pricing_type":"fixed","tiered_pricing_fixed_rules":[],"tiered_pricing_product_settings":{"layout":"default","base_unit_name":{"singular":null,"plural":null},"default_variation":null},"tiered_pricing_minimum_quantity":null,"tiered_pricing_roles_data":[],"tiered_pricing_percentage_rules":[],"_links":{"self":[{"href":"https:\/\/haypee.com\/sv\/wp-json\/wp\/v2\/product\/10764","targetHints":{"allow":["GET"]}}],"collection":[{"href":"https:\/\/haypee.com\/sv\/wp-json\/wp\/v2\/product"}],"about":[{"href":"https:\/\/haypee.com\/sv\/wp-json\/wp\/v2\/types\/product"}],"replies":[{"embeddable":true,"href":"https:\/\/haypee.com\/sv\/wp-json\/wp\/v2\/comments?post=10764"}],"wp:featuredmedia":[{"embeddable":true,"href":"https:\/\/haypee.com\/sv\/wp-json\/wp\/v2\/media\/14977"}],"wp:attachment":[{"href":"https:\/\/haypee.com\/sv\/wp-json\/wp\/v2\/media?parent=10764"}],"wp:term":[{"taxonomy":"product_brand","embeddable":true,"href":"https:\/\/haypee.com\/sv\/wp-json\/wp\/v2\/product_brand?post=10764"},{"taxonomy":"product_cat","embeddable":true,"href":"https:\/\/haypee.com\/sv\/wp-json\/wp\/v2\/product_cat?post=10764"},{"taxonomy":"product_tag","embeddable":true,"href":"https:\/\/haypee.com\/sv\/wp-json\/wp\/v2\/product_tag?post=10764"}],"curies":[{"name":"wp","href":"https:\/\/api.w.org\/{rel}","templated":true}]}}