{"id":1079,"date":"2023-11-10T08:16:22","date_gmt":"2023-11-10T08:16:22","guid":{"rendered":"https:\/\/haypee.com\/product\/hunter\/"},"modified":"2026-01-05T23:11:21","modified_gmt":"2026-01-05T16:11:21","slug":"hunter-portionssnus","status":"publish","type":"product","link":"https:\/\/haypee.com\/sv\/product\/hunter-portionssnus\/","title":{"rendered":"Bell Hunter Snus"},"content":{"rendered":"<h2>Bell Snus Hunter Flavor &#8211; 25 portioner medelfyllig tobak<\/h2>\n<p>Uppt\u00e4ck den unika och aromatiska profilen hos <strong>Hunter White Portion<\/strong>, ett raffinerat snus som har en medelfyllig tobakssmak berikad med h\u00e4rliga inslag av enb\u00e4r, lavendel, citron och cedertr\u00e4, balanserat med en touch av s\u00f6tma.<br \/>\nPerfekt f\u00f6r den som s\u00f6ker en sofistikerad snusupplevelse.<\/p>\n<h3><strong>Varf\u00f6r v\u00e4lja Bell Hunter Snus?<\/strong><\/h3>\n<ul>\n<li><strong><span style=\"text-decoration: underline;\">Utm\u00e4rkande smakprofil<\/span>:<\/strong> Njut av den harmoniska blandningen av enb\u00e4r och lavendel som kompletteras med pikant citron och v\u00e4rmen fr\u00e5n cedertr\u00e4.<\/li>\n<li><strong><span style=\"text-decoration: underline;\">Bekv\u00e4m f\u00f6rpackningsstorlek<\/span>:<\/strong> Varje p\u00e5se inneh\u00e5ller 25 p\u00e5sar, vilket g\u00f6r det enkelt att njuta av din favoritsmak n\u00e4r som helst, var som helst.<\/li>\n<li><strong><span style=\"text-decoration: underline;\">Standard storlek p\u00e5 p\u00e5se<\/span>:<\/strong> Varje p\u00e5se m\u00e4ter 17 x 33 mm och v\u00e4ger 0,6 gram, vilket ger en bekv\u00e4m passform och j\u00e4mn smakavgivning.<\/li>\n<li><strong><span style=\"text-decoration: underline;\">Balanserat nikotininneh\u00e5ll<\/span>:<\/strong> Varje p\u00e5se inneh\u00e5ller 13 mg\/g nikotin, vilket passar b\u00e5de nyb\u00f6rjare och erfarna anv\u00e4ndare.<\/li>\n<li><strong><span style=\"text-decoration: underline;\">pH-balanserad<\/span>:<\/strong> Med ett pH-v\u00e4rde p\u00e5 8,5 f\u00f6rb\u00e4ttrar den den totala smakupplevelsen och nikotintillf\u00f6rseln.<\/li>\n<li><strong><span style=\"text-decoration: underline;\">Hantverk av h\u00f6g kvalitet<\/span>:<\/strong> Tillverkad med precision f\u00f6r att s\u00e4kerst\u00e4lla att varje dosa ger en fr\u00e4sch och njutbar snusupplevelse.<br \/>\nSvensktillverkad i Thailand.<\/li>\n<\/ul>\n","protected":false},"excerpt":{"rendered":"<p>\u00c5terf\u00f6rs\u00e4ljarpris: K\u00f6p 10 st f\u00f6r 129 \u0e3f<\/p>\n","protected":false},"featured_media":15706,"comment_status":"open","ping_status":"closed","template":"","meta":{"_et_pb_use_builder":"","_et_pb_old_content":"","_et_gb_content_width":"","_themeisle_gutenberg_block_has_review":false},"product_brand":[116],"product_cat":[38,102],"product_tag":[],"class_list":{"0":"post-1079","1":"product","2":"type-product","3":"status-publish","4":"has-post-thumbnail","6":"product_brand-bell","7":"product_cat-bell-sv","8":"product_cat-pase","10":"first","11":"instock","12":"taxable","13":"shipping-taxable","14":"product-type-simple"},"tiered_pricing_type":"fixed","tiered_pricing_fixed_rules":[],"tiered_pricing_product_settings":{"layout":"default","base_unit_name":{"singular":null,"plural":null},"default_variation":null},"tiered_pricing_minimum_quantity":null,"tiered_pricing_roles_data":[],"tiered_pricing_percentage_rules":[],"_links":{"self":[{"href":"https:\/\/haypee.com\/sv\/wp-json\/wp\/v2\/product\/1079","targetHints":{"allow":["GET"]}}],"collection":[{"href":"https:\/\/haypee.com\/sv\/wp-json\/wp\/v2\/product"}],"about":[{"href":"https:\/\/haypee.com\/sv\/wp-json\/wp\/v2\/types\/product"}],"replies":[{"embeddable":true,"href":"https:\/\/haypee.com\/sv\/wp-json\/wp\/v2\/comments?post=1079"}],"wp:featuredmedia":[{"embeddable":true,"href":"https:\/\/haypee.com\/sv\/wp-json\/wp\/v2\/media\/15706"}],"wp:attachment":[{"href":"https:\/\/haypee.com\/sv\/wp-json\/wp\/v2\/media?parent=1079"}],"wp:term":[{"taxonomy":"product_brand","embeddable":true,"href":"https:\/\/haypee.com\/sv\/wp-json\/wp\/v2\/product_brand?post=1079"},{"taxonomy":"product_cat","embeddable":true,"href":"https:\/\/haypee.com\/sv\/wp-json\/wp\/v2\/product_cat?post=1079"},{"taxonomy":"product_tag","embeddable":true,"href":"https:\/\/haypee.com\/sv\/wp-json\/wp\/v2\/product_tag?post=1079"}],"curies":[{"name":"wp","href":"https:\/\/api.w.org\/{rel}","templated":true}]}}