{"id":1099,"date":"2023-11-10T08:07:57","date_gmt":"2023-11-10T01:07:57","guid":{"rendered":"https:\/\/haypee.com\/product\/special\/"},"modified":"2026-01-05T23:06:01","modified_gmt":"2026-01-05T16:06:01","slug":"special-portionssnus","status":"publish","type":"product","link":"https:\/\/haypee.com\/sv\/product\/special-portionssnus\/","title":{"rendered":"Bell Special Snus"},"content":{"rendered":"<h2>25 Bell Special vitt portionssnus &#8211; smak av bergamott och citron<\/h2>\n<p>Sk\u00e4m bort dig med den rika, aromatiska upplevelsen av Haypee&#8217;s Special Portion Snus, som tillverkas av experter h\u00e4r i Thailand.<br \/>\nDenna premiumprodukt \u00e4r speciellt utformad f\u00f6r den kr\u00e4sne snusentusiasten och kombinerar de friska tonerna av bergamott med en subtil antydan av r\u00f6k och citron, vilket skapar en smakprofil som \u00e4r b\u00e5de uppfriskande och uppfriskande.<\/p>\n<h4 id=\"why-choose-haypee-special-portion-snus-\">Varf\u00f6r v\u00e4lja Haypee Special Portion Snus?<\/h4>\n<ul>\n<li><span style=\"text-decoration: underline;\"><strong>\u00d6verl\u00e4gsen kvalitet<\/strong><\/span>: Tillverkas lokalt i Thailand av Haypee, vilket garanterar f\u00f6rstklassig kvalitet och f\u00e4rskhet i varje p\u00e5se.<\/li>\n<li><span style=\"text-decoration: underline;\"><strong>Balanserad smak<\/strong><\/span>: Den perfekta blandningen av bergamott och citron med en viskning av r\u00f6k ger en unikt tillfredsst\u00e4llande smak.<\/li>\n<li><span style=\"text-decoration: underline;\"><strong>Bekv\u00e4mlighet<\/strong><\/span>: Varje p\u00e5se inneh\u00e5ller 25 normalstora p\u00e5sar (17 x 33 mm), som v\u00e4ger 0,6 gram per p\u00e5se, vilket g\u00f6r det enkelt att njuta n\u00e4r du \u00e4r p\u00e5 spr\u00e5ng.<\/li>\n<li><span style=\"text-decoration: underline;\"><strong>Inneh\u00e5ll av nikotin<\/strong><\/span>: Med 13 mg\/g nikotin ger den en mjuk och j\u00e4mn upplevelse.<\/li>\n<li><span style=\"text-decoration: underline;\"><strong>Anv\u00e4ndarv\u00e4nliga f\u00f6rpackningar<\/strong><\/span>: Levereras i en praktisk zip-p\u00e5se f\u00f6r ultimat bekv\u00e4mlighet och f\u00e4rskhet.<\/li>\n<\/ul>\n","protected":false},"excerpt":{"rendered":"<p>\u00c5terf\u00f6rs\u00e4ljarpris: K\u00f6p 10 st f\u00f6r 129 \u0e3f<\/p>\n","protected":false},"featured_media":1276,"comment_status":"open","ping_status":"closed","template":"","meta":{"_et_pb_use_builder":"off","_et_pb_old_content":"Special Portion snus \u00e4r smaksatt med bergamott och en antydan till r\u00f6k och citron.","_et_gb_content_width":"","_themeisle_gutenberg_block_has_review":false},"product_brand":[116],"product_cat":[38,102],"product_tag":[],"class_list":{"0":"post-1099","1":"product","2":"type-product","3":"status-publish","4":"has-post-thumbnail","6":"product_brand-bell","7":"product_cat-bell-sv","8":"product_cat-pase","10":"first","11":"instock","12":"taxable","13":"shipping-taxable","14":"product-type-simple"},"tiered_pricing_type":"fixed","tiered_pricing_fixed_rules":[],"tiered_pricing_product_settings":{"layout":"default","base_unit_name":{"singular":null,"plural":null},"default_variation":null},"tiered_pricing_minimum_quantity":null,"tiered_pricing_roles_data":[],"tiered_pricing_percentage_rules":[],"_links":{"self":[{"href":"https:\/\/haypee.com\/sv\/wp-json\/wp\/v2\/product\/1099","targetHints":{"allow":["GET"]}}],"collection":[{"href":"https:\/\/haypee.com\/sv\/wp-json\/wp\/v2\/product"}],"about":[{"href":"https:\/\/haypee.com\/sv\/wp-json\/wp\/v2\/types\/product"}],"replies":[{"embeddable":true,"href":"https:\/\/haypee.com\/sv\/wp-json\/wp\/v2\/comments?post=1099"}],"wp:featuredmedia":[{"embeddable":true,"href":"https:\/\/haypee.com\/sv\/wp-json\/wp\/v2\/media\/1276"}],"wp:attachment":[{"href":"https:\/\/haypee.com\/sv\/wp-json\/wp\/v2\/media?parent=1099"}],"wp:term":[{"taxonomy":"product_brand","embeddable":true,"href":"https:\/\/haypee.com\/sv\/wp-json\/wp\/v2\/product_brand?post=1099"},{"taxonomy":"product_cat","embeddable":true,"href":"https:\/\/haypee.com\/sv\/wp-json\/wp\/v2\/product_cat?post=1099"},{"taxonomy":"product_tag","embeddable":true,"href":"https:\/\/haypee.com\/sv\/wp-json\/wp\/v2\/product_tag?post=1099"}],"curies":[{"name":"wp","href":"https:\/\/api.w.org\/{rel}","templated":true}]}}