{"id":11264,"date":"2024-03-28T17:37:11","date_gmt":"2024-03-28T10:37:11","guid":{"rendered":"https:\/\/haypee.com\/product\/okategoriserad\/mixpack-2-bell-tobacco\/"},"modified":"2026-01-05T23:10:54","modified_gmt":"2026-01-05T16:10:54","slug":"mixpack-2-bell-tobacco","status":"publish","type":"product","link":"https:\/\/haypee.com\/sv\/product\/mixpack-2-bell-tobacco\/","title":{"rendered":"MixPack 2 &#8211; Bell Tobacco"},"content":{"rendered":"<h2><span data-sheets-root=\"1\">3 Bell White Portion Snusf\u00f6rpackningar &#8211; 75 portioner &#8211; Tobakssmak<\/span><\/h2>\n<p>Ett noggrant utvalt urval av premiumsnus som produceras h\u00e4r i Thailand av Haypee. Denna mixf\u00f6rpackning med Bell White Portion Snus ger dig tre distinkta smaker, var och en utformad f\u00f6r att erbjuda en unik och tillfredsst\u00e4llande upplevelse.<\/p>\n<p><strong>Vad finns inuti?<\/strong><\/p>\n<ul>\n<li><span style=\"text-decoration: underline;\"><strong>Bell Commander:<\/strong><\/span> Dyk in i den rika, robusta Commander-v\u00e4rlden, med en klassisk tobakssmak med subtila toner av bergamott, te, l\u00e4der och r\u00f6k.<\/li>\n<li><span style=\"text-decoration: underline;\"><strong>Bell Hunter:<\/strong><\/span> Njut av den medelstarka tobakssmaken fr\u00e5n Hunter, berikad med uppfriskande inslag av enb\u00e4r, lavendel, citron och cedertr\u00e4, balanserad med en touch av s\u00f6tma.<\/li>\n<li><span style=\"text-decoration: underline;\"><strong>Bell lakrits:<\/strong><\/span> Njut av den distinkta r\u00f6kiga smaken av Bell Licorice, smaksatt med \u00e4kta lakrits fr\u00e5n anis.<\/li>\n<\/ul>\n<p>Prova ett MixPack: Betala endast 119 \u0e3f f\u00f6r 25 portioner<\/p>\n","protected":false},"excerpt":{"rendered":"<p>Normalpris: 387 \u0e3f<br \/>\nNu: 357 \u0e3f<br \/>\nSpara: 30 \u0e3f<\/p>\n","protected":false},"featured_media":5084,"comment_status":"open","ping_status":"closed","template":"","meta":{"_et_pb_use_builder":"","_et_pb_old_content":"","_et_gb_content_width":"","_themeisle_gutenberg_block_has_review":false},"product_brand":[116],"product_cat":[95],"product_tag":[],"class_list":{"0":"post-11264","1":"product","2":"type-product","3":"status-publish","4":"has-post-thumbnail","6":"product_brand-bell","7":"product_cat-mixpack-sv","9":"first","10":"instock","11":"taxable","12":"shipping-taxable","13":"product-type-wooco"},"tiered_pricing_type":"fixed","tiered_pricing_fixed_rules":[],"tiered_pricing_product_settings":{"layout":"default","base_unit_name":{"singular":null,"plural":null},"default_variation":null},"tiered_pricing_minimum_quantity":null,"tiered_pricing_roles_data":[],"tiered_pricing_percentage_rules":[],"_links":{"self":[{"href":"https:\/\/haypee.com\/sv\/wp-json\/wp\/v2\/product\/11264","targetHints":{"allow":["GET"]}}],"collection":[{"href":"https:\/\/haypee.com\/sv\/wp-json\/wp\/v2\/product"}],"about":[{"href":"https:\/\/haypee.com\/sv\/wp-json\/wp\/v2\/types\/product"}],"replies":[{"embeddable":true,"href":"https:\/\/haypee.com\/sv\/wp-json\/wp\/v2\/comments?post=11264"}],"wp:featuredmedia":[{"embeddable":true,"href":"https:\/\/haypee.com\/sv\/wp-json\/wp\/v2\/media\/5084"}],"wp:attachment":[{"href":"https:\/\/haypee.com\/sv\/wp-json\/wp\/v2\/media?parent=11264"}],"wp:term":[{"taxonomy":"product_brand","embeddable":true,"href":"https:\/\/haypee.com\/sv\/wp-json\/wp\/v2\/product_brand?post=11264"},{"taxonomy":"product_cat","embeddable":true,"href":"https:\/\/haypee.com\/sv\/wp-json\/wp\/v2\/product_cat?post=11264"},{"taxonomy":"product_tag","embeddable":true,"href":"https:\/\/haypee.com\/sv\/wp-json\/wp\/v2\/product_tag?post=11264"}],"curies":[{"name":"wp","href":"https:\/\/api.w.org\/{rel}","templated":true}]}}