{"id":11931,"date":"2025-06-13T05:07:23","date_gmt":"2025-06-12T22:07:23","guid":{"rendered":"https:\/\/haypee.com\/?post_type=product&#038;p=11931"},"modified":"2026-04-09T13:41:38","modified_gmt":"2026-04-09T06:41:38","slug":"touch-wintergreen","status":"publish","type":"product","link":"https:\/\/haypee.com\/sv\/product\/touch-wintergreen\/","title":{"rendered":"TOUCH WINTERGREEN"},"content":{"rendered":"<p>Dessa dj\u00e4rva, tobaksfria prillor bjuder p\u00e5 en kraftfull vintergr\u00f6nsmak som lugnar sinnena och h\u00e5ller dig fr\u00e4sch hela dagen. Perfekta f\u00f6r dig som s\u00f6ker en stark och tydlig upplevelse med smidig och diskret anv\u00e4ndning.<br data-start=\"230\" data-end=\"233\" \/>Dessa nikotinprillor \u00e4r idealiska f\u00f6r dig som vill ha en uppfriskande och lugnande smak av vintergr\u00f6na kombinerat med en h\u00f6g nikotinhalt. Det \u00e4r ditt sj\u00e4lvklara val f\u00f6r en uppiggande och fr\u00e4sch k\u00e4nsla \u2013 n\u00e4r som helst du beh\u00f6ver det.<\/p>\n","protected":false},"excerpt":{"rendered":"<p>Dessa dj\u00e4rva, tobaksfria prillor bjuder p\u00e5 en kraftfull vintergr\u00f6nsmak som lugnar sinnena och h\u00e5ller dig fr\u00e4sch hela dagen. Perfekta f\u00f6r dig som s\u00f6ker en stark och tydlig upplevelse med smidig och diskret anv\u00e4ndning.Dessa nikotinprillor \u00e4r idealiska f\u00f6r dig som vill ha en uppfriskande och lugnande smak av vintergr\u00f6na kombinerat med en h\u00f6g nikotinhalt. Det \u00e4r [&hellip;]<\/p>\n","protected":false},"featured_media":14962,"comment_status":"open","ping_status":"closed","template":"","meta":{"_et_pb_use_builder":"","_et_pb_old_content":"","_et_gb_content_width":"","_themeisle_gutenberg_block_has_review":false},"product_brand":[118],"product_cat":[107],"product_tag":[],"class_list":{"0":"post-11931","1":"product","2":"type-product","3":"status-publish","4":"has-post-thumbnail","6":"product_brand-touch","7":"product_cat-vitt-snus","9":"first","10":"outofstock","11":"featured","12":"taxable","13":"shipping-taxable","14":"product-type-simple"},"tiered_pricing_type":"fixed","tiered_pricing_fixed_rules":[],"tiered_pricing_product_settings":{"layout":"default","base_unit_name":{"singular":null,"plural":null},"default_variation":null},"tiered_pricing_minimum_quantity":null,"tiered_pricing_roles_data":[],"tiered_pricing_percentage_rules":[],"_links":{"self":[{"href":"https:\/\/haypee.com\/sv\/wp-json\/wp\/v2\/product\/11931","targetHints":{"allow":["GET"]}}],"collection":[{"href":"https:\/\/haypee.com\/sv\/wp-json\/wp\/v2\/product"}],"about":[{"href":"https:\/\/haypee.com\/sv\/wp-json\/wp\/v2\/types\/product"}],"replies":[{"embeddable":true,"href":"https:\/\/haypee.com\/sv\/wp-json\/wp\/v2\/comments?post=11931"}],"wp:featuredmedia":[{"embeddable":true,"href":"https:\/\/haypee.com\/sv\/wp-json\/wp\/v2\/media\/14962"}],"wp:attachment":[{"href":"https:\/\/haypee.com\/sv\/wp-json\/wp\/v2\/media?parent=11931"}],"wp:term":[{"taxonomy":"product_brand","embeddable":true,"href":"https:\/\/haypee.com\/sv\/wp-json\/wp\/v2\/product_brand?post=11931"},{"taxonomy":"product_cat","embeddable":true,"href":"https:\/\/haypee.com\/sv\/wp-json\/wp\/v2\/product_cat?post=11931"},{"taxonomy":"product_tag","embeddable":true,"href":"https:\/\/haypee.com\/sv\/wp-json\/wp\/v2\/product_tag?post=11931"}],"curies":[{"name":"wp","href":"https:\/\/api.w.org\/{rel}","templated":true}]}}