{"id":11985,"date":"2025-06-19T00:22:05","date_gmt":"2025-06-18T17:22:05","guid":{"rendered":"https:\/\/haypee.com\/?post_type=product&#038;p=11985"},"modified":"2026-01-08T01:18:41","modified_gmt":"2026-01-07T18:18:41","slug":"touch-wintergreen-10-pack","status":"publish","type":"product","link":"https:\/\/haypee.com\/sv\/product\/touch-wintergreen-10-pack\/","title":{"rendered":"Touch Wintergreen 10-pack"},"content":{"rendered":"<p data-start=\"107\" data-end=\"528\">Dessa dj\u00e4rva, tobaksfria portionsp\u00e5sar levererar en kraftfull vintergr\u00f6n smak som lugnar sinnena och h\u00e5ller dig fr\u00e4sch hela dagen. Perfekt f\u00f6r anv\u00e4ndare som s\u00f6ker en stark och p\u00e5taglig k\u00e4nsla i ett diskret format.<br data-start=\"320\" data-end=\"323\" \/>Dessa nikotinp\u00e5sar \u00e4r idealiska f\u00f6r dig som vill ha en uppfriskande explosion av vintergr\u00f6nt tillsammans med en h\u00f6g dos nikotin. Ditt sj\u00e4lvklara val f\u00f6r en uppiggande k\u00e4nsla \u2013 n\u00e4r som helst du beh\u00f6ver det.<\/p>\n<p data-start=\"530\" data-end=\"566\">Observera: Detta \u00e4r ett 10-pack.<\/p>\n<p data-start=\"568\" data-end=\"656\">\n","protected":false},"excerpt":{"rendered":"<p>Dessa dj\u00e4rva, tobaksfria portionsp\u00e5sar levererar en kraftfull vintergr\u00f6n smak som lugnar sinnena och h\u00e5ller dig fr\u00e4sch hela dagen. Perfekt f\u00f6r anv\u00e4ndare som s\u00f6ker en stark och p\u00e5taglig k\u00e4nsla i ett diskret format.Dessa nikotinp\u00e5sar \u00e4r idealiska f\u00f6r dig som vill ha en uppfriskande explosion av vintergr\u00f6nt tillsammans med en h\u00f6g dos nikotin. Ditt sj\u00e4lvklara val f\u00f6r [&hellip;]<\/p>\n","protected":false},"featured_media":15129,"comment_status":"open","ping_status":"closed","template":"","meta":{"_et_pb_use_builder":"","_et_pb_old_content":"","_et_gb_content_width":"","_themeisle_gutenberg_block_has_review":false},"product_brand":[118],"product_cat":[107,56],"product_tag":[],"class_list":{"0":"post-11985","1":"product","2":"type-product","3":"status-publish","4":"has-post-thumbnail","6":"product_brand-touch","7":"product_cat-vitt-snus","8":"product_cat-bigpack-sv","10":"first","11":"outofstock","12":"taxable","13":"shipping-taxable","14":"product-type-simple"},"tiered_pricing_type":"fixed","tiered_pricing_fixed_rules":[],"tiered_pricing_product_settings":{"layout":"default","base_unit_name":{"singular":null,"plural":null},"default_variation":null},"tiered_pricing_minimum_quantity":null,"tiered_pricing_roles_data":[],"tiered_pricing_percentage_rules":[],"_links":{"self":[{"href":"https:\/\/haypee.com\/sv\/wp-json\/wp\/v2\/product\/11985","targetHints":{"allow":["GET"]}}],"collection":[{"href":"https:\/\/haypee.com\/sv\/wp-json\/wp\/v2\/product"}],"about":[{"href":"https:\/\/haypee.com\/sv\/wp-json\/wp\/v2\/types\/product"}],"replies":[{"embeddable":true,"href":"https:\/\/haypee.com\/sv\/wp-json\/wp\/v2\/comments?post=11985"}],"wp:featuredmedia":[{"embeddable":true,"href":"https:\/\/haypee.com\/sv\/wp-json\/wp\/v2\/media\/15129"}],"wp:attachment":[{"href":"https:\/\/haypee.com\/sv\/wp-json\/wp\/v2\/media?parent=11985"}],"wp:term":[{"taxonomy":"product_brand","embeddable":true,"href":"https:\/\/haypee.com\/sv\/wp-json\/wp\/v2\/product_brand?post=11985"},{"taxonomy":"product_cat","embeddable":true,"href":"https:\/\/haypee.com\/sv\/wp-json\/wp\/v2\/product_cat?post=11985"},{"taxonomy":"product_tag","embeddable":true,"href":"https:\/\/haypee.com\/sv\/wp-json\/wp\/v2\/product_tag?post=11985"}],"curies":[{"name":"wp","href":"https:\/\/api.w.org\/{rel}","templated":true}]}}