{"id":12017,"date":"2025-06-20T05:10:58","date_gmt":"2025-06-19T22:10:58","guid":{"rendered":"https:\/\/haypee.com\/?post_type=product&#038;p=12017"},"modified":"2026-01-07T04:39:19","modified_gmt":"2026-01-06T21:39:19","slug":"touch-cola-10-dosor","status":"publish","type":"product","link":"https:\/\/haypee.com\/sv\/product\/touch-cola-10-dosor\/","title":{"rendered":"Touch Cola 10 dosor"},"content":{"rendered":"<p>Dessa dj\u00e4rva, tobaksfria prillor levererar en kraftfull Colasmak som lugnar sinnena och h\u00e5ller dig uppfriskad hela dagen. Perfekt f\u00f6r anv\u00e4ndare som s\u00f6ker en stark, kraftfull k\u00e4nsla med m\u00f6jligheten till diskret anv\u00e4ndning.<br data-start=\"313\" data-end=\"316\" \/>Dessa nikotinprillor \u00e4r idealiska f\u00f6r dem som vill ha en lugnande, uppfriskande Colasmak kombinerat med en h\u00f6g nikotindos. Det \u00e4r ditt sj\u00e4lvklara val f\u00f6r en uppiggande och fr\u00e4sch k\u00e4nsla n\u00e4r du beh\u00f6ver det som mest.<\/p>\n<p data-start=\"622\" data-end=\"652\"><strong data-start=\"622\" data-end=\"630\">Obs:<\/strong> Detta \u00e4r ett 10-pack.<\/p>\n","protected":false},"excerpt":{"rendered":"<p>Dessa dj\u00e4rva, tobaksfria prillor levererar en kraftfull Colasmak som lugnar sinnena och h\u00e5ller dig uppfriskad hela dagen. Perfekt f\u00f6r anv\u00e4ndare som s\u00f6ker en stark, kraftfull k\u00e4nsla med m\u00f6jligheten till diskret anv\u00e4ndning.Dessa nikotinprillor \u00e4r idealiska f\u00f6r dem som vill ha en lugnande, uppfriskande Colasmak kombinerat med en h\u00f6g nikotindos. Det \u00e4r ditt sj\u00e4lvklara val f\u00f6r en [&hellip;]<\/p>\n","protected":false},"featured_media":15365,"comment_status":"open","ping_status":"closed","template":"","meta":{"_et_pb_use_builder":"","_et_pb_old_content":"","_et_gb_content_width":"","_themeisle_gutenberg_block_has_review":false},"product_brand":[118],"product_cat":[107,56],"product_tag":[],"class_list":{"0":"post-12017","1":"product","2":"type-product","3":"status-publish","4":"has-post-thumbnail","6":"product_brand-touch","7":"product_cat-vitt-snus","8":"product_cat-bigpack-sv","10":"first","11":"instock","12":"taxable","13":"shipping-taxable","14":"product-type-simple"},"tiered_pricing_type":"fixed","tiered_pricing_fixed_rules":[],"tiered_pricing_product_settings":{"layout":"default","base_unit_name":{"singular":null,"plural":null},"default_variation":null},"tiered_pricing_minimum_quantity":null,"tiered_pricing_roles_data":[],"tiered_pricing_percentage_rules":[],"_links":{"self":[{"href":"https:\/\/haypee.com\/sv\/wp-json\/wp\/v2\/product\/12017","targetHints":{"allow":["GET"]}}],"collection":[{"href":"https:\/\/haypee.com\/sv\/wp-json\/wp\/v2\/product"}],"about":[{"href":"https:\/\/haypee.com\/sv\/wp-json\/wp\/v2\/types\/product"}],"replies":[{"embeddable":true,"href":"https:\/\/haypee.com\/sv\/wp-json\/wp\/v2\/comments?post=12017"}],"wp:featuredmedia":[{"embeddable":true,"href":"https:\/\/haypee.com\/sv\/wp-json\/wp\/v2\/media\/15365"}],"wp:attachment":[{"href":"https:\/\/haypee.com\/sv\/wp-json\/wp\/v2\/media?parent=12017"}],"wp:term":[{"taxonomy":"product_brand","embeddable":true,"href":"https:\/\/haypee.com\/sv\/wp-json\/wp\/v2\/product_brand?post=12017"},{"taxonomy":"product_cat","embeddable":true,"href":"https:\/\/haypee.com\/sv\/wp-json\/wp\/v2\/product_cat?post=12017"},{"taxonomy":"product_tag","embeddable":true,"href":"https:\/\/haypee.com\/sv\/wp-json\/wp\/v2\/product_tag?post=12017"}],"curies":[{"name":"wp","href":"https:\/\/api.w.org\/{rel}","templated":true}]}}