{"id":13080,"date":"2025-08-18T15:17:28","date_gmt":"2025-08-18T08:17:28","guid":{"rendered":"https:\/\/haypee.com\/product\/okategoriserad\/zyn-cool-mint-strong\/"},"modified":"2026-02-03T23:49:15","modified_gmt":"2026-02-03T16:49:15","slug":"zyn-cool-mint-strong","status":"publish","type":"product","link":"https:\/\/haypee.com\/sv\/product\/zyn-cool-mint-strong\/","title":{"rendered":"ZYN Cool Mint Strong"},"content":{"rendered":"<p><strong>ZYN Cool Mint<\/strong> ger en uppfriskande och stimulerande upplevelse med sin karakteristiska mentolsmak. ZYN:s komponenter utm\u00e4rker sig genom sin kritvita f\u00e4rg, lilla storlek och torra konsistens. N\u00e4r de kommer i kontakt med fukt frig\u00f6rs den behagliga smaken och k\u00e4nslan av mentol och nikotin omedelbart. Njut av den fr\u00e4scha smaken av mentol i ett praktiskt och portabelt format med <strong>ZYN Cool Mint<\/strong>.<\/p>\n<p>&nbsp;<\/p>\n\n<table id=\"tablepress-151\" class=\"tablepress tablepress-id-151\">\n<thead>\n<tr class=\"row-1\">\n\t<th class=\"column-1\">Category:<\/th><th class=\"column-2\">Nicotine pouches<\/th>\n<\/tr>\n<\/thead>\n<tbody class=\"row-striping row-hover\">\n<tr class=\"row-2\">\n\t<td class=\"column-1\">Flavor:<\/td><td class=\"column-2\">Mint, Mentol, Peppermint<\/td>\n<\/tr>\n<tr class=\"row-3\">\n\t<td class=\"column-1\">Strength definition:<\/td><td class=\"column-2\">Strong<\/td>\n<\/tr>\n<tr class=\"row-4\">\n\t<td class=\"column-1\">Manufacturer:<\/td><td class=\"column-2\">Swedish Match<\/td>\n<\/tr>\n<tr class=\"row-5\">\n\t<td class=\"column-1\">Nicotine mg\/pouch:<\/td><td class=\"column-2\">6<\/td>\n<\/tr>\n<tr class=\"row-6\">\n\t<td class=\"column-1\">Pouches per can:<\/td><td class=\"column-2\">20<\/td>\n<\/tr>\n<\/tbody>\n<\/table>\n<!-- #tablepress-151 from cache -->\n","protected":false},"excerpt":{"rendered":"<p>ZYN Cool Mint ger en uppfriskande och stimulerande upplevelse med sin karakteristiska mentolsmak. ZYN:s komponenter utm\u00e4rker sig genom sin kritvita f\u00e4rg, lilla storlek och torra konsistens. N\u00e4r de kommer i kontakt med fukt frig\u00f6rs den behagliga smaken och k\u00e4nslan av mentol och nikotin omedelbart. Njut av den fr\u00e4scha smaken av mentol i ett praktiskt och [&hellip;]<\/p>\n","protected":false},"featured_media":15282,"comment_status":"open","ping_status":"closed","template":"","meta":{"_et_pb_use_builder":"","_et_pb_old_content":"","_et_gb_content_width":"","_themeisle_gutenberg_block_has_review":false},"product_brand":[117],"product_cat":[115,107],"product_tag":[],"class_list":{"0":"post-13080","1":"product","2":"type-product","3":"status-publish","4":"has-post-thumbnail","6":"product_brand-zyn","7":"product_cat-zyn-sv","8":"product_cat-vitt-snus","10":"first","11":"instock","12":"featured","13":"taxable","14":"shipping-taxable","15":"product-type-simple"},"tiered_pricing_type":"fixed","tiered_pricing_fixed_rules":[],"tiered_pricing_product_settings":{"layout":"default","base_unit_name":{"singular":null,"plural":null},"default_variation":null},"tiered_pricing_minimum_quantity":null,"tiered_pricing_roles_data":[],"tiered_pricing_percentage_rules":[],"_links":{"self":[{"href":"https:\/\/haypee.com\/sv\/wp-json\/wp\/v2\/product\/13080","targetHints":{"allow":["GET"]}}],"collection":[{"href":"https:\/\/haypee.com\/sv\/wp-json\/wp\/v2\/product"}],"about":[{"href":"https:\/\/haypee.com\/sv\/wp-json\/wp\/v2\/types\/product"}],"replies":[{"embeddable":true,"href":"https:\/\/haypee.com\/sv\/wp-json\/wp\/v2\/comments?post=13080"}],"wp:featuredmedia":[{"embeddable":true,"href":"https:\/\/haypee.com\/sv\/wp-json\/wp\/v2\/media\/15282"}],"wp:attachment":[{"href":"https:\/\/haypee.com\/sv\/wp-json\/wp\/v2\/media?parent=13080"}],"wp:term":[{"taxonomy":"product_brand","embeddable":true,"href":"https:\/\/haypee.com\/sv\/wp-json\/wp\/v2\/product_brand?post=13080"},{"taxonomy":"product_cat","embeddable":true,"href":"https:\/\/haypee.com\/sv\/wp-json\/wp\/v2\/product_cat?post=13080"},{"taxonomy":"product_tag","embeddable":true,"href":"https:\/\/haypee.com\/sv\/wp-json\/wp\/v2\/product_tag?post=13080"}],"curies":[{"name":"wp","href":"https:\/\/api.w.org\/{rel}","templated":true}]}}