{"id":13086,"date":"2025-08-25T20:56:14","date_gmt":"2025-08-25T13:56:14","guid":{"rendered":"https:\/\/haypee.com\/product\/okategoriserad\/zyn-cool-mint-strong-10-cans\/"},"modified":"2026-01-07T05:31:08","modified_gmt":"2026-01-06T22:31:08","slug":"zyn-cool-mint-strong-10-cans","status":"publish","type":"product","link":"https:\/\/haypee.com\/sv\/product\/zyn-cool-mint-strong-10-cans\/","title":{"rendered":"ZYN Cool Mint Strong 10 dosor"},"content":{"rendered":"<p><strong>ZYN Cool Mint<\/strong> erbjuder en uppfriskande och energigivande upplevelse med sin unika mentholsmak. ZYN:s inneh\u00e5ll utm\u00e4rker sig genom sin karakteristiska kritvita f\u00e4rg, lilla storlek och torra textur. S\u00e5 snart det kommer i kontakt med fukt frig\u00f6rs den behagliga smaken och k\u00e4nslan av mentol och nikotin omedelbart. Upplev den friska smaken av mentol i ett bekv\u00e4mt och l\u00e4ttburet format med <strong>ZYN Cool Mint.<\/strong><\/p>\n<p>&nbsp;<\/p>\n\n<table id=\"tablepress-151\" class=\"tablepress tablepress-id-151\">\n<thead>\n<tr class=\"row-1\">\n\t<th class=\"column-1\">Category:<\/th><th class=\"column-2\">Nicotine pouches<\/th>\n<\/tr>\n<\/thead>\n<tbody class=\"row-striping row-hover\">\n<tr class=\"row-2\">\n\t<td class=\"column-1\">Flavor:<\/td><td class=\"column-2\">Mint, Mentol, Peppermint<\/td>\n<\/tr>\n<tr class=\"row-3\">\n\t<td class=\"column-1\">Strength definition:<\/td><td class=\"column-2\">Strong<\/td>\n<\/tr>\n<tr class=\"row-4\">\n\t<td class=\"column-1\">Manufacturer:<\/td><td class=\"column-2\">Swedish Match<\/td>\n<\/tr>\n<tr class=\"row-5\">\n\t<td class=\"column-1\">Nicotine mg\/pouch:<\/td><td class=\"column-2\">6<\/td>\n<\/tr>\n<tr class=\"row-6\">\n\t<td class=\"column-1\">Pouches per can:<\/td><td class=\"column-2\">20<\/td>\n<\/tr>\n<\/tbody>\n<\/table>\n<!-- #tablepress-151 from cache -->\n","protected":false},"excerpt":{"rendered":"<p>ZYN Cool Mint erbjuder en uppfriskande och energigivande upplevelse med sin unika mentholsmak. ZYN:s inneh\u00e5ll utm\u00e4rker sig genom sin karakteristiska kritvita f\u00e4rg, lilla storlek och torra textur. S\u00e5 snart det kommer i kontakt med fukt frig\u00f6rs den behagliga smaken och k\u00e4nslan av mentol och nikotin omedelbart. Upplev den friska smaken av mentol i ett bekv\u00e4mt [&hellip;]<\/p>\n","protected":false},"featured_media":15643,"comment_status":"open","ping_status":"closed","template":"","meta":{"_et_pb_use_builder":"","_et_pb_old_content":"","_et_gb_content_width":"","_themeisle_gutenberg_block_has_review":false},"product_brand":[117],"product_cat":[107,56,115],"product_tag":[],"class_list":{"0":"post-13086","1":"product","2":"type-product","3":"status-publish","4":"has-post-thumbnail","6":"product_brand-zyn","7":"product_cat-vitt-snus","8":"product_cat-bigpack-sv","9":"product_cat-zyn-sv","11":"first","12":"instock","13":"taxable","14":"shipping-taxable","15":"product-type-simple"},"tiered_pricing_type":"fixed","tiered_pricing_fixed_rules":[],"tiered_pricing_product_settings":{"layout":"default","base_unit_name":{"singular":null,"plural":null},"default_variation":null},"tiered_pricing_minimum_quantity":null,"tiered_pricing_roles_data":[],"tiered_pricing_percentage_rules":[],"_links":{"self":[{"href":"https:\/\/haypee.com\/sv\/wp-json\/wp\/v2\/product\/13086","targetHints":{"allow":["GET"]}}],"collection":[{"href":"https:\/\/haypee.com\/sv\/wp-json\/wp\/v2\/product"}],"about":[{"href":"https:\/\/haypee.com\/sv\/wp-json\/wp\/v2\/types\/product"}],"replies":[{"embeddable":true,"href":"https:\/\/haypee.com\/sv\/wp-json\/wp\/v2\/comments?post=13086"}],"wp:featuredmedia":[{"embeddable":true,"href":"https:\/\/haypee.com\/sv\/wp-json\/wp\/v2\/media\/15643"}],"wp:attachment":[{"href":"https:\/\/haypee.com\/sv\/wp-json\/wp\/v2\/media?parent=13086"}],"wp:term":[{"taxonomy":"product_brand","embeddable":true,"href":"https:\/\/haypee.com\/sv\/wp-json\/wp\/v2\/product_brand?post=13086"},{"taxonomy":"product_cat","embeddable":true,"href":"https:\/\/haypee.com\/sv\/wp-json\/wp\/v2\/product_cat?post=13086"},{"taxonomy":"product_tag","embeddable":true,"href":"https:\/\/haypee.com\/sv\/wp-json\/wp\/v2\/product_tag?post=13086"}],"curies":[{"name":"wp","href":"https:\/\/api.w.org\/{rel}","templated":true}]}}