{"id":13087,"date":"2025-08-26T13:43:03","date_gmt":"2025-08-26T06:43:03","guid":{"rendered":"https:\/\/haypee.com\/product\/okategoriserad\/zyn-spearmint-10-cans\/"},"modified":"2026-01-07T05:25:09","modified_gmt":"2026-01-06T22:25:09","slug":"zyn-spearmint-10-cans","status":"publish","type":"product","link":"https:\/\/haypee.com\/sv\/product\/zyn-spearmint-10-cans\/","title":{"rendered":"ZYN SpearMint 10 dosor"},"content":{"rendered":"<p><strong>ZYN Spearmint<\/strong> erbjuder en uppfriskande och energigivande upplevelse med sin unika spearmintsmak. Inneh\u00e5llet i ZYN utm\u00e4rker sig med sin karakteristiska kritvita f\u00e4rg, lilla storlek och torra textur. S\u00e5 snart det kommer i kontakt med fukt frig\u00f6rs den behagliga smaken och k\u00e4nslan av spearmint och nikotin omedelbart. Njut av den friska spearmintsmaken i ett bekv\u00e4mt och portabelt format med<strong> ZYN Spearmint.<\/strong><\/p>\n<p>&nbsp;<\/p>\n\n<table id=\"tablepress-154\" class=\"tablepress tablepress-id-154\">\n<thead>\n<tr class=\"row-1\">\n\t<th class=\"column-1\">Portion size:<\/th><th class=\"column-2\">Mini<\/th>\n<\/tr>\n<\/thead>\n<tbody class=\"row-striping row-hover\">\n<tr class=\"row-2\">\n\t<td class=\"column-1\">Nicotine strength (mg\/pouch):<\/td><td class=\"column-2\">3<\/td>\n<\/tr>\n<tr class=\"row-3\">\n\t<td class=\"column-1\">Country of origin:<\/td><td class=\"column-2\">Sweden<\/td>\n<\/tr>\n<tr class=\"row-4\">\n\t<td class=\"column-1\">Strength:<\/td><td class=\"column-2\">Light<\/td>\n<\/tr>\n<tr class=\"row-5\">\n\t<td class=\"column-1\">Flavor:<\/td><td class=\"column-2\">Spearmint<\/td>\n<\/tr>\n<tr class=\"row-6\">\n\t<td class=\"column-1\">Content per can (grams):<\/td><td class=\"column-2\">8<\/td>\n<\/tr>\n<tr class=\"row-7\">\n\t<td class=\"column-1\">Weight per pouch (grams):<\/td><td class=\"column-2\">0.4<\/td>\n<\/tr>\n<tr class=\"row-8\">\n\t<td class=\"column-1\">Pouches per can:<\/td><td class=\"column-2\">20<\/td>\n<\/tr>\n<tr class=\"row-9\">\n\t<td class=\"column-1\">Manufacturer:<\/td><td class=\"column-2\">Swedish Match<\/td>\n<\/tr>\n<tr class=\"row-10\">\n\t<td class=\"column-1\">Brand:<\/td><td class=\"column-2\">Z YN<\/td>\n<\/tr>\n<\/tbody>\n<\/table>\n\n","protected":false},"excerpt":{"rendered":"<p>ZYN Spearmint erbjuder en uppfriskande och energigivande upplevelse med sin unika spearmintsmak. Inneh\u00e5llet i ZYN utm\u00e4rker sig med sin karakteristiska kritvita f\u00e4rg, lilla storlek och torra textur. S\u00e5 snart det kommer i kontakt med fukt frig\u00f6rs den behagliga smaken och k\u00e4nslan av spearmint och nikotin omedelbart. Njut av den friska spearmintsmaken i ett bekv\u00e4mt och [&hellip;]<\/p>\n","protected":false},"featured_media":15649,"comment_status":"open","ping_status":"closed","template":"","meta":{"_et_pb_use_builder":"","_et_pb_old_content":"","_et_gb_content_width":"","_themeisle_gutenberg_block_has_review":false},"product_brand":[117],"product_cat":[107,56,115],"product_tag":[],"class_list":{"0":"post-13087","1":"product","2":"type-product","3":"status-publish","4":"has-post-thumbnail","6":"product_brand-zyn","7":"product_cat-vitt-snus","8":"product_cat-bigpack-sv","9":"product_cat-zyn-sv","11":"first","12":"instock","13":"taxable","14":"shipping-taxable","15":"product-type-simple"},"tiered_pricing_type":"fixed","tiered_pricing_fixed_rules":[],"tiered_pricing_product_settings":{"layout":"default","base_unit_name":{"singular":null,"plural":null},"default_variation":null},"tiered_pricing_minimum_quantity":null,"tiered_pricing_roles_data":[],"tiered_pricing_percentage_rules":[],"_links":{"self":[{"href":"https:\/\/haypee.com\/sv\/wp-json\/wp\/v2\/product\/13087","targetHints":{"allow":["GET"]}}],"collection":[{"href":"https:\/\/haypee.com\/sv\/wp-json\/wp\/v2\/product"}],"about":[{"href":"https:\/\/haypee.com\/sv\/wp-json\/wp\/v2\/types\/product"}],"replies":[{"embeddable":true,"href":"https:\/\/haypee.com\/sv\/wp-json\/wp\/v2\/comments?post=13087"}],"wp:featuredmedia":[{"embeddable":true,"href":"https:\/\/haypee.com\/sv\/wp-json\/wp\/v2\/media\/15649"}],"wp:attachment":[{"href":"https:\/\/haypee.com\/sv\/wp-json\/wp\/v2\/media?parent=13087"}],"wp:term":[{"taxonomy":"product_brand","embeddable":true,"href":"https:\/\/haypee.com\/sv\/wp-json\/wp\/v2\/product_brand?post=13087"},{"taxonomy":"product_cat","embeddable":true,"href":"https:\/\/haypee.com\/sv\/wp-json\/wp\/v2\/product_cat?post=13087"},{"taxonomy":"product_tag","embeddable":true,"href":"https:\/\/haypee.com\/sv\/wp-json\/wp\/v2\/product_tag?post=13087"}],"curies":[{"name":"wp","href":"https:\/\/api.w.org\/{rel}","templated":true}]}}