{"id":13088,"date":"2025-08-26T13:46:02","date_gmt":"2025-08-26T06:46:02","guid":{"rendered":"https:\/\/haypee.com\/product\/okategoriserad\/zyn-coffee-10-cans\/"},"modified":"2026-01-05T22:42:26","modified_gmt":"2026-01-05T15:42:26","slug":"zyn-coffee-10-cans","status":"publish","type":"product","link":"https:\/\/haypee.com\/sv\/product\/zyn-coffee-10-cans\/","title":{"rendered":"ZYN Coffee 10 cans"},"content":{"rendered":"<p><strong>ZYN Coffee<\/strong> ger en uppfriskande och energigivande upplevelse med sin unika kaffesmak. ZYN:s inneh\u00e5ll utm\u00e4rker sig genom sin karakteristiska kritvita f\u00e4rg, lilla storlek och torra textur. S\u00e5 snart det kommer i kontakt med fukt frig\u00f6rs den behagliga smaken och k\u00e4nslan av kafeeoch nikotin omedelbart. Njut av den friska smaken av kaffe i ett bekv\u00e4mt och l\u00e4ttburet format med <strong>ZYN Coffee.<\/strong><\/p>\n<p>&nbsp;<\/p>\n\n<table id=\"tablepress-157\" class=\"tablepress tablepress-id-157\">\n<thead>\n<tr class=\"row-1\">\n\t<th class=\"column-1\">Portion size:<\/th><th class=\"column-2\">Mini<\/th>\n<\/tr>\n<\/thead>\n<tbody class=\"row-striping row-hover\">\n<tr class=\"row-2\">\n\t<td class=\"column-1\">Nicotine strength (mg\/pouch):<\/td><td class=\"column-2\">3<\/td>\n<\/tr>\n<tr class=\"row-3\">\n\t<td class=\"column-1\">Country of origin:<\/td><td class=\"column-2\">Sweden<\/td>\n<\/tr>\n<tr class=\"row-4\">\n\t<td class=\"column-1\">Strength:<\/td><td class=\"column-2\">Light<\/td>\n<\/tr>\n<tr class=\"row-5\">\n\t<td class=\"column-1\">Flavor:<\/td><td class=\"column-2\">Coffee<\/td>\n<\/tr>\n<tr class=\"row-6\">\n\t<td class=\"column-1\">Content per can (grams):<\/td><td class=\"column-2\">8<\/td>\n<\/tr>\n<tr class=\"row-7\">\n\t<td class=\"column-1\">Weight per pouch (grams):<\/td><td class=\"column-2\">0.4<\/td>\n<\/tr>\n<tr class=\"row-8\">\n\t<td class=\"column-1\">Pouches per can:<\/td><td class=\"column-2\">20<\/td>\n<\/tr>\n<tr class=\"row-9\">\n\t<td class=\"column-1\">Manufacturer:<\/td><td class=\"column-2\">Swedish Match<\/td>\n<\/tr>\n<tr class=\"row-10\">\n\t<td class=\"column-1\">Brand:<\/td><td class=\"column-2\">ZYN<\/td>\n<\/tr>\n<\/tbody>\n<\/table>\n\n","protected":false},"excerpt":{"rendered":"<p>ZYN Coffee ger en uppfriskande och energigivande upplevelse med sin unika kaffesmak. ZYN:s inneh\u00e5ll utm\u00e4rker sig genom sin karakteristiska kritvita f\u00e4rg, lilla storlek och torra textur. S\u00e5 snart det kommer i kontakt med fukt frig\u00f6rs den behagliga smaken och k\u00e4nslan av kafeeoch nikotin omedelbart. Njut av den friska smaken av kaffe i ett bekv\u00e4mt och [&hellip;]<\/p>\n","protected":false},"featured_media":15652,"comment_status":"open","ping_status":"closed","template":"","meta":{"_et_pb_use_builder":"","_et_pb_old_content":"","_et_gb_content_width":"","_themeisle_gutenberg_block_has_review":false},"product_brand":[117],"product_cat":[56,107,115],"product_tag":[],"class_list":{"0":"post-13088","1":"product","2":"type-product","3":"status-publish","4":"has-post-thumbnail","6":"product_brand-zyn","7":"product_cat-bigpack-sv","8":"product_cat-vitt-snus","9":"product_cat-zyn-sv","11":"first","12":"instock","13":"taxable","14":"shipping-taxable","15":"product-type-simple"},"tiered_pricing_type":"fixed","tiered_pricing_fixed_rules":[],"tiered_pricing_product_settings":{"layout":"default","base_unit_name":{"singular":null,"plural":null},"default_variation":null},"tiered_pricing_minimum_quantity":null,"tiered_pricing_roles_data":[],"tiered_pricing_percentage_rules":[],"_links":{"self":[{"href":"https:\/\/haypee.com\/sv\/wp-json\/wp\/v2\/product\/13088","targetHints":{"allow":["GET"]}}],"collection":[{"href":"https:\/\/haypee.com\/sv\/wp-json\/wp\/v2\/product"}],"about":[{"href":"https:\/\/haypee.com\/sv\/wp-json\/wp\/v2\/types\/product"}],"replies":[{"embeddable":true,"href":"https:\/\/haypee.com\/sv\/wp-json\/wp\/v2\/comments?post=13088"}],"wp:featuredmedia":[{"embeddable":true,"href":"https:\/\/haypee.com\/sv\/wp-json\/wp\/v2\/media\/15652"}],"wp:attachment":[{"href":"https:\/\/haypee.com\/sv\/wp-json\/wp\/v2\/media?parent=13088"}],"wp:term":[{"taxonomy":"product_brand","embeddable":true,"href":"https:\/\/haypee.com\/sv\/wp-json\/wp\/v2\/product_brand?post=13088"},{"taxonomy":"product_cat","embeddable":true,"href":"https:\/\/haypee.com\/sv\/wp-json\/wp\/v2\/product_cat?post=13088"},{"taxonomy":"product_tag","embeddable":true,"href":"https:\/\/haypee.com\/sv\/wp-json\/wp\/v2\/product_tag?post=13088"}],"curies":[{"name":"wp","href":"https:\/\/api.w.org\/{rel}","templated":true}]}}