{"id":13099,"date":"2023-11-08T09:54:29","date_gmt":"2023-11-08T02:54:29","guid":{"rendered":"https:\/\/haypee.com\/product\/okategoriserad\/zyn-4-pack\/"},"modified":"2026-03-18T06:44:58","modified_gmt":"2026-03-17T23:44:58","slug":"zyn-4-pack","status":"publish","type":"product","link":"https:\/\/haypee.com\/sv\/product\/zyn-4-pack\/","title":{"rendered":"ZYN 4 PACK"},"content":{"rendered":"<p><strong>ZYN Coffee<\/strong> erbjuder en uppfriskande och stimulerande upplevelse med sin unika kaffesmak. ZYN:s komponenter utm\u00e4rker sig genom sin karakteristiska kritvita f\u00e4rg, lilla storlek och torra konsistens. S\u00e5 snart de kommer i kontakt med fukt frig\u00f6rs den behagliga smaken och k\u00e4nslan av mentol och nikotin omedelbart. Njut av den fr\u00e4scha kaffesmaken i ett praktiskt och portabelt format med <strong>ZYN Coffee.<\/strong><\/p>\n<p><strong>ZYN Spearmint <\/strong>erbjuder en uppfriskande och stimulerande upplevelse med sin unika spearmintsmak. ZYN:s komponenter utm\u00e4rker sig genom sin karakteristiska kritvita f\u00e4rg, lilla storlek och torra konsistens. S\u00e5 snart de kommer i kontakt med fukt frig\u00f6rs den behagliga smaken och k\u00e4nslan av spearmint och nikotin omedelbart. Njut av den uppfriskande smaken av spearmint i ett praktiskt och portabelt format med <strong>ZYN Spearmint.<\/strong><\/p>\n<p><strong>ZYN Cool Mint<\/strong> erbjuder en uppfriskande och stimulerande upplevelse med sin distinkta mentolsmak. ZYN:s komponenter utm\u00e4rker sig genom sin unika kritvita f\u00e4rg, lilla storlek och torra konsistens. S\u00e5 snart de kommer i kontakt med fukt frig\u00f6rs den behagliga smaken och k\u00e4nslan av mentol och nikotin omedelbart. Njut av den fr\u00e4scha smaken av mentol i ett praktiskt och portabelt format med<strong> ZYN Cool Mint.<\/strong><\/p>\n","protected":false},"excerpt":{"rendered":"<p>ZYN Coffee erbjuder en uppfriskande och stimulerande upplevelse med sin unika kaffesmak. ZYN:s komponenter utm\u00e4rker sig genom sin karakteristiska kritvita f\u00e4rg, lilla storlek och torra konsistens. S\u00e5 snart de kommer i kontakt med fukt frig\u00f6rs den behagliga smaken och k\u00e4nslan av mentol och nikotin omedelbart. Njut av den fr\u00e4scha kaffesmaken i ett praktiskt och portabelt [&hellip;]<\/p>\n","protected":false},"featured_media":15132,"comment_status":"open","ping_status":"closed","template":"","meta":{"_et_pb_use_builder":"","_et_pb_old_content":"","_et_gb_content_width":"","_themeisle_gutenberg_block_has_review":false},"product_brand":[117],"product_cat":[107,56,115],"product_tag":[],"class_list":{"0":"post-13099","1":"product","2":"type-product","3":"status-publish","4":"has-post-thumbnail","6":"product_brand-zyn","7":"product_cat-vitt-snus","8":"product_cat-bigpack-sv","9":"product_cat-zyn-sv","11":"first","12":"instock","13":"taxable","14":"shipping-taxable","15":"product-type-simple"},"tiered_pricing_type":"fixed","tiered_pricing_fixed_rules":[],"tiered_pricing_product_settings":{"layout":"default","base_unit_name":{"singular":null,"plural":null},"default_variation":null},"tiered_pricing_minimum_quantity":null,"tiered_pricing_roles_data":[],"tiered_pricing_percentage_rules":[],"_links":{"self":[{"href":"https:\/\/haypee.com\/sv\/wp-json\/wp\/v2\/product\/13099","targetHints":{"allow":["GET"]}}],"collection":[{"href":"https:\/\/haypee.com\/sv\/wp-json\/wp\/v2\/product"}],"about":[{"href":"https:\/\/haypee.com\/sv\/wp-json\/wp\/v2\/types\/product"}],"replies":[{"embeddable":true,"href":"https:\/\/haypee.com\/sv\/wp-json\/wp\/v2\/comments?post=13099"}],"wp:featuredmedia":[{"embeddable":true,"href":"https:\/\/haypee.com\/sv\/wp-json\/wp\/v2\/media\/15132"}],"wp:attachment":[{"href":"https:\/\/haypee.com\/sv\/wp-json\/wp\/v2\/media?parent=13099"}],"wp:term":[{"taxonomy":"product_brand","embeddable":true,"href":"https:\/\/haypee.com\/sv\/wp-json\/wp\/v2\/product_brand?post=13099"},{"taxonomy":"product_cat","embeddable":true,"href":"https:\/\/haypee.com\/sv\/wp-json\/wp\/v2\/product_cat?post=13099"},{"taxonomy":"product_tag","embeddable":true,"href":"https:\/\/haypee.com\/sv\/wp-json\/wp\/v2\/product_tag?post=13099"}],"curies":[{"name":"wp","href":"https:\/\/api.w.org\/{rel}","templated":true}]}}