{"id":14102,"date":"2025-11-13T23:26:26","date_gmt":"2025-11-13T16:26:26","guid":{"rendered":"https:\/\/haypee.com\/?post_type=product&#038;p=14102"},"modified":"2026-01-10T00:15:20","modified_gmt":"2026-01-09T17:15:20","slug":"touch-arctic-mint","status":"publish","type":"product","link":"https:\/\/haypee.com\/sv\/product\/touch-arctic-mint\/","title":{"rendered":"TOUCH ARCTIC MINT"},"content":{"rendered":"<p>Dessa tobaksfria nikotinp\u00e5sar kommer med en intensiv Arctic Mint-smak som ger en avslappnande och uppfriskande k\u00e4nsla hela dagen. De passar perfekt f\u00f6r dig som vill ha en tydlig och kraftfull upplevelse, samtidigt som de \u00e4r enkla att anv\u00e4nda p\u00e5 ett diskret s\u00e4tt.<\/p>\n<p>Dessa nikotinp\u00e5sar \u00e4r idealiska f\u00f6r dig som vill ha en uppfriskande och avslappnande Arctic Mint-k\u00e4nsla tillsammans med en h\u00f6g nikotinhalt. Ett perfekt val n\u00e4r du vill k\u00e4nna dig pigg och fr\u00e4sch \u2013 n\u00e4r som helst.<\/p>\n","protected":false},"excerpt":{"rendered":"<p>Dessa tobaksfria nikotinp\u00e5sar kommer med en intensiv Arctic Mint-smak som ger en avslappnande och uppfriskande k\u00e4nsla hela dagen. De passar perfekt f\u00f6r dig som vill ha en tydlig och kraftfull upplevelse, samtidigt som de \u00e4r enkla att anv\u00e4nda p\u00e5 ett diskret s\u00e4tt. Dessa nikotinp\u00e5sar \u00e4r idealiska f\u00f6r dig som vill ha en uppfriskande och avslappnande [&hellip;]<\/p>\n","protected":false},"featured_media":15078,"comment_status":"open","ping_status":"closed","template":"","meta":{"_et_pb_use_builder":"","_et_pb_old_content":"","_et_gb_content_width":"","_themeisle_gutenberg_block_has_review":false},"product_brand":[118],"product_cat":[107],"product_tag":[],"class_list":{"0":"post-14102","1":"product","2":"type-product","3":"status-publish","4":"has-post-thumbnail","6":"product_brand-touch","7":"product_cat-vitt-snus","9":"first","10":"instock","11":"taxable","12":"shipping-taxable","13":"product-type-simple"},"tiered_pricing_type":"fixed","tiered_pricing_fixed_rules":[],"tiered_pricing_product_settings":{"layout":"default","base_unit_name":{"singular":null,"plural":null},"default_variation":null},"tiered_pricing_minimum_quantity":null,"tiered_pricing_roles_data":[],"tiered_pricing_percentage_rules":[],"_links":{"self":[{"href":"https:\/\/haypee.com\/sv\/wp-json\/wp\/v2\/product\/14102","targetHints":{"allow":["GET"]}}],"collection":[{"href":"https:\/\/haypee.com\/sv\/wp-json\/wp\/v2\/product"}],"about":[{"href":"https:\/\/haypee.com\/sv\/wp-json\/wp\/v2\/types\/product"}],"replies":[{"embeddable":true,"href":"https:\/\/haypee.com\/sv\/wp-json\/wp\/v2\/comments?post=14102"}],"wp:featuredmedia":[{"embeddable":true,"href":"https:\/\/haypee.com\/sv\/wp-json\/wp\/v2\/media\/15078"}],"wp:attachment":[{"href":"https:\/\/haypee.com\/sv\/wp-json\/wp\/v2\/media?parent=14102"}],"wp:term":[{"taxonomy":"product_brand","embeddable":true,"href":"https:\/\/haypee.com\/sv\/wp-json\/wp\/v2\/product_brand?post=14102"},{"taxonomy":"product_cat","embeddable":true,"href":"https:\/\/haypee.com\/sv\/wp-json\/wp\/v2\/product_cat?post=14102"},{"taxonomy":"product_tag","embeddable":true,"href":"https:\/\/haypee.com\/sv\/wp-json\/wp\/v2\/product_tag?post=14102"}],"curies":[{"name":"wp","href":"https:\/\/api.w.org\/{rel}","templated":true}]}}