{"id":14294,"date":"2025-11-18T05:56:22","date_gmt":"2025-11-17T22:56:22","guid":{"rendered":"https:\/\/haypee.com\/?post_type=product&#038;p=14294"},"modified":"2026-01-07T04:37:29","modified_gmt":"2026-01-06T21:37:29","slug":"touch-arctic-mint-10-cans","status":"publish","type":"product","link":"https:\/\/haypee.com\/sv\/product\/touch-arctic-mint-10-cans\/","title":{"rendered":"Touch Arctic Mint 10 cans"},"content":{"rendered":"<p data-start=\"51\" data-end=\"507\">Dessa dj\u00e4rva, tobaksfria p\u00e5sar ger en kraftfull Arctic Mint-smak som lugnar sinnena och h\u00e5ller dig uppfriskad hela dagen. Perfekt f\u00f6r anv\u00e4ndare som s\u00f6ker en stark, effektfull k\u00e4nsla med bekv\u00e4mligheten av diskret anv\u00e4ndning.<br data-start=\"274\" data-end=\"277\" \/>Dessa nikotinp\u00e5sar \u00e4r idealiska f\u00f6r dem som kr\u00e4ver en lugnande, uppfriskande explosion av vintergr\u00f6n mint kombinerad med en h\u00f6g nikotinhalt. Det \u00e4r ditt sj\u00e4lvklara val f\u00f6r en uppfriskande och sp\u00e4nnande k\u00e4nsla n\u00e4r du beh\u00f6ver det.<\/p>\n<p data-start=\"509\" data-end=\"535\">Obs: Detta \u00e4r ett 10-pack.<\/p>\n","protected":false},"excerpt":{"rendered":"<p>Dessa dj\u00e4rva, tobaksfria p\u00e5sar ger en kraftfull Arctic Mint-smak som lugnar sinnena och h\u00e5ller dig uppfriskad hela dagen. Perfekt f\u00f6r anv\u00e4ndare som s\u00f6ker en stark, effektfull k\u00e4nsla med bekv\u00e4mligheten av diskret anv\u00e4ndning.Dessa nikotinp\u00e5sar \u00e4r idealiska f\u00f6r dem som kr\u00e4ver en lugnande, uppfriskande explosion av vintergr\u00f6n mint kombinerad med en h\u00f6g nikotinhalt. Det \u00e4r ditt sj\u00e4lvklara [&hellip;]<\/p>\n","protected":false},"featured_media":15107,"comment_status":"open","ping_status":"closed","template":"","meta":{"_et_pb_use_builder":"","_et_pb_old_content":"","_et_gb_content_width":"","_themeisle_gutenberg_block_has_review":false},"product_brand":[118],"product_cat":[56,107],"product_tag":[],"class_list":{"0":"post-14294","1":"product","2":"type-product","3":"status-publish","4":"has-post-thumbnail","6":"product_brand-touch","7":"product_cat-bigpack-sv","8":"product_cat-vitt-snus","10":"first","11":"instock","12":"taxable","13":"shipping-taxable","14":"product-type-simple"},"tiered_pricing_type":"fixed","tiered_pricing_fixed_rules":[],"tiered_pricing_product_settings":{"layout":"default","base_unit_name":{"singular":null,"plural":null},"default_variation":null},"tiered_pricing_minimum_quantity":null,"tiered_pricing_roles_data":[],"tiered_pricing_percentage_rules":[],"_links":{"self":[{"href":"https:\/\/haypee.com\/sv\/wp-json\/wp\/v2\/product\/14294","targetHints":{"allow":["GET"]}}],"collection":[{"href":"https:\/\/haypee.com\/sv\/wp-json\/wp\/v2\/product"}],"about":[{"href":"https:\/\/haypee.com\/sv\/wp-json\/wp\/v2\/types\/product"}],"replies":[{"embeddable":true,"href":"https:\/\/haypee.com\/sv\/wp-json\/wp\/v2\/comments?post=14294"}],"wp:featuredmedia":[{"embeddable":true,"href":"https:\/\/haypee.com\/sv\/wp-json\/wp\/v2\/media\/15107"}],"wp:attachment":[{"href":"https:\/\/haypee.com\/sv\/wp-json\/wp\/v2\/media?parent=14294"}],"wp:term":[{"taxonomy":"product_brand","embeddable":true,"href":"https:\/\/haypee.com\/sv\/wp-json\/wp\/v2\/product_brand?post=14294"},{"taxonomy":"product_cat","embeddable":true,"href":"https:\/\/haypee.com\/sv\/wp-json\/wp\/v2\/product_cat?post=14294"},{"taxonomy":"product_tag","embeddable":true,"href":"https:\/\/haypee.com\/sv\/wp-json\/wp\/v2\/product_tag?post=14294"}],"curies":[{"name":"wp","href":"https:\/\/api.w.org\/{rel}","templated":true}]}}