{"id":15468,"date":"2026-01-21T01:27:25","date_gmt":"2026-01-20T18:27:25","guid":{"rendered":"https:\/\/haypee.com\/?post_type=product&#038;p=15468"},"modified":"2026-03-17T18:08:07","modified_gmt":"2026-03-17T11:08:07","slug":"vanilla-fudge","status":"publish","type":"product","link":"https:\/\/haypee.com\/sv\/product\/vanilla-fudge\/","title":{"rendered":"Vanilla Fudge"},"content":{"rendered":"<p data-start=\"1088\" data-end=\"1224\">Mjuk europeisk karamellfudge med rik vaniljsmak. Len och kr\u00e4mig konsistens som sm\u00e4lter mjukt och ger en s\u00f6t och fyllig smak i varje bit.<\/p>\n<p data-start=\"1226\" data-end=\"1325\">Perfekt f\u00f6r dig som vill k\u00f6pa fudge online i Thailand. Njut sj\u00e4lv eller dela med v\u00e4nner och familj.<\/p>\n","protected":false},"excerpt":{"rendered":"<p>Mjuk europeisk karamellfudge med rik vaniljsmak. Len och kr\u00e4mig konsistens som sm\u00e4lter mjukt och ger en s\u00f6t och fyllig smak i varje bit. Perfekt f\u00f6r dig som vill k\u00f6pa fudge online i Thailand. Njut sj\u00e4lv eller dela med v\u00e4nner och familj.<\/p>\n","protected":false},"featured_media":15970,"comment_status":"open","ping_status":"closed","template":"","meta":{"_et_pb_use_builder":"","_et_pb_old_content":"","_et_gb_content_width":"","_themeisle_gutenberg_block_has_review":false},"product_brand":[],"product_cat":[172],"product_tag":[],"class_list":{"0":"post-15468","1":"product","2":"type-product","3":"status-publish","4":"has-post-thumbnail","6":"product_cat-godis","8":"first","9":"instock","10":"taxable","11":"shipping-taxable","12":"product-type-simple"},"tiered_pricing_type":"fixed","tiered_pricing_fixed_rules":[],"tiered_pricing_product_settings":{"layout":"default","base_unit_name":{"singular":null,"plural":null},"default_variation":null},"tiered_pricing_minimum_quantity":null,"tiered_pricing_roles_data":[],"tiered_pricing_percentage_rules":[],"_links":{"self":[{"href":"https:\/\/haypee.com\/sv\/wp-json\/wp\/v2\/product\/15468","targetHints":{"allow":["GET"]}}],"collection":[{"href":"https:\/\/haypee.com\/sv\/wp-json\/wp\/v2\/product"}],"about":[{"href":"https:\/\/haypee.com\/sv\/wp-json\/wp\/v2\/types\/product"}],"replies":[{"embeddable":true,"href":"https:\/\/haypee.com\/sv\/wp-json\/wp\/v2\/comments?post=15468"}],"wp:featuredmedia":[{"embeddable":true,"href":"https:\/\/haypee.com\/sv\/wp-json\/wp\/v2\/media\/15970"}],"wp:attachment":[{"href":"https:\/\/haypee.com\/sv\/wp-json\/wp\/v2\/media?parent=15468"}],"wp:term":[{"taxonomy":"product_brand","embeddable":true,"href":"https:\/\/haypee.com\/sv\/wp-json\/wp\/v2\/product_brand?post=15468"},{"taxonomy":"product_cat","embeddable":true,"href":"https:\/\/haypee.com\/sv\/wp-json\/wp\/v2\/product_cat?post=15468"},{"taxonomy":"product_tag","embeddable":true,"href":"https:\/\/haypee.com\/sv\/wp-json\/wp\/v2\/product_tag?post=15468"}],"curies":[{"name":"wp","href":"https:\/\/api.w.org\/{rel}","templated":true}]}}