{"id":15479,"date":"2026-01-21T01:20:58","date_gmt":"2026-01-20T18:20:58","guid":{"rendered":"https:\/\/haypee.com\/?post_type=product&#038;p=15479"},"modified":"2026-03-17T18:08:02","modified_gmt":"2026-03-17T11:08:02","slug":"sour-blast-tutti-frutti-belt","status":"publish","type":"product","link":"https:\/\/haypee.com\/sv\/product\/sour-blast-tutti-frutti-belt\/","title":{"rendered":"Sour Blast Tutti Frutti Belt"},"content":{"rendered":"<p data-start=\"1116\" data-end=\"1258\">Sura godisremmar med fruktig tutti frutti-smak. Mjuk och seg konsistens med en perfekt balans mellan s\u00f6tma och syra i varje bit. Gelatinfritt.<\/p>\n<p data-start=\"1260\" data-end=\"1396\">Perfekt f\u00f6r dig som vill k\u00f6pa surt godis online i Thailand. Ett f\u00e4rgglatt och roligt alternativ att njuta av sj\u00e4lv eller dela med andra.<\/p>\n","protected":false},"excerpt":{"rendered":"<p>Sura godisremmar med fruktig tutti frutti-smak. Mjuk och seg konsistens med en perfekt balans mellan s\u00f6tma och syra i varje bit. Gelatinfritt. Perfekt f\u00f6r dig som vill k\u00f6pa surt godis online i Thailand. Ett f\u00e4rgglatt och roligt alternativ att njuta av sj\u00e4lv eller dela med andra.<\/p>\n","protected":false},"featured_media":15949,"comment_status":"open","ping_status":"closed","template":"","meta":{"_et_pb_use_builder":"","_et_pb_old_content":"","_et_gb_content_width":"","_themeisle_gutenberg_block_has_review":false},"product_brand":[],"product_cat":[172],"product_tag":[],"class_list":{"0":"post-15479","1":"product","2":"type-product","3":"status-publish","4":"has-post-thumbnail","6":"product_cat-godis","8":"first","9":"instock","10":"taxable","11":"shipping-taxable","12":"product-type-simple"},"tiered_pricing_type":"fixed","tiered_pricing_fixed_rules":[],"tiered_pricing_product_settings":{"layout":"default","base_unit_name":{"singular":null,"plural":null},"default_variation":null},"tiered_pricing_minimum_quantity":null,"tiered_pricing_roles_data":[],"tiered_pricing_percentage_rules":[],"_links":{"self":[{"href":"https:\/\/haypee.com\/sv\/wp-json\/wp\/v2\/product\/15479","targetHints":{"allow":["GET"]}}],"collection":[{"href":"https:\/\/haypee.com\/sv\/wp-json\/wp\/v2\/product"}],"about":[{"href":"https:\/\/haypee.com\/sv\/wp-json\/wp\/v2\/types\/product"}],"replies":[{"embeddable":true,"href":"https:\/\/haypee.com\/sv\/wp-json\/wp\/v2\/comments?post=15479"}],"wp:featuredmedia":[{"embeddable":true,"href":"https:\/\/haypee.com\/sv\/wp-json\/wp\/v2\/media\/15949"}],"wp:attachment":[{"href":"https:\/\/haypee.com\/sv\/wp-json\/wp\/v2\/media?parent=15479"}],"wp:term":[{"taxonomy":"product_brand","embeddable":true,"href":"https:\/\/haypee.com\/sv\/wp-json\/wp\/v2\/product_brand?post=15479"},{"taxonomy":"product_cat","embeddable":true,"href":"https:\/\/haypee.com\/sv\/wp-json\/wp\/v2\/product_cat?post=15479"},{"taxonomy":"product_tag","embeddable":true,"href":"https:\/\/haypee.com\/sv\/wp-json\/wp\/v2\/product_tag?post=15479"}],"curies":[{"name":"wp","href":"https:\/\/api.w.org\/{rel}","templated":true}]}}