{"id":15491,"date":"2026-01-21T01:11:06","date_gmt":"2026-01-20T18:11:06","guid":{"rendered":"https:\/\/haypee.com\/?post_type=product&#038;p=15491"},"modified":"2026-02-22T03:38:52","modified_gmt":"2026-02-21T20:38:52","slug":"fried-eggs-gummy","status":"publish","type":"product","link":"https:\/\/haypee.com\/sv\/product\/fried-eggs-gummy\/","title":{"rendered":"Fried Eggs Gummy"},"content":{"rendered":"<p data-start=\"1068\" data-end=\"1185\">Fried Eggs Gummy \u00e4r ett mjukt och segt gel\u00e9godis format som ett klassiskt stekt \u00e4gg, med s\u00f6t persikosmak i varje bit.<\/p>\n<p data-start=\"1187\" data-end=\"1321\">Perfekt f\u00f6r dig som vill k\u00f6pa gel\u00e9godis online i Thailand. Ett lekfullt och roligt alternativ att njuta av sj\u00e4lv eller dela med andra.<\/p>\n","protected":false},"excerpt":{"rendered":"<p>Fried Eggs Gummy \u00e4r ett mjukt och segt gel\u00e9godis format som ett klassiskt stekt \u00e4gg, med s\u00f6t persikosmak i varje bit. Perfekt f\u00f6r dig som vill k\u00f6pa gel\u00e9godis online i Thailand. Ett lekfullt och roligt alternativ att njuta av sj\u00e4lv eller dela med andra.<\/p>\n","protected":false},"featured_media":15957,"comment_status":"open","ping_status":"closed","template":"","meta":{"_et_pb_use_builder":"","_et_pb_old_content":"","_et_gb_content_width":"","_themeisle_gutenberg_block_has_review":false},"product_brand":[],"product_cat":[172],"product_tag":[],"class_list":{"0":"post-15491","1":"product","2":"type-product","3":"status-publish","4":"has-post-thumbnail","6":"product_cat-godis","8":"first","9":"instock","10":"taxable","11":"shipping-taxable","12":"product-type-simple"},"tiered_pricing_type":"fixed","tiered_pricing_fixed_rules":[],"tiered_pricing_product_settings":{"layout":"default","base_unit_name":{"singular":null,"plural":null},"default_variation":null},"tiered_pricing_minimum_quantity":null,"tiered_pricing_roles_data":[],"tiered_pricing_percentage_rules":[],"_links":{"self":[{"href":"https:\/\/haypee.com\/sv\/wp-json\/wp\/v2\/product\/15491","targetHints":{"allow":["GET"]}}],"collection":[{"href":"https:\/\/haypee.com\/sv\/wp-json\/wp\/v2\/product"}],"about":[{"href":"https:\/\/haypee.com\/sv\/wp-json\/wp\/v2\/types\/product"}],"replies":[{"embeddable":true,"href":"https:\/\/haypee.com\/sv\/wp-json\/wp\/v2\/comments?post=15491"}],"wp:featuredmedia":[{"embeddable":true,"href":"https:\/\/haypee.com\/sv\/wp-json\/wp\/v2\/media\/15957"}],"wp:attachment":[{"href":"https:\/\/haypee.com\/sv\/wp-json\/wp\/v2\/media?parent=15491"}],"wp:term":[{"taxonomy":"product_brand","embeddable":true,"href":"https:\/\/haypee.com\/sv\/wp-json\/wp\/v2\/product_brand?post=15491"},{"taxonomy":"product_cat","embeddable":true,"href":"https:\/\/haypee.com\/sv\/wp-json\/wp\/v2\/product_cat?post=15491"},{"taxonomy":"product_tag","embeddable":true,"href":"https:\/\/haypee.com\/sv\/wp-json\/wp\/v2\/product_tag?post=15491"}],"curies":[{"name":"wp","href":"https:\/\/api.w.org\/{rel}","templated":true}]}}