{"id":15566,"date":"2026-01-25T01:54:38","date_gmt":"2026-01-24T18:54:38","guid":{"rendered":"https:\/\/haypee.com\/?post_type=product&#038;p=15566"},"modified":"2026-04-01T11:46:51","modified_gmt":"2026-04-01T04:46:51","slug":"bell-bangkoks-pare-slim-stark-snus-300","status":"publish","type":"product","link":"https:\/\/haypee.com\/sv\/product\/bell-bangkoks-pare-slim-stark-snus-300\/","title":{"rendered":"Bell Bangkok\u2019s Par\u00e9 300"},"content":{"rendered":"<p><strong>BELL BANGKOK&#8217;S PAR\u00c9 SLIM STARK SNUS 300<\/strong> \u00e4r ett portions-snus med smaker av <strong>tobak, lavendel, enb\u00e4r, tr\u00e4<\/strong><strong>\u00a0<\/strong>och\u00a0<strong>citrus<\/strong>. Produkten kommer i ett slimmat format med 300 prillor per p\u00e5se<\/p>\n<p><strong>+ FREE Refill snusdosa<\/strong><\/p>\n<p>.<\/p>\n","protected":false},"excerpt":{"rendered":"<p>BELL BANGKOK&#8217;S PAR\u00c9 SLIM STARK SNUS 300 \u00e4r ett portions-snus med smaker av tobak, lavendel, enb\u00e4r, tr\u00e4\u00a0och\u00a0citrus. Produkten kommer i ett slimmat format med 300 prillor per p\u00e5se + FREE Refill snusdosa .<\/p>\n","protected":false},"featured_media":16216,"comment_status":"open","ping_status":"closed","template":"","meta":{"_et_pb_use_builder":"","_et_pb_old_content":"","_et_gb_content_width":"","_themeisle_gutenberg_block_has_review":false},"product_brand":[116],"product_cat":[56],"product_tag":[],"class_list":{"0":"post-15566","1":"product","2":"type-product","3":"status-publish","4":"has-post-thumbnail","6":"product_brand-bell","7":"product_cat-bigpack-sv","9":"first","10":"instock","11":"taxable","12":"shipping-taxable","13":"product-type-simple"},"tiered_pricing_type":"fixed","tiered_pricing_fixed_rules":[],"tiered_pricing_product_settings":{"layout":"default","base_unit_name":{"singular":null,"plural":null},"default_variation":null},"tiered_pricing_minimum_quantity":null,"tiered_pricing_roles_data":[],"tiered_pricing_percentage_rules":[],"_links":{"self":[{"href":"https:\/\/haypee.com\/sv\/wp-json\/wp\/v2\/product\/15566","targetHints":{"allow":["GET"]}}],"collection":[{"href":"https:\/\/haypee.com\/sv\/wp-json\/wp\/v2\/product"}],"about":[{"href":"https:\/\/haypee.com\/sv\/wp-json\/wp\/v2\/types\/product"}],"replies":[{"embeddable":true,"href":"https:\/\/haypee.com\/sv\/wp-json\/wp\/v2\/comments?post=15566"}],"wp:featuredmedia":[{"embeddable":true,"href":"https:\/\/haypee.com\/sv\/wp-json\/wp\/v2\/media\/16216"}],"wp:attachment":[{"href":"https:\/\/haypee.com\/sv\/wp-json\/wp\/v2\/media?parent=15566"}],"wp:term":[{"taxonomy":"product_brand","embeddable":true,"href":"https:\/\/haypee.com\/sv\/wp-json\/wp\/v2\/product_brand?post=15566"},{"taxonomy":"product_cat","embeddable":true,"href":"https:\/\/haypee.com\/sv\/wp-json\/wp\/v2\/product_cat?post=15566"},{"taxonomy":"product_tag","embeddable":true,"href":"https:\/\/haypee.com\/sv\/wp-json\/wp\/v2\/product_tag?post=15566"}],"curies":[{"name":"wp","href":"https:\/\/api.w.org\/{rel}","templated":true}]}}