{"id":2894,"date":"2023-11-10T08:06:08","date_gmt":"2023-11-10T01:06:08","guid":{"rendered":"https:\/\/haypee.com\/?post_type=product&#038;p=2894"},"modified":"2026-01-05T23:06:08","modified_gmt":"2026-01-05T16:06:08","slug":"special-300-portionssnus","status":"publish","type":"product","link":"https:\/\/haypee.com\/sv\/product\/special-300-portionssnus\/","title":{"rendered":"Bell Special 300"},"content":{"rendered":"<h2>Bell Snus Special Portion &#8211; 300 portioner Bergamott &amp; Citron<\/h2>\n<p>Upplev den uppfriskande och friska smaken av <strong>Special Portion Snus<\/strong>, smaksatt med bergamott, en hint av r\u00f6k och en touch av citron.<br \/>\nDen h\u00e4r stora f\u00f6rpackningen \u00e4r utformad f\u00f6r snusentusiaster som v\u00e4rdes\u00e4tter bekv\u00e4mlighet och ekonomi.<\/p>\n<h3><strong>Varf\u00f6r v\u00e4lja Bell Special 300 Snus?<\/strong><\/h3>\n<ul>\n<li><strong><span style=\"text-decoration: underline;\">Uppfriskande smakprofil<\/span>:<\/strong> Njut av den h\u00e4rliga kombinationen av bergamott och citron, f\u00f6rst\u00e4rkt av en subtil r\u00f6kig underton f\u00f6r en unik snusupplevelse.<\/li>\n<li><strong><span style=\"text-decoration: underline;\">Gener\u00f6s f\u00f6rpackningsstorlek<\/span>:<\/strong> Varje p\u00e5se inneh\u00e5ller imponerande 300 dosor, perfekt f\u00f6r dem som snusar regelbundet.<\/li>\n<li><strong><span style=\"text-decoration: underline;\">Smart f\u00f6rpackning<\/span>:<\/strong> Levereras med en GRATIS h\u00e5llbar snusdosa i plast med en praktisk beh\u00e5llare f\u00f6r anv\u00e4nda p\u00e5sar, vilket fr\u00e4mjar renlighet och anv\u00e4ndarv\u00e4nlighet.<\/li>\n<li><strong><span style=\"text-decoration: underline;\">Ekonomiskt val<\/span>:<\/strong> Dra nytta av f\u00f6rdelarna med BigPack Refill, som minskar plastavfallet och erbjuder ett ekonomiskt pris p\u00e5 under 75 baht per 25 p\u00e5sar.<\/li>\n<li><strong><span style=\"text-decoration: underline;\">Standardstorlek p\u00e5 p\u00e5se<\/span>:<\/strong> Varje p\u00e5se m\u00e4ter 17 x 33 mm och v\u00e4ger 0,6 gram, vilket ger en bekv\u00e4m passform.<\/li>\n<li><strong><span style=\"text-decoration: underline;\">Balanserat nikotininneh\u00e5ll<\/span>:<\/strong> Varje p\u00e5se inneh\u00e5ller 13 mg\/g nikotin, vilket passar b\u00e5de nya och erfarna anv\u00e4ndare.<\/li>\n<li><strong><span style=\"text-decoration: underline;\">pH-balanserad<\/span>:<\/strong> Med ett pH-v\u00e4rde p\u00e5 8,5 f\u00f6rb\u00e4ttrar det smakleveransen och den totala tillfredsst\u00e4llelsen.<\/li>\n<\/ul>\n","protected":false},"excerpt":{"rendered":"<p>K\u00f6p 1 p\u00e5se f\u00f6r 999 \u0e3f<br \/>\nK\u00f6p 2 f\u00f6r 1900 \u0e3f \u2013 950 \u0e3f\/styck<br \/>\nK\u00f6p 3 f\u00f6r 2700 \u0e3f \u2013 900 \u0e3f\/styck<br \/>\nFr\u00e5n 75 \u0e3f per 25 portioner<\/p>\n","protected":false},"featured_media":16128,"comment_status":"open","ping_status":"closed","template":"","meta":{"_et_pb_use_builder":"off","_et_pb_old_content":"Special Portion snus \u00e4r smaksatt med bergamott och en antydan till r\u00f6k och citron.","_et_gb_content_width":"","_themeisle_gutenberg_block_has_review":false},"product_brand":[116],"product_cat":[56],"product_tag":[],"class_list":{"0":"post-2894","1":"product","2":"type-product","3":"status-publish","4":"has-post-thumbnail","6":"product_brand-bell","7":"product_cat-bigpack-sv","9":"first","10":"instock","11":"taxable","12":"shipping-taxable","13":"product-type-simple"},"tiered_pricing_type":"fixed","tiered_pricing_fixed_rules":[],"tiered_pricing_product_settings":{"layout":"default","base_unit_name":{"singular":null,"plural":null},"default_variation":null},"tiered_pricing_minimum_quantity":null,"tiered_pricing_roles_data":[],"tiered_pricing_percentage_rules":[],"_links":{"self":[{"href":"https:\/\/haypee.com\/sv\/wp-json\/wp\/v2\/product\/2894","targetHints":{"allow":["GET"]}}],"collection":[{"href":"https:\/\/haypee.com\/sv\/wp-json\/wp\/v2\/product"}],"about":[{"href":"https:\/\/haypee.com\/sv\/wp-json\/wp\/v2\/types\/product"}],"replies":[{"embeddable":true,"href":"https:\/\/haypee.com\/sv\/wp-json\/wp\/v2\/comments?post=2894"}],"wp:featuredmedia":[{"embeddable":true,"href":"https:\/\/haypee.com\/sv\/wp-json\/wp\/v2\/media\/16128"}],"wp:attachment":[{"href":"https:\/\/haypee.com\/sv\/wp-json\/wp\/v2\/media?parent=2894"}],"wp:term":[{"taxonomy":"product_brand","embeddable":true,"href":"https:\/\/haypee.com\/sv\/wp-json\/wp\/v2\/product_brand?post=2894"},{"taxonomy":"product_cat","embeddable":true,"href":"https:\/\/haypee.com\/sv\/wp-json\/wp\/v2\/product_cat?post=2894"},{"taxonomy":"product_tag","embeddable":true,"href":"https:\/\/haypee.com\/sv\/wp-json\/wp\/v2\/product_tag?post=2894"}],"curies":[{"name":"wp","href":"https:\/\/api.w.org\/{rel}","templated":true}]}}