{"id":5174,"date":"2023-11-10T00:00:11","date_gmt":"2023-11-09T17:00:11","guid":{"rendered":"https:\/\/haypee.com\/?post_type=product&#038;p=5174"},"modified":"2026-01-05T23:06:19","modified_gmt":"2026-01-05T16:06:19","slug":"mixpack-5-portionssnus","status":"publish","type":"product","link":"https:\/\/haypee.com\/sv\/product\/mixpack-5-portionssnus\/","title":{"rendered":"MixPack 5 &#8211; Bell Snus"},"content":{"rendered":"<h2><span data-sheets-root=\"1\">Bell Vitt Portionssnus &#8211; 4 Smaker 100 Portioner &#8211; Fri Frakt \u00d6ver 499 \u0e3f<\/span><\/h2>\n<p>Upplev den autentiska smaken av svenskt snus, tillverkat lokalt i Thailand av Haypee.<br \/>\nV\u00e5r MixPack med 4 Bell White Portion Snus Packs erbjuder en h\u00e4rlig variation som passar alla smaker och garanterar en f\u00f6rstklassig snusupplevelse.<br \/>\nMixf\u00f6rpackningen inneh\u00e5ller:<\/p>\n<ul>\n<li><span style=\"text-decoration: underline;\"><strong>Bell Commander<\/strong><\/span>: Njut av den robusta tobakssmaken accentuerad med bergamott, te, l\u00e4der och en r\u00f6kig underton.<\/li>\n<li><span style=\"text-decoration: underline;\"><strong>Bell Hunter<\/strong><\/span>: Njut av en medelfyllig tobakssmak berikad med enb\u00e4r, lavendel, citron, cedertr\u00e4 och en antydan till s\u00f6tma.<\/li>\n<li><span style=\"text-decoration: underline;\"><strong>Bell Ice Cool<\/strong><\/span>: K\u00e4nn den uppfriskande k\u00e4nslan av mynta och mentol, perfekt balanserad med en touch av s\u00f6tma.<\/li>\n<li><span style=\"text-decoration: underline;\"><strong>Bell Special<\/strong><\/span>: Njut av den klassiska kombinationen av bergamott med subtila toner av r\u00f6k och citron.<\/li>\n<\/ul>\n<p>Varje f\u00f6rpackning inneh\u00e5ller 25 dosor, var och en omsorgsfullt utformad f\u00f6r att ge en j\u00e4mn och njutbar snusupplevelse. Prova ett MixPack: Betala endast 139 \u0e3f f\u00f6r 25 portioner<\/p>\n","protected":false},"excerpt":{"rendered":"<p>Normalpris: 596 \u0e3f Nu: 556 \u0e3f Spara: 40 \u0e3f<\/p>\n","protected":false},"featured_media":5172,"comment_status":"open","ping_status":"closed","template":"","meta":{"_et_pb_use_builder":"","_et_pb_old_content":"","_et_gb_content_width":"","_themeisle_gutenberg_block_has_review":false},"product_brand":[116],"product_cat":[95],"product_tag":[],"class_list":{"0":"post-5174","1":"product","2":"type-product","3":"status-publish","4":"has-post-thumbnail","6":"product_brand-bell","7":"product_cat-mixpack-sv","9":"first","10":"instock","11":"taxable","12":"shipping-taxable","13":"product-type-wooco"},"tiered_pricing_type":"fixed","tiered_pricing_fixed_rules":[],"tiered_pricing_product_settings":{"layout":"default","base_unit_name":{"singular":null,"plural":null},"default_variation":null},"tiered_pricing_minimum_quantity":null,"tiered_pricing_roles_data":[],"tiered_pricing_percentage_rules":[],"_links":{"self":[{"href":"https:\/\/haypee.com\/sv\/wp-json\/wp\/v2\/product\/5174","targetHints":{"allow":["GET"]}}],"collection":[{"href":"https:\/\/haypee.com\/sv\/wp-json\/wp\/v2\/product"}],"about":[{"href":"https:\/\/haypee.com\/sv\/wp-json\/wp\/v2\/types\/product"}],"replies":[{"embeddable":true,"href":"https:\/\/haypee.com\/sv\/wp-json\/wp\/v2\/comments?post=5174"}],"wp:featuredmedia":[{"embeddable":true,"href":"https:\/\/haypee.com\/sv\/wp-json\/wp\/v2\/media\/5172"}],"wp:attachment":[{"href":"https:\/\/haypee.com\/sv\/wp-json\/wp\/v2\/media?parent=5174"}],"wp:term":[{"taxonomy":"product_brand","embeddable":true,"href":"https:\/\/haypee.com\/sv\/wp-json\/wp\/v2\/product_brand?post=5174"},{"taxonomy":"product_cat","embeddable":true,"href":"https:\/\/haypee.com\/sv\/wp-json\/wp\/v2\/product_cat?post=5174"},{"taxonomy":"product_tag","embeddable":true,"href":"https:\/\/haypee.com\/sv\/wp-json\/wp\/v2\/product_tag?post=5174"}],"curies":[{"name":"wp","href":"https:\/\/api.w.org\/{rel}","templated":true}]}}