{"id":5219,"date":"2024-04-10T11:03:00","date_gmt":"2024-04-10T04:03:00","guid":{"rendered":"https:\/\/haypee.com\/?post_type=product&#038;p=5219"},"modified":"2026-01-06T05:57:22","modified_gmt":"2026-01-05T22:57:22","slug":"mixpack-6-portionssnus","status":"publish","type":"product","link":"https:\/\/haypee.com\/sv\/product\/mixpack-6-portionssnus\/","title":{"rendered":"MixPack 6 &#8211; Yop &amp; Bell"},"content":{"rendered":"<h2>MixPack 6 &#8211; Yop &amp; Bell Snus: 4 Pack, 100 portioner &#8211; R\u00f6k- och mintsmak<\/h2>\n<p>Uppt\u00e4ck de olika smakerna hos Yop och Bell Snus med MixPack 6, som inneh\u00e5ller ett urval av v\u00e5ra olika snussorter.<br \/>\nOavsett om du letar efter n\u00e5got mintigt, r\u00f6kigt eller en klassisk tobakssmak, erbjuder det h\u00e4r paketet lite av allt.<br \/>\nVarje p\u00e5se \u00e4r utformad f\u00f6r att ge en smidig och tillfredsst\u00e4llande upplevelse, perfekt f\u00f6r att utforska olika smakprofiler.<\/p>\n<h3><strong>Smaker ing\u00e5r i MixPack 6:<\/strong><\/h3>\n<ul>\n<li><strong><span style=\"text-decoration: underline;\">Yop Deep Freeze:<\/span><\/strong> En fin balans mellan mjuk mint, sval mentol och eukalyptus.<\/li>\n<li><strong><span style=\"text-decoration: underline;\">Bell Special:<\/span><\/strong> Smaksatt med bergamott och en antydan till r\u00f6k och citron.<\/li>\n<li><strong><span style=\"text-decoration: underline;\">Bell Hunter:<\/span><\/strong> En medelfyllig tobakssmak med tydliga inslag av enb\u00e4r, lavendel, citron och cedertr\u00e4, med viss s\u00f6tma.<\/li>\n<li><strong><span style=\"text-decoration: underline;\">Bell Ice Cool:<\/span><\/strong> Smaksatt med mint och mentol med en touch av s\u00f6tma.<\/li>\n<\/ul>\n<h3><strong>Varf\u00f6r v\u00e4lja MixPack 6 &#8211; Yop &amp; Bell Snus?<\/strong><\/h3>\n<ul>\n<li><strong><span style=\"text-decoration: underline;\">Variation i varje f\u00f6rpackning:<\/span><\/strong> Njut av ett urval av olika smaker i en praktisk f\u00f6rpackning.<\/li>\n<li><strong><span style=\"text-decoration: underline;\">Prisv\u00e4rd provtagning:<\/span><\/strong> Prova ett MixPack: Betala endast 139 \u0e3f f\u00f6r 25 portioner.<\/li>\n<li><strong><span style=\"text-decoration: underline;\">Blandade storlekar och vikter:<\/span><\/strong> Inneh\u00e5ller p\u00e5sar i storlekarna 14&#215;30 mm och 17&#215;33 mm, som v\u00e4ger mellan 0,5 och 0,6 gram, med en total nettovikt p\u00e5 12,5-15 gram.<\/li>\n<li><strong><span style=\"text-decoration: underline;\">Balanserat nikotininneh\u00e5ll:<\/span><\/strong> Varje p\u00e5se inneh\u00e5ller 13 mg\/g nikotin, perfekt f\u00f6r b\u00e5de nya och erfarna anv\u00e4ndare.<\/li>\n<li><strong><span style=\"text-decoration: underline;\">H\u00f6gkvalitativ produktion:<\/span><\/strong> Svensktillverkad i Thailand av Haypee, vilket garanterar h\u00f6gsta kvalitet och f\u00e4rskhet.<\/li>\n<li><strong><span style=\"text-decoration: underline;\">Optimal pH-balans:<\/span><\/strong> Med ett pH-v\u00e4rde p\u00e5 8,5 \u00e4r varje p\u00e5se utformad f\u00f6r att ge en smidig och tillfredsst\u00e4llande upplevelse.<\/li>\n<\/ul>\n","protected":false},"excerpt":{"rendered":"<p>Normalt pris: 596 \u0e3f<br \/>\nNu: 556 \u0e3f<br \/>\nSpara: 40 \u0e3f<\/p>\n","protected":false},"featured_media":5169,"comment_status":"open","ping_status":"closed","template":"","meta":{"_et_pb_use_builder":"","_et_pb_old_content":"","_et_gb_content_width":"","_themeisle_gutenberg_block_has_review":false},"product_brand":[116,119],"product_cat":[95],"product_tag":[],"class_list":{"0":"post-5219","1":"product","2":"type-product","3":"status-publish","4":"has-post-thumbnail","6":"product_brand-bell","7":"product_brand-yop","8":"product_cat-mixpack-sv","10":"first","11":"instock","12":"taxable","13":"shipping-taxable","14":"product-type-wooco"},"tiered_pricing_type":"fixed","tiered_pricing_fixed_rules":[],"tiered_pricing_product_settings":{"layout":"default","base_unit_name":{"singular":null,"plural":null},"default_variation":null},"tiered_pricing_minimum_quantity":null,"tiered_pricing_roles_data":[],"tiered_pricing_percentage_rules":[],"_links":{"self":[{"href":"https:\/\/haypee.com\/sv\/wp-json\/wp\/v2\/product\/5219","targetHints":{"allow":["GET"]}}],"collection":[{"href":"https:\/\/haypee.com\/sv\/wp-json\/wp\/v2\/product"}],"about":[{"href":"https:\/\/haypee.com\/sv\/wp-json\/wp\/v2\/types\/product"}],"replies":[{"embeddable":true,"href":"https:\/\/haypee.com\/sv\/wp-json\/wp\/v2\/comments?post=5219"}],"wp:featuredmedia":[{"embeddable":true,"href":"https:\/\/haypee.com\/sv\/wp-json\/wp\/v2\/media\/5169"}],"wp:attachment":[{"href":"https:\/\/haypee.com\/sv\/wp-json\/wp\/v2\/media?parent=5219"}],"wp:term":[{"taxonomy":"product_brand","embeddable":true,"href":"https:\/\/haypee.com\/sv\/wp-json\/wp\/v2\/product_brand?post=5219"},{"taxonomy":"product_cat","embeddable":true,"href":"https:\/\/haypee.com\/sv\/wp-json\/wp\/v2\/product_cat?post=5219"},{"taxonomy":"product_tag","embeddable":true,"href":"https:\/\/haypee.com\/sv\/wp-json\/wp\/v2\/product_tag?post=5219"}],"curies":[{"name":"wp","href":"https:\/\/api.w.org\/{rel}","templated":true}]}}