{"id":5383,"date":"2024-04-14T13:51:48","date_gmt":"2024-04-14T06:51:48","guid":{"rendered":"https:\/\/haypee.com\/?post_type=product&#038;p=5383"},"modified":"2026-01-05T23:08:54","modified_gmt":"2026-01-05T16:08:54","slug":"mixpack-8-portionssnus","status":"publish","type":"product","link":"https:\/\/haypee.com\/sv\/product\/mixpack-8-portionssnus\/","title":{"rendered":"MixPack 8 &#8211; Bell Snus"},"content":{"rendered":"<h2><span data-sheets-root=\"1\">Bell Snus 6-pack &#8211; 150 (6&#215;25) portioner &#8211; Blandade smaker &#8211; Fri frakt<\/span><\/h2>\n<p>Blanda f\u00f6rpackningen med smakerna Rough, Hunter, Bell Licorice, Ice Cool, Special och Commander. <strong>Vad finns det i MixPack 8 &#8211; Bell Snus?<\/strong> Det b\u00e4sta s\u00e4ttet att uppleva alla Bell-smaker med en f\u00f6rpackning av varje:<\/p>\n<ul>\n<li><strong>Grov:<\/strong> Dyk in i den traditionella tobakssmaken med subtila inslag av tr\u00e4, \u00f6rter och blommor.<\/li>\n<li><strong>Hunter:<\/strong> Njut av en medelfyllig tobakssmak med inslag av enb\u00e4r, lavendel, citron och cedertr\u00e4, kompletterad med en touch av s\u00f6tma.<\/li>\n<li><strong>Bell lakrits:<\/strong> Njut av den dj\u00e4rva lakritssmaken fr\u00e5n anis, berikad med en distinkt r\u00f6kig underton.<\/li>\n<li><strong>Iskall:<\/strong> Fr\u00e4scha upp dina sinnen med den uppfriskande blandningen av mint och mentol, balanserad med en antydan till s\u00f6tma.<\/li>\n<li><strong>Speciell:<\/strong> Njut av den unika kombinationen av bergamott, r\u00f6k och citron f\u00f6r ett extraordin\u00e4rt smak\u00e4ventyr.<\/li>\n<li><strong>Bef\u00e4lhavare:<\/strong> Upplev en robust tobakssmak med nyanser av bergamott, te, l\u00e4der och r\u00f6k.<\/li>\n<\/ul>\n<p>Prova ett MixPack f\u00f6r att f\u00e5 alla Haypee Bell Snus Flavors.<\/p>\n","protected":false},"excerpt":{"rendered":"<p>Normalpris: 894 \u0e3f Nu: 834 \u0e3f Spara: 60 \u0e3f<\/p>\n","protected":false},"featured_media":5377,"comment_status":"open","ping_status":"closed","template":"","meta":{"_et_pb_use_builder":"","_et_pb_old_content":"","_et_gb_content_width":"","_themeisle_gutenberg_block_has_review":false},"product_brand":[116],"product_cat":[95],"product_tag":[],"class_list":{"0":"post-5383","1":"product","2":"type-product","3":"status-publish","4":"has-post-thumbnail","6":"product_brand-bell","7":"product_cat-mixpack-sv","9":"first","10":"instock","11":"taxable","12":"shipping-taxable","13":"product-type-wooco"},"tiered_pricing_type":"fixed","tiered_pricing_fixed_rules":[],"tiered_pricing_product_settings":{"layout":"default","base_unit_name":{"singular":null,"plural":null},"default_variation":null},"tiered_pricing_minimum_quantity":null,"tiered_pricing_roles_data":[],"tiered_pricing_percentage_rules":[],"_links":{"self":[{"href":"https:\/\/haypee.com\/sv\/wp-json\/wp\/v2\/product\/5383","targetHints":{"allow":["GET"]}}],"collection":[{"href":"https:\/\/haypee.com\/sv\/wp-json\/wp\/v2\/product"}],"about":[{"href":"https:\/\/haypee.com\/sv\/wp-json\/wp\/v2\/types\/product"}],"replies":[{"embeddable":true,"href":"https:\/\/haypee.com\/sv\/wp-json\/wp\/v2\/comments?post=5383"}],"wp:featuredmedia":[{"embeddable":true,"href":"https:\/\/haypee.com\/sv\/wp-json\/wp\/v2\/media\/5377"}],"wp:attachment":[{"href":"https:\/\/haypee.com\/sv\/wp-json\/wp\/v2\/media?parent=5383"}],"wp:term":[{"taxonomy":"product_brand","embeddable":true,"href":"https:\/\/haypee.com\/sv\/wp-json\/wp\/v2\/product_brand?post=5383"},{"taxonomy":"product_cat","embeddable":true,"href":"https:\/\/haypee.com\/sv\/wp-json\/wp\/v2\/product_cat?post=5383"},{"taxonomy":"product_tag","embeddable":true,"href":"https:\/\/haypee.com\/sv\/wp-json\/wp\/v2\/product_tag?post=5383"}],"curies":[{"name":"wp","href":"https:\/\/api.w.org\/{rel}","templated":true}]}}