{"id":6617,"date":"2024-05-17T09:59:00","date_gmt":"2024-05-17T02:59:00","guid":{"rendered":"https:\/\/haypee.com\/?post_type=product&#038;p=6617"},"modified":"2025-11-07T09:53:24","modified_gmt":"2025-11-07T02:53:24","slug":"plastdosa","status":"publish","type":"product","link":"https:\/\/haypee.com\/sv\/product\/plastdosa\/","title":{"rendered":"Snusdosa i plast"},"content":{"rendered":"<p>V\u00e5r snusdosa i plast levereras med en beh\u00e5llare f\u00f6r anv\u00e4nda p\u00e5sar, vilket g\u00f6r det enkelt att h\u00e5lla sig ren och milj\u00f6v\u00e4nlig.<br \/>\nFyll p\u00e5 fr\u00e5n v\u00e5ra <a href=\"https:\/\/haypee.com\/product-category\/bigpack-snus\/\">Big Packs<\/a> f\u00f6r att spara b\u00e5de pengar och milj\u00f6!<br \/>\nNjut av fri frakt p\u00e5 alla best\u00e4llningar \u00f6ver 499 \u0e3f.<br \/>\nDet \u00e4r den perfekta tiden att fylla p\u00e5 med dina favoritsnusprodukter fr\u00e5n Haypee.   <\/p>\n","protected":false},"excerpt":{"rendered":"<p>V\u00e5r snusdosa i plast levereras med en beh\u00e5llare f\u00f6r anv\u00e4nda p\u00e5sar, vilket g\u00f6r det enkelt att h\u00e5lla sig ren och milj\u00f6v\u00e4nlig. Fyll p\u00e5 fr\u00e5n v\u00e5ra Big Packs f\u00f6r att spara b\u00e5de pengar och milj\u00f6! Njut av fri frakt p\u00e5 alla best\u00e4llningar \u00f6ver 499 \u0e3f. Det \u00e4r den perfekta tiden att fylla p\u00e5 med dina favoritsnusprodukter [&hellip;]<\/p>\n","protected":false},"featured_media":6615,"comment_status":"open","ping_status":"closed","template":"","meta":{"_et_pb_use_builder":"","_et_pb_old_content":"","_et_gb_content_width":"","_themeisle_gutenberg_block_has_review":false},"product_brand":[],"product_cat":[85],"product_tag":[],"class_list":{"0":"post-6617","1":"product","2":"type-product","3":"status-publish","4":"has-post-thumbnail","6":"product_cat-tillbehor","8":"first","9":"instock","10":"taxable","11":"shipping-taxable","12":"product-type-simple"},"tiered_pricing_type":"fixed","tiered_pricing_fixed_rules":[],"tiered_pricing_product_settings":{"layout":"default","base_unit_name":{"singular":null,"plural":null},"default_variation":null},"tiered_pricing_minimum_quantity":null,"tiered_pricing_roles_data":[],"tiered_pricing_percentage_rules":[],"_links":{"self":[{"href":"https:\/\/haypee.com\/sv\/wp-json\/wp\/v2\/product\/6617","targetHints":{"allow":["GET"]}}],"collection":[{"href":"https:\/\/haypee.com\/sv\/wp-json\/wp\/v2\/product"}],"about":[{"href":"https:\/\/haypee.com\/sv\/wp-json\/wp\/v2\/types\/product"}],"replies":[{"embeddable":true,"href":"https:\/\/haypee.com\/sv\/wp-json\/wp\/v2\/comments?post=6617"}],"wp:featuredmedia":[{"embeddable":true,"href":"https:\/\/haypee.com\/sv\/wp-json\/wp\/v2\/media\/6615"}],"wp:attachment":[{"href":"https:\/\/haypee.com\/sv\/wp-json\/wp\/v2\/media?parent=6617"}],"wp:term":[{"taxonomy":"product_brand","embeddable":true,"href":"https:\/\/haypee.com\/sv\/wp-json\/wp\/v2\/product_brand?post=6617"},{"taxonomy":"product_cat","embeddable":true,"href":"https:\/\/haypee.com\/sv\/wp-json\/wp\/v2\/product_cat?post=6617"},{"taxonomy":"product_tag","embeddable":true,"href":"https:\/\/haypee.com\/sv\/wp-json\/wp\/v2\/product_tag?post=6617"}],"curies":[{"name":"wp","href":"https:\/\/api.w.org\/{rel}","templated":true}]}}