{"id":7728,"date":"2024-08-16T14:11:11","date_gmt":"2024-08-16T07:11:11","guid":{"rendered":"https:\/\/haypee.com\/?post_type=product&#038;p=7728"},"modified":"2026-02-09T13:52:25","modified_gmt":"2026-02-09T06:52:25","slug":"hunter-300-portionssnus","status":"publish","type":"product","link":"https:\/\/haypee.com\/sv\/product\/hunter-300-portionssnus\/","title":{"rendered":"Bell Hunter Snus 300"},"content":{"rendered":"<h2>Bell Hunter Snus &#8211; 300 portioner enb\u00e4rs- och tobaksblandning + GRATIS snusdosa i plast<\/h2>\n<p>Uppt\u00e4ck de nyanserade smakerna i Bell Hunter White Portion, ett premiumsnus som kombinerar en medelfyllig tobakssmak med tydliga toner av enb\u00e4r, lavendel, citron och cedertr\u00e4, allt balanserat med en touch av s\u00f6tma.<br \/>\nVarje dosa erbjuder en raffinerad och aromatisk upplevelse som \u00e4r perfekt f\u00f6r dem som uppskattar komplexa smakprofiler. <strong>Varf\u00f6r v\u00e4lja Bell Hunter 300?<\/strong><\/p>\n<ul>\n<li><strong><span style=\"text-decoration: underline;\">Raffinerad smakprofil:<\/span><\/strong> Njut av den medelfylliga tobakssmaken som f\u00f6rst\u00e4rkts med inslag av enb\u00e4r, lavendel, citron, cedertr\u00e4 och en aning s\u00f6tma.<\/li>\n<li><strong><span style=\"text-decoration: underline;\">Ekonomisk stor f\u00f6rpackning:<\/span><\/strong> Med 300 p\u00e5sar i ett paket \u00e4r det ett smart val f\u00f6r frekventa anv\u00e4ndare.<br \/>\nMed ett pris p\u00e5 under 75 baht per 25 p\u00e5sar \u00e4r det ocks\u00e5 budgetv\u00e4nligt!<\/li>\n<li><strong><span style=\"text-decoration: underline;\">Milj\u00f6v\u00e4nlig f\u00f6rpackning:<\/span><\/strong> Levereras med en h\u00e5llbar snusdosa i plast som inneh\u00e5ller en beh\u00e5llare f\u00f6r anv\u00e4nda p\u00e5sar.<br \/>\nV\u00e4lj v\u00e5r BigPack Refill f\u00f6r att minska plastavfallet och spara mer!<\/li>\n<li><strong><span style=\"text-decoration: underline;\">Optimal storlek och vikt:<\/span><\/strong> Varje p\u00e5se m\u00e4ter 17 x 33 mm och v\u00e4ger 0,6 gram, vilket ger en bekv\u00e4m passform och j\u00e4mn smakleverans.<\/li>\n<li><strong><span style=\"text-decoration: underline;\">Balanserat nikotininneh\u00e5ll:<\/span><\/strong> Varje p\u00e5se inneh\u00e5ller 13 mg\/g nikotin, perfekt f\u00f6r b\u00e5de nya och erfarna anv\u00e4ndare.<\/li>\n<li><strong><span style=\"text-decoration: underline;\">H\u00f6gkvalitativ produktion:<\/span><\/strong> Svensktillverkad i Thailand av Haypee, vilket garanterar h\u00f6gsta kvalitet och f\u00e4rskhet.<\/li>\n<\/ul>\n","protected":false},"excerpt":{"rendered":"<p>K\u00f6p 1 p\u00e5se f\u00f6r 999 \u0e3f<br \/>\nK\u00f6p 2 f\u00f6r 1900 \u0e3f \u2013 950 \u0e3f\/styck<br \/>\nK\u00f6p 3 f\u00f6r 2700 \u0e3f \u2013 900 \u0e3f\/styck<br \/>\nFr\u00e5n 75 \u0e3f per 25 portioner<\/p>\n","protected":false},"featured_media":16102,"comment_status":"open","ping_status":"closed","template":"","meta":{"_et_pb_use_builder":"","_et_pb_old_content":"","_et_gb_content_width":"","_themeisle_gutenberg_block_has_review":false},"product_brand":[116],"product_cat":[56],"product_tag":[],"class_list":{"0":"post-7728","1":"product","2":"type-product","3":"status-publish","4":"has-post-thumbnail","6":"product_brand-bell","7":"product_cat-bigpack-sv","9":"first","10":"instock","11":"featured","12":"taxable","13":"shipping-taxable","14":"product-type-simple"},"tiered_pricing_type":"fixed","tiered_pricing_fixed_rules":[],"tiered_pricing_product_settings":{"layout":"default","base_unit_name":{"singular":null,"plural":null},"default_variation":null},"tiered_pricing_minimum_quantity":null,"tiered_pricing_roles_data":[],"tiered_pricing_percentage_rules":[],"_links":{"self":[{"href":"https:\/\/haypee.com\/sv\/wp-json\/wp\/v2\/product\/7728","targetHints":{"allow":["GET"]}}],"collection":[{"href":"https:\/\/haypee.com\/sv\/wp-json\/wp\/v2\/product"}],"about":[{"href":"https:\/\/haypee.com\/sv\/wp-json\/wp\/v2\/types\/product"}],"replies":[{"embeddable":true,"href":"https:\/\/haypee.com\/sv\/wp-json\/wp\/v2\/comments?post=7728"}],"wp:featuredmedia":[{"embeddable":true,"href":"https:\/\/haypee.com\/sv\/wp-json\/wp\/v2\/media\/16102"}],"wp:attachment":[{"href":"https:\/\/haypee.com\/sv\/wp-json\/wp\/v2\/media?parent=7728"}],"wp:term":[{"taxonomy":"product_brand","embeddable":true,"href":"https:\/\/haypee.com\/sv\/wp-json\/wp\/v2\/product_brand?post=7728"},{"taxonomy":"product_cat","embeddable":true,"href":"https:\/\/haypee.com\/sv\/wp-json\/wp\/v2\/product_cat?post=7728"},{"taxonomy":"product_tag","embeddable":true,"href":"https:\/\/haypee.com\/sv\/wp-json\/wp\/v2\/product_tag?post=7728"}],"curies":[{"name":"wp","href":"https:\/\/api.w.org\/{rel}","templated":true}]}}