{"id":8295,"date":"2024-09-11T11:31:23","date_gmt":"2024-09-11T04:31:23","guid":{"rendered":"https:\/\/haypee.com\/?post_type=product&#038;p=8295"},"modified":"2026-01-05T23:07:02","modified_gmt":"2026-01-05T16:07:02","slug":"bell-lakritssnus","status":"publish","type":"product","link":"https:\/\/haypee.com\/sv\/product\/bell-lakritssnus\/","title":{"rendered":"Bell Licorice Can"},"content":{"rendered":"<h2>Bell Snus &#8211; 25 portioner &#8211; Smak av r\u00f6kig lakrits<\/h2>\n<p>Upplev den sanna essensen av lakrits med Bell Licorice White Portion Snus, tillverkat av Haypee i Thailand.<br \/>\nBell Licorice kombinerar de rika, distinkta smakerna av anis och en subtil r\u00f6kig underton, vilket ger en o\u00f6vertr\u00e4ffad snusupplevelse.<br \/>\nDenna premiumprodukt \u00e4r utformad f\u00f6r att tillfredsst\u00e4lla \u00e4ven de mest kr\u00e4sna snusentusiasterna.<\/p>\n<h3><strong>Varf\u00f6r v\u00e4lja Bell Licorice White Portion Snus?<\/strong><\/h3>\n<ul>\n<li style=\"list-style-type: none;\">\n<ul>\n<li><span style=\"text-decoration: underline;\"><strong>Autentisk smak<\/strong><\/span>: V\u00e5rt snus \u00e4r infuserat med naturlig lakrits fr\u00e5n anis och erbjuder en unik och njutbar smakprofil.<\/li>\n<li><span style=\"text-decoration: underline;\"><strong>H\u00f6g nikotinhalt<\/strong><\/span>: Varje p\u00e5se inneh\u00e5ller 13 mg\/g nikotin, vilket ger en tillfredsst\u00e4llande upplevelse.<\/li>\n<li><span style=\"text-decoration: underline;\"><strong>Bekv\u00e4mt och diskret<\/strong><\/span>: Med en normal p\u00e5sstorlek p\u00e5 17 x 33 mm och en vikt p\u00e5 0,6 gram vardera passar den bekv\u00e4mt under l\u00e4ppen.<\/li>\n<li><span style=\"text-decoration: underline;\"><strong>Kvalitet du kan lita p\u00e5<\/strong><\/span>: Tillverkas lokalt i Thailand av svenskar p\u00e5 Haypee, ett varum\u00e4rke som \u00e4r synonymt med kvalitet och tillf\u00f6rlitlighet.<\/li>\n<li><strong><span style=\"text-decoration: underline;\">Leverans \u00f6ver hela Thailand<\/span>:<\/strong> Premium r\u00f6kfri tobak levereras till din d\u00f6rr var som helst i Thailand.<\/li>\n<\/ul>\n<\/li>\n<\/ul>\n","protected":false},"excerpt":{"rendered":"<p>Bell Snus &#8211; 25 portioner &#8211; Smak av r\u00f6kig lakrits Upplev den sanna essensen av lakrits med Bell Licorice White Portion Snus, tillverkat av Haypee i Thailand. Bell Licorice kombinerar de rika, distinkta smakerna av anis och en subtil r\u00f6kig underton, vilket ger en o\u00f6vertr\u00e4ffad snusupplevelse. Denna premiumprodukt \u00e4r utformad f\u00f6r att tillfredsst\u00e4lla \u00e4ven de [&hellip;]<\/p>\n","protected":false},"featured_media":8206,"comment_status":"open","ping_status":"closed","template":"","meta":{"_et_pb_use_builder":"","_et_pb_old_content":"","_et_gb_content_width":"","_themeisle_gutenberg_block_has_review":false},"product_brand":[116],"product_cat":[103,38],"product_tag":[],"class_list":{"0":"post-8295","1":"product","2":"type-product","3":"status-publish","4":"has-post-thumbnail","6":"product_brand-bell","7":"product_cat-dosa","8":"product_cat-bell-sv","10":"first","11":"instock","12":"taxable","13":"shipping-taxable","14":"product-type-simple"},"tiered_pricing_type":"fixed","tiered_pricing_fixed_rules":[],"tiered_pricing_product_settings":{"layout":"default","base_unit_name":{"singular":null,"plural":null},"default_variation":null},"tiered_pricing_minimum_quantity":null,"tiered_pricing_roles_data":[],"tiered_pricing_percentage_rules":[],"_links":{"self":[{"href":"https:\/\/haypee.com\/sv\/wp-json\/wp\/v2\/product\/8295","targetHints":{"allow":["GET"]}}],"collection":[{"href":"https:\/\/haypee.com\/sv\/wp-json\/wp\/v2\/product"}],"about":[{"href":"https:\/\/haypee.com\/sv\/wp-json\/wp\/v2\/types\/product"}],"replies":[{"embeddable":true,"href":"https:\/\/haypee.com\/sv\/wp-json\/wp\/v2\/comments?post=8295"}],"wp:featuredmedia":[{"embeddable":true,"href":"https:\/\/haypee.com\/sv\/wp-json\/wp\/v2\/media\/8206"}],"wp:attachment":[{"href":"https:\/\/haypee.com\/sv\/wp-json\/wp\/v2\/media?parent=8295"}],"wp:term":[{"taxonomy":"product_brand","embeddable":true,"href":"https:\/\/haypee.com\/sv\/wp-json\/wp\/v2\/product_brand?post=8295"},{"taxonomy":"product_cat","embeddable":true,"href":"https:\/\/haypee.com\/sv\/wp-json\/wp\/v2\/product_cat?post=8295"},{"taxonomy":"product_tag","embeddable":true,"href":"https:\/\/haypee.com\/sv\/wp-json\/wp\/v2\/product_tag?post=8295"}],"curies":[{"name":"wp","href":"https:\/\/api.w.org\/{rel}","templated":true}]}}