{"id":8303,"date":"2024-09-11T11:31:21","date_gmt":"2024-09-11T04:31:21","guid":{"rendered":"https:\/\/haypee.com\/?post_type=product&#038;p=8303"},"modified":"2026-01-06T05:55:44","modified_gmt":"2026-01-05T22:55:44","slug":"yop-deep-freeze-snus","status":"publish","type":"product","link":"https:\/\/haypee.com\/sv\/product\/yop-deep-freeze-snus\/","title":{"rendered":"Yop Deep Freeze Can"},"content":{"rendered":"<h2>Yop Deep Freeze Snus &#8211; 25 portioner Mint, Menthol &amp; Eucalyptus<\/h2>\n<p>Upplev den uppfriskande kylan fr\u00e5n Yop Deep Freeze White Portion, ett premiumsnus som har den perfekta balansen mellan mjuk mint, sval mentol och uppfriskande eukalyptus.<br \/>\nVarje portion ger en krispig, svalkande k\u00e4nsla som \u00e5terupplivar dina sinnen, vilket g\u00f6r det till det perfekta valet f\u00f6r dem som l\u00e4ngtar efter en frisk och intensiv smak.<\/p>\n<h3>Varf\u00f6r v\u00e4lja Yop Deep Freeze Snus?<\/h3>\n<ul>\n<li><strong><span style=\"text-decoration: underline;\">Svalkande smakfusion:<\/span><\/strong> Njut av den harmoniska blandningen av mjuk mint, sval mentol och eukalyptus i varje p\u00e5se.<\/li>\n<li><strong><span style=\"text-decoration: underline;\">Praktisk f\u00f6rpackningsstorlek:<\/span><\/strong> Varje dosa inneh\u00e5ller 25 smala p\u00e5sar, vilket g\u00f6r den perfekt att ha med sig p\u00e5 resan.<\/li>\n<li><strong><span style=\"text-decoration: underline;\">Slimmad och l\u00e4ttviktig:<\/span><\/strong> Varje p\u00e5se m\u00e4ter 14 x 30 mm och v\u00e4ger 0,5 gram, vilket ger en bekv\u00e4m passform med en total nettovikt p\u00e5 12,5 gram.<\/li>\n<li><strong><span style=\"text-decoration: underline;\">Balanserat nikotininneh\u00e5ll:<\/span><\/strong> Varje p\u00e5se inneh\u00e5ller 13 mg\/g nikotin, perfekt f\u00f6r b\u00e5de nya och erfarna anv\u00e4ndare.<\/li>\n<li><strong><span style=\"text-decoration: underline;\">H\u00f6gkvalitativ produktion:<\/span><\/strong> Svensktillverkad i Thailand av Haypee, vilket garanterar h\u00f6gsta kvalitet och f\u00e4rskhet.<\/li>\n<li><strong><span style=\"text-decoration: underline;\">Optimal pH-balans:<\/span><\/strong> Med ett pH-v\u00e4rde p\u00e5 8,5 \u00e4r varje p\u00e5se utformad f\u00f6r att ge en smidig och tillfredsst\u00e4llande upplevelse.<\/li>\n<\/ul>\n","protected":false},"excerpt":{"rendered":"<p>Yop Deep Freeze Snus &#8211; 25 portioner Mint, Menthol &amp; Eucalyptus Upplev den uppfriskande kylan fr\u00e5n Yop Deep Freeze White Portion, ett premiumsnus som har den perfekta balansen mellan mjuk mint, sval mentol och uppfriskande eukalyptus. Varje portion ger en krispig, svalkande k\u00e4nsla som \u00e5terupplivar dina sinnen, vilket g\u00f6r det till det perfekta valet f\u00f6r [&hellip;]<\/p>\n","protected":false},"featured_media":8185,"comment_status":"open","ping_status":"closed","template":"","meta":{"_et_pb_use_builder":"","_et_pb_old_content":"","_et_gb_content_width":"","_themeisle_gutenberg_block_has_review":false},"product_brand":[119],"product_cat":[103,39],"product_tag":[],"class_list":{"0":"post-8303","1":"product","2":"type-product","3":"status-publish","4":"has-post-thumbnail","6":"product_brand-yop","7":"product_cat-dosa","8":"product_cat-yop-sv","10":"first","11":"instock","12":"taxable","13":"shipping-taxable","14":"product-type-simple"},"tiered_pricing_type":"fixed","tiered_pricing_fixed_rules":[],"tiered_pricing_product_settings":{"layout":"default","base_unit_name":{"singular":null,"plural":null},"default_variation":null},"tiered_pricing_minimum_quantity":null,"tiered_pricing_roles_data":[],"tiered_pricing_percentage_rules":[],"_links":{"self":[{"href":"https:\/\/haypee.com\/sv\/wp-json\/wp\/v2\/product\/8303","targetHints":{"allow":["GET"]}}],"collection":[{"href":"https:\/\/haypee.com\/sv\/wp-json\/wp\/v2\/product"}],"about":[{"href":"https:\/\/haypee.com\/sv\/wp-json\/wp\/v2\/types\/product"}],"replies":[{"embeddable":true,"href":"https:\/\/haypee.com\/sv\/wp-json\/wp\/v2\/comments?post=8303"}],"wp:featuredmedia":[{"embeddable":true,"href":"https:\/\/haypee.com\/sv\/wp-json\/wp\/v2\/media\/8185"}],"wp:attachment":[{"href":"https:\/\/haypee.com\/sv\/wp-json\/wp\/v2\/media?parent=8303"}],"wp:term":[{"taxonomy":"product_brand","embeddable":true,"href":"https:\/\/haypee.com\/sv\/wp-json\/wp\/v2\/product_brand?post=8303"},{"taxonomy":"product_cat","embeddable":true,"href":"https:\/\/haypee.com\/sv\/wp-json\/wp\/v2\/product_cat?post=8303"},{"taxonomy":"product_tag","embeddable":true,"href":"https:\/\/haypee.com\/sv\/wp-json\/wp\/v2\/product_tag?post=8303"}],"curies":[{"name":"wp","href":"https:\/\/api.w.org\/{rel}","templated":true}]}}