{"id":8313,"date":"2024-09-11T11:31:20","date_gmt":"2024-09-11T04:31:20","guid":{"rendered":"https:\/\/haypee.com\/?post_type=product&#038;p=8313"},"modified":"2026-01-05T23:07:35","modified_gmt":"2026-01-05T16:07:35","slug":"bell-ice-cool-snus","status":"publish","type":"product","link":"https:\/\/haypee.com\/sv\/product\/bell-ice-cool-snus\/","title":{"rendered":"Bell Ice Cool Can"},"content":{"rendered":"<h2>Bell Snus Ice Cool Smak &#8211; 25 portioner Menthol &amp; Mint<\/h2>\n<p>Upplev den uppfriskande k\u00e4nslan av <strong>Ice Cool White Portion<\/strong>, ett livfullt snus som kombinerar de uppfriskande smakerna av mynta och mentol med en antydan till s\u00f6tma.<br \/>\nPerfekt f\u00f6r dig som vill ha en svalkande och uppfriskande snusupplevelse.<\/p>\n<h3><strong>Varf\u00f6r v\u00e4lja Ice Cool Snus?<\/strong><\/h3>\n<ul>\n<li><strong><span style=\"text-decoration: underline;\">Uppfriskande smakprofil<\/span>:<\/strong> Sk\u00e4m bort dig med den svala och skarpa smaken av mentol och mynta, utformad f\u00f6r att v\u00e4cka dina sinnen.<\/li>\n<li><strong><span style=\"text-decoration: underline;\">Bekv\u00e4m f\u00f6rpackningsstorlek<\/span>:<\/strong> Varje dosa inneh\u00e5ller 25 p\u00e5sar, perfekt f\u00f6r njutning n\u00e4r du \u00e4r p\u00e5 spr\u00e5ng utan att offra smaken.<\/li>\n<li><strong><span style=\"text-decoration: underline;\">Standard storlek p\u00e5 p\u00e5se<\/span>:<\/strong> Varje p\u00e5se m\u00e4ter 17 x 33 mm och v\u00e4ger 0,6 gram, vilket ger en bekv\u00e4m passform och j\u00e4mn smakavgivning.<\/li>\n<li><strong><span style=\"text-decoration: underline;\">Balanserat nikotininneh\u00e5ll<\/span>:<\/strong> Varje p\u00e5se inneh\u00e5ller 13 mg\/g nikotin, vilket passar b\u00e5de nya och erfarna anv\u00e4ndare.<\/li>\n<li><strong><span style=\"text-decoration: underline;\">pH-balanserad<\/span>:<\/strong> Med ett pH-v\u00e4rde p\u00e5 8,5 f\u00f6rb\u00e4ttrar den den totala smakupplevelsen och nikotintillf\u00f6rseln.<\/li>\n<li><strong><span style=\"text-decoration: underline;\">Svenskt hantverk av h\u00f6g kvalitet<\/span>:<\/strong> Svensktillverkad f\u00f6r att s\u00e4kerst\u00e4lla att varje portion ger en fr\u00e4sch och njutbar snusupplevelse.<\/li>\n<\/ul>\n","protected":false},"excerpt":{"rendered":"<p>Bell Snus Ice Cool Smak &#8211; 25 portioner Menthol &amp; Mint Upplev den uppfriskande k\u00e4nslan av Ice Cool White Portion, ett livfullt snus som kombinerar de uppfriskande smakerna av mynta och mentol med en antydan till s\u00f6tma. Perfekt f\u00f6r dig som vill ha en svalkande och uppfriskande snusupplevelse. Varf\u00f6r v\u00e4lja Ice Cool Snus? Uppfriskande smakprofil: [&hellip;]<\/p>\n","protected":false},"featured_media":8197,"comment_status":"open","ping_status":"closed","template":"","meta":{"_et_pb_use_builder":"","_et_pb_old_content":"","_et_gb_content_width":"","_themeisle_gutenberg_block_has_review":false},"product_brand":[116],"product_cat":[103,38],"product_tag":[],"class_list":{"0":"post-8313","1":"product","2":"type-product","3":"status-publish","4":"has-post-thumbnail","6":"product_brand-bell","7":"product_cat-dosa","8":"product_cat-bell-sv","10":"first","11":"instock","12":"taxable","13":"shipping-taxable","14":"product-type-simple"},"tiered_pricing_type":"fixed","tiered_pricing_fixed_rules":[],"tiered_pricing_product_settings":{"layout":"default","base_unit_name":{"singular":null,"plural":null},"default_variation":null},"tiered_pricing_minimum_quantity":null,"tiered_pricing_roles_data":[],"tiered_pricing_percentage_rules":[],"_links":{"self":[{"href":"https:\/\/haypee.com\/sv\/wp-json\/wp\/v2\/product\/8313","targetHints":{"allow":["GET"]}}],"collection":[{"href":"https:\/\/haypee.com\/sv\/wp-json\/wp\/v2\/product"}],"about":[{"href":"https:\/\/haypee.com\/sv\/wp-json\/wp\/v2\/types\/product"}],"replies":[{"embeddable":true,"href":"https:\/\/haypee.com\/sv\/wp-json\/wp\/v2\/comments?post=8313"}],"wp:featuredmedia":[{"embeddable":true,"href":"https:\/\/haypee.com\/sv\/wp-json\/wp\/v2\/media\/8197"}],"wp:attachment":[{"href":"https:\/\/haypee.com\/sv\/wp-json\/wp\/v2\/media?parent=8313"}],"wp:term":[{"taxonomy":"product_brand","embeddable":true,"href":"https:\/\/haypee.com\/sv\/wp-json\/wp\/v2\/product_brand?post=8313"},{"taxonomy":"product_cat","embeddable":true,"href":"https:\/\/haypee.com\/sv\/wp-json\/wp\/v2\/product_cat?post=8313"},{"taxonomy":"product_tag","embeddable":true,"href":"https:\/\/haypee.com\/sv\/wp-json\/wp\/v2\/product_tag?post=8313"}],"curies":[{"name":"wp","href":"https:\/\/api.w.org\/{rel}","templated":true}]}}