{"id":8389,"date":"2024-09-16T14:54:28","date_gmt":"2024-09-16T07:54:28","guid":{"rendered":"https:\/\/haypee.com\/?post_type=product&#038;p=8389"},"modified":"2026-01-05T23:06:45","modified_gmt":"2026-01-05T16:06:45","slug":"mixpack-9-bell-mixpack","status":"publish","type":"product","link":"https:\/\/haypee.com\/sv\/product\/mixpack-9-bell-mixpack\/","title":{"rendered":"MixPack 9 &#8211; Bell Mixpack"},"content":{"rendered":"<h2>MixPack 9 &#8211; Bell Snus: Ett urval av fylliga tobakssmaker &#8211; 3 dosor, 75 portioner<\/h2>\n<p>Utforska de robusta och komplexa smakerna hos Bell Snus med MixPack9, som inneh\u00e5ller ett urval av v\u00e5ra tobakssmakande sorter.<br \/>\nPerfekt f\u00f6r dem som uppskattar djupa och nyanserade smaker, detta paket erbjuder en smak av tradition och hantverk i varje p\u00e5se. <strong>Smaker ing\u00e5r i MixPack 9:<\/strong><\/p>\n<ul>\n<li><strong><span style=\"text-decoration: underline;\">Bell Special:<\/span><\/strong> Smaksatt med bergamott och en antydan till r\u00f6k och citron.<\/li>\n<li><strong><span style=\"text-decoration: underline;\">Bell Commander:<\/span><\/strong> En rik tobakssmak med inslag av bergamott, te, l\u00e4der och r\u00f6k.<\/li>\n<li><strong><span style=\"text-decoration: underline;\">Bell Hunter:<\/span><\/strong> Medelfyllig tobakssmak med inslag av enb\u00e4r, lavendel, citron och cedertr\u00e4, med en touch av s\u00f6tma.<\/li>\n<\/ul>\n<p><strong>Varf\u00f6r v\u00e4lja MixPack 9<\/strong><\/p>\n<ul>\n<li><strong><span style=\"text-decoration: underline;\">Rik tobaksvariation:<\/span><\/strong> Njut av ett urval av djupa och nyanserade tobakssmaker i ett bekv\u00e4mt paket.<\/li>\n<li><strong><span style=\"text-decoration: underline;\">Prisv\u00e4rt:<\/span><\/strong> Prova ett MixPack: Betala endast 159 \u0e3f f\u00f6r 25 portioner.<\/li>\n<li><strong><span style=\"text-decoration: underline;\">Standardstorlek och vikt:<\/span><\/strong> Varje p\u00e5se m\u00e4ter 17 x 33 mm och v\u00e4ger 0,6 gram, med en total nettovikt p\u00e5 15 gram.<\/li>\n<li><strong><span style=\"text-decoration: underline;\">Balanserat nikotininneh\u00e5ll:<\/span><\/strong> Varje p\u00e5se inneh\u00e5ller 13 mg\/g nikotin, perfekt f\u00f6r b\u00e5de nya och erfarna anv\u00e4ndare.<\/li>\n<li><strong><span style=\"text-decoration: underline;\">H\u00f6gkvalitativ produktion:<\/span><\/strong> Svensktillverkad i Thailand av Haypee, vilket garanterar h\u00f6gsta kvalitet och f\u00e4rskhet.<\/li>\n<li><strong><span style=\"text-decoration: underline;\">Optimal pH-balans:<\/span><\/strong> Med ett pH-v\u00e4rde p\u00e5 8,5 \u00e4r varje p\u00e5se utformad f\u00f6r att ge en smidig och tillfredsst\u00e4llande upplevelse.<\/li>\n<\/ul>\n","protected":false},"excerpt":{"rendered":"<p>MixPack 9 &#8211; Bell Snus: Ett urval av fylliga tobakssmaker &#8211; 3 dosor, 75 portioner Utforska de robusta och komplexa smakerna hos Bell Snus med MixPack9, som inneh\u00e5ller ett urval av v\u00e5ra tobakssmakande sorter. Perfekt f\u00f6r dem som uppskattar djupa och nyanserade smaker, detta paket erbjuder en smak av tradition och hantverk i varje p\u00e5se. [&hellip;]<\/p>\n","protected":false},"featured_media":8414,"comment_status":"open","ping_status":"closed","template":"","meta":{"_et_pb_use_builder":"","_et_pb_old_content":"","_et_gb_content_width":"","_themeisle_gutenberg_block_has_review":false},"product_brand":[116],"product_cat":[95],"product_tag":[],"class_list":{"0":"post-8389","1":"product","2":"type-product","3":"status-publish","4":"has-post-thumbnail","6":"product_brand-bell","7":"product_cat-mixpack-sv","9":"first","10":"instock","11":"taxable","12":"shipping-taxable","13":"product-type-wooco"},"tiered_pricing_type":"fixed","tiered_pricing_fixed_rules":[],"tiered_pricing_product_settings":{"layout":"default","base_unit_name":{"singular":null,"plural":null},"default_variation":null},"tiered_pricing_minimum_quantity":null,"tiered_pricing_roles_data":[],"tiered_pricing_percentage_rules":[],"_links":{"self":[{"href":"https:\/\/haypee.com\/sv\/wp-json\/wp\/v2\/product\/8389","targetHints":{"allow":["GET"]}}],"collection":[{"href":"https:\/\/haypee.com\/sv\/wp-json\/wp\/v2\/product"}],"about":[{"href":"https:\/\/haypee.com\/sv\/wp-json\/wp\/v2\/types\/product"}],"replies":[{"embeddable":true,"href":"https:\/\/haypee.com\/sv\/wp-json\/wp\/v2\/comments?post=8389"}],"wp:featuredmedia":[{"embeddable":true,"href":"https:\/\/haypee.com\/sv\/wp-json\/wp\/v2\/media\/8414"}],"wp:attachment":[{"href":"https:\/\/haypee.com\/sv\/wp-json\/wp\/v2\/media?parent=8389"}],"wp:term":[{"taxonomy":"product_brand","embeddable":true,"href":"https:\/\/haypee.com\/sv\/wp-json\/wp\/v2\/product_brand?post=8389"},{"taxonomy":"product_cat","embeddable":true,"href":"https:\/\/haypee.com\/sv\/wp-json\/wp\/v2\/product_cat?post=8389"},{"taxonomy":"product_tag","embeddable":true,"href":"https:\/\/haypee.com\/sv\/wp-json\/wp\/v2\/product_tag?post=8389"}],"curies":[{"name":"wp","href":"https:\/\/api.w.org\/{rel}","templated":true}]}}